{"id":1556,"date":"2022-04-27T07:29:51","date_gmt":"2022-04-27T07:29:51","guid":{"rendered":"https:\/\/hrex.aloldal.xyz\/?page_id=1556"},"modified":"2022-06-15T09:41:47","modified_gmt":"2022-06-15T09:41:47","slug":"munkaero-kozvetites","status":"publish","type":"page","link":"https:\/\/hrexpresskft.hu\/en\/munkaero-kozvetites\/","title":{"rendered":"Personnel placement"},"content":{"rendered":"<h2 style=\"text-align: justify;\"><strong>What is personnel placement?<br \/>\n<\/strong><\/h2>\n<p style=\"text-align: justify;\">Personnel placement is a service. A lot of people confuse this with the concept of <strong>temporary employment agency work<\/strong> , but the two are not the same. Absolutely not!<br \/>\nLet us first clarify the differences. During the placement process, the personnel placement agency recruits the required workforce, selects the right candidate and reports to the client.<br \/>\nPersonnel placement is a multi-level service whose role is to connect jobseekers and employers. Of course, this will be done in a way that benefits both parties as far as possible.<br \/>\nPersonnel placement as a service is regulated by a government decree. Only those who meet the conditions laid down in the decree may pursue this activity.<br \/>\nAnd then, following on from the above, let us discuss the comment that personnel placement is not equal to temporary employment. But what is the difference? We show you.<br \/>\nAs described earlier, in the case of personnel placement, the agency acts as a third party between the individual jobseeker and the company offering the job. Once the two parties have agreed, the process is complete (unless our HR consultancy is used) and there is no further role for the agency. So in the course of personnel placement\u2014and let\u2019s repeat a little bit\u2014recruitment and selection will take place. In very simple terms, the service aims to facilitate a beneficial working relationship between the two parties.<\/p>\n<h2 style=\"text-align: justify;\"><strong>How is personnel placement performed?<br \/>\n<\/strong><\/h2>\n<p style=\"text-align: justify;\">Perhaps one of the most important elements from the client\u2019s point of view is that the personnel placement agency is able to effectively complement the work of the HR department which is usually understaffed. Why?<\/p>\n<p style=\"text-align: justify;\">Because the client will only<\/p>\n<ul style=\"text-align: justify;\">\n<li><em>specify what they need, and we will recruit and pre-screen the people who are interested,<\/em><\/li>\n<li><em>and we will only refer potential candidates whose suitability we guarantee.<\/em><\/li>\n<\/ul>\n<p style=\"text-align: justify;\">We also offer our clients the possibility to use our HR consultancy services in addition to hiring manpower. This provides an opportunity to optimise labour processes. You can find more information about this option on our <strong>HR consultancy<\/strong> page.<\/p>\n<p style=\"text-align: justify;\">Here are some of the steps and processes involved in our service.<\/p>\n<ul style=\"text-align: justify;\">\n<li><em>the process starts by assessing the client\u2019s needs,<\/em><\/li>\n<li><em>we then develop a search and selection strategy,<\/em><\/li>\n<li><em>after the strategy we prepare the job advertising campaign,<\/em><\/li>\n<li><em>we find the right candidates, using a variety of techniques,<\/em><\/li>\n<li><em>this is followed by a pre-screening of the shortlist of suitable candidates, then by the interviews,<\/em><\/li>\n<li><em>we then prepare a detailed report on the candidates we consider suitable and we also take part in the decision-making process<\/em><\/li>\n<li><em>of course, we will inform both the shortlisted and the excluded candidates of the decision,<\/em><\/li>\n<li><em>we facilitate the onboarding of the selected candidate and monitor their probationary period,<\/em><\/li>\n<li><em>finally, if the client requires it, we also provide HR consultancy.<\/em><\/li>\n<\/ul>\n<h2 style=\"text-align: justify;\"><strong>For which positions are our services used and why are we chosen?<\/strong><\/h2>\n<p style=\"text-align: justify;\">It\u2019s not really possible to single out any one position, as we receive assignments for practically every position where there is a vacancy should it be student work, intellectual or physical labour needs. But we also have clients who come to us for executive search or foreign labour placement. So we are able to cover the entire labour market, regardless of position or qualification.<br \/>\nWe can do this because we are fast and flexible. And as we mentioned earlier, one of our big advantages is that we can complement our service with HR consultancy, which can speed up the process significantly.<\/p>","protected":false},"excerpt":{"rendered":"<p>Mit takar a munkaer\u0151 k\u00f6zvet\u00edt\u00e9s? A munkaer\u0151 k\u00f6zvet\u00edt\u00e9s egy szolg\u00e1ltat\u00e1s. Nagyon sokan \u00f6sszekeverik a munkaer\u0151 k\u00f6lcs\u00f6nz\u00e9s fogalm\u00e1val, pedig a kett\u0151 nem ugyanaz. S\u0151t! Tiszt\u00e1zzuk el\u0151sz\u00f6r a<span class=\"excerpt-hellip\"> [\u2026]<\/span><\/p>","protected":false},"author":1,"featured_media":0,"parent":0,"menu_order":0,"comment_status":"closed","ping_status":"closed","template":"","meta":[],"yoast_head":"<!-- This site is optimized with the Yoast SEO plugin v19.1 - https:\/\/yoast.com\/wordpress\/plugins\/seo\/ -->\n<title>Munkaer\u0151 k\u00f6zvet\u00edt\u00e9s - HR Express Kft.<\/title>\n<meta name=\"description\" content=\"A munkaer\u0151 k\u00f6zvet\u00edt\u00e9s m\u00e1st jelent, mint munkaer\u0151 k\u00f6lcs\u00f6nz\u00e9s. Ebben az esetben a k\u00f6zvet\u00edt\u0151 c\u00e9g feladata a megfelel\u0151 jel\u00f6lt megkeres\u00e9se, kiv\u00e1laszt\u00e1sa.\" \/>\n<meta name=\"robots\" content=\"index, follow, max-snippet:-1, max-image-preview:large, max-video-preview:-1\" \/>\n<link rel=\"canonical\" href=\"https:\/\/hrexpresskft.hu\/en\/munkaero-kozvetites\/\" \/>\n<meta property=\"og:locale\" content=\"en_GB\" \/>\n<meta property=\"og:type\" content=\"article\" \/>\n<meta property=\"og:title\" content=\"Munkaer\u0151 k\u00f6zvet\u00edt\u00e9s - HR Express Kft.\" \/>\n<meta property=\"og:description\" content=\"A munkaer\u0151 k\u00f6zvet\u00edt\u00e9s m\u00e1st jelent, mint munkaer\u0151 k\u00f6lcs\u00f6nz\u00e9s. Ebben az esetben a k\u00f6zvet\u00edt\u0151 c\u00e9g feladata a megfelel\u0151 jel\u00f6lt megkeres\u00e9se, kiv\u00e1laszt\u00e1sa.\" \/>\n<meta property=\"og:url\" content=\"https:\/\/hrexpresskft.hu\/en\/munkaero-kozvetites\/\" \/>\n<meta property=\"og:site_name\" content=\"HR Express Kft.\" \/>\n<meta property=\"article:modified_time\" content=\"2022-06-15T09:41:47+00:00\" \/>\n<meta name=\"twitter:card\" content=\"summary_large_image\" \/>\n<meta name=\"twitter:label1\" content=\"Estimated reading time\" \/>\n\t<meta name=\"twitter:data1\" content=\"4 minutes\" \/>\n<script type=\"application\/ld+json\" class=\"yoast-schema-graph\">{\"@context\":\"https:\/\/schema.org\",\"@graph\":[{\"@type\":\"Organization\",\"@id\":\"https:\/\/hrexpresskft.hu\/#organization\",\"name\":\"HR EXPRESS KFT.\",\"url\":\"https:\/\/hrexpresskft.hu\/\",\"sameAs\":[],\"logo\":{\"@type\":\"ImageObject\",\"inLanguage\":\"en-GB\",\"@id\":\"https:\/\/hrexpresskft.hu\/#\/schema\/logo\/image\/\",\"url\":\"https:\/\/hrexpresskft.hu\/wp-content\/uploads\/2022\/03\/hr-express-logo-szines.png\",\"contentUrl\":\"https:\/\/hrexpresskft.hu\/wp-content\/uploads\/2022\/03\/hr-express-logo-szines.png\",\"width\":340,\"height\":180,\"caption\":\"HR EXPRESS KFT.\"},\"image\":{\"@id\":\"https:\/\/hrexpresskft.hu\/#\/schema\/logo\/image\/\"}},{\"@type\":\"WebSite\",\"@id\":\"https:\/\/hrexpresskft.hu\/#website\",\"url\":\"https:\/\/hrexpresskft.hu\/\",\"name\":\"HR Express Kft.\",\"description\":\"munkaer\u0151 k\u00f6zvet\u00edt\u00e9s, munkaer\u0151 k\u00f6lcs\u00f6nz\u00e9s, HR tan\u00e1csad\u00e1s, fejvad\u00e1szat, outsourcing, ukr\u00e1n munkaer\u0151, munkaer\u0151 k\u00f6zvet\u00edt\u0151\",\"publisher\":{\"@id\":\"https:\/\/hrexpresskft.hu\/#organization\"},\"potentialAction\":[{\"@type\":\"SearchAction\",\"target\":{\"@type\":\"EntryPoint\",\"urlTemplate\":\"https:\/\/hrexpresskft.hu\/?s={search_term_string}\"},\"query-input\":\"required name=search_term_string\"}],\"inLanguage\":\"en-GB\"},{\"@type\":\"WebPage\",\"@id\":\"https:\/\/hrexpresskft.hu\/munkaero-kozvetites\/#webpage\",\"url\":\"https:\/\/hrexpresskft.hu\/munkaero-kozvetites\/\",\"name\":\"Munkaer\u0151 k\u00f6zvet\u00edt\u00e9s - HR Express Kft.\",\"isPartOf\":{\"@id\":\"https:\/\/hrexpresskft.hu\/#website\"},\"datePublished\":\"2022-04-27T07:29:51+00:00\",\"dateModified\":\"2022-06-15T09:41:47+00:00\",\"description\":\"A munkaer\u0151 k\u00f6zvet\u00edt\u00e9s m\u00e1st jelent, mint munkaer\u0151 k\u00f6lcs\u00f6nz\u00e9s. Ebben az esetben a k\u00f6zvet\u00edt\u0151 c\u00e9g feladata a megfelel\u0151 jel\u00f6lt megkeres\u00e9se, kiv\u00e1laszt\u00e1sa.\",\"breadcrumb\":{\"@id\":\"https:\/\/hrexpresskft.hu\/munkaero-kozvetites\/#breadcrumb\"},\"inLanguage\":\"en-GB\",\"potentialAction\":[{\"@type\":\"ReadAction\",\"target\":[\"https:\/\/hrexpresskft.hu\/munkaero-kozvetites\/\"]}]},{\"@type\":\"BreadcrumbList\",\"@id\":\"https:\/\/hrexpresskft.hu\/munkaero-kozvetites\/#breadcrumb\",\"itemListElement\":[{\"@type\":\"ListItem\",\"position\":1,\"name\":\"Kezd\u0151lap\",\"item\":\"https:\/\/hrexpresskft.hu\/\"},{\"@type\":\"ListItem\",\"position\":2,\"name\":\"Munkaer\u0151 k\u00f6zvet\u00edt\u00e9s\"}]}]}<\/script>\n<!-- \/ Yoast SEO plugin. -->","yoast_head_json":{"title":"Munkaer\u0151 k\u00f6zvet\u00edt\u00e9s - HR Express Kft.","description":"A munkaer\u0151 k\u00f6zvet\u00edt\u00e9s m\u00e1st jelent, mint munkaer\u0151 k\u00f6lcs\u00f6nz\u00e9s. Ebben az esetben a k\u00f6zvet\u00edt\u0151 c\u00e9g feladata a megfelel\u0151 jel\u00f6lt megkeres\u00e9se, kiv\u00e1laszt\u00e1sa.","robots":{"index":"index","follow":"follow","max-snippet":"max-snippet:-1","max-image-preview":"max-image-preview:large","max-video-preview":"max-video-preview:-1"},"canonical":"https:\/\/hrexpresskft.hu\/en\/munkaero-kozvetites\/","og_locale":"en_GB","og_type":"article","og_title":"Munkaer\u0151 k\u00f6zvet\u00edt\u00e9s - HR Express Kft.","og_description":"A munkaer\u0151 k\u00f6zvet\u00edt\u00e9s m\u00e1st jelent, mint munkaer\u0151 k\u00f6lcs\u00f6nz\u00e9s. Ebben az esetben a k\u00f6zvet\u00edt\u0151 c\u00e9g feladata a megfelel\u0151 jel\u00f6lt megkeres\u00e9se, kiv\u00e1laszt\u00e1sa.","og_url":"https:\/\/hrexpresskft.hu\/en\/munkaero-kozvetites\/","og_site_name":"HR Express Kft.","article_modified_time":"2022-06-15T09:41:47+00:00","twitter_card":"summary_large_image","twitter_misc":{"Estimated reading time":"4 minutes"},"schema":{"@context":"https:\/\/schema.org","@graph":[{"@type":"Organization","@id":"https:\/\/hrexpresskft.hu\/#organization","name":"HR EXPRESS KFT.","url":"https:\/\/hrexpresskft.hu\/","sameAs":[],"logo":{"@type":"ImageObject","inLanguage":"en-GB","@id":"https:\/\/hrexpresskft.hu\/#\/schema\/logo\/image\/","url":"https:\/\/hrexpresskft.hu\/wp-content\/uploads\/2022\/03\/hr-express-logo-szines.png","contentUrl":"https:\/\/hrexpresskft.hu\/wp-content\/uploads\/2022\/03\/hr-express-logo-szines.png","width":340,"height":180,"caption":"HR EXPRESS KFT."},"image":{"@id":"https:\/\/hrexpresskft.hu\/#\/schema\/logo\/image\/"}},{"@type":"WebSite","@id":"https:\/\/hrexpresskft.hu\/#website","url":"https:\/\/hrexpresskft.hu\/","name":"HR Express Kft.","description":"munkaer\u0151 k\u00f6zvet\u00edt\u00e9s, munkaer\u0151 k\u00f6lcs\u00f6nz\u00e9s, HR tan\u00e1csad\u00e1s, fejvad\u00e1szat, outsourcing, ukr\u00e1n munkaer\u0151, munkaer\u0151 k\u00f6zvet\u00edt\u0151","publisher":{"@id":"https:\/\/hrexpresskft.hu\/#organization"},"potentialAction":[{"@type":"SearchAction","target":{"@type":"EntryPoint","urlTemplate":"https:\/\/hrexpresskft.hu\/?s={search_term_string}"},"query-input":"required name=search_term_string"}],"inLanguage":"en-GB"},{"@type":"WebPage","@id":"https:\/\/hrexpresskft.hu\/munkaero-kozvetites\/#webpage","url":"https:\/\/hrexpresskft.hu\/munkaero-kozvetites\/","name":"Munkaer\u0151 k\u00f6zvet\u00edt\u00e9s - HR Express Kft.","isPartOf":{"@id":"https:\/\/hrexpresskft.hu\/#website"},"datePublished":"2022-04-27T07:29:51+00:00","dateModified":"2022-06-15T09:41:47+00:00","description":"A munkaer\u0151 k\u00f6zvet\u00edt\u00e9s m\u00e1st jelent, mint munkaer\u0151 k\u00f6lcs\u00f6nz\u00e9s. Ebben az esetben a k\u00f6zvet\u00edt\u0151 c\u00e9g feladata a megfelel\u0151 jel\u00f6lt megkeres\u00e9se, kiv\u00e1laszt\u00e1sa.","breadcrumb":{"@id":"https:\/\/hrexpresskft.hu\/munkaero-kozvetites\/#breadcrumb"},"inLanguage":"en-GB","potentialAction":[{"@type":"ReadAction","target":["https:\/\/hrexpresskft.hu\/munkaero-kozvetites\/"]}]},{"@type":"BreadcrumbList","@id":"https:\/\/hrexpresskft.hu\/munkaero-kozvetites\/#breadcrumb","itemListElement":[{"@type":"ListItem","position":1,"name":"Kezd\u0151lap","item":"https:\/\/hrexpresskft.hu\/"},{"@type":"ListItem","position":2,"name":"Munkaer\u0151 k\u00f6zvet\u00edt\u00e9s"}]}]}},"_links":{"self":[{"href":"https:\/\/hrexpresskft.hu\/en\/wp-json\/wp\/v2\/pages\/1556"}],"collection":[{"href":"https:\/\/hrexpresskft.hu\/en\/wp-json\/wp\/v2\/pages"}],"about":[{"href":"https:\/\/hrexpresskft.hu\/en\/wp-json\/wp\/v2\/types\/page"}],"author":[{"embeddable":true,"href":"https:\/\/hrexpresskft.hu\/en\/wp-json\/wp\/v2\/users\/1"}],"replies":[{"embeddable":true,"href":"https:\/\/hrexpresskft.hu\/en\/wp-json\/wp\/v2\/comments?post=1556"}],"version-history":[{"count":3,"href":"https:\/\/hrexpresskft.hu\/en\/wp-json\/wp\/v2\/pages\/1556\/revisions"}],"predecessor-version":[{"id":1563,"href":"https:\/\/hrexpresskft.hu\/en\/wp-json\/wp\/v2\/pages\/1556\/revisions\/1563"}],"wp:attachment":[{"href":"https:\/\/hrexpresskft.hu\/en\/wp-json\/wp\/v2\/media?parent=1556"}],"curies":[{"name":"wp","href":"https:\/\/api.w.org\/{rel}","templated":true}]}}