{"id":1523,"date":"2022-03-03T22:05:25","date_gmt":"2022-03-03T22:05:25","guid":{"rendered":"https:\/\/hrex.aloldal.xyz\/?page_id=1523"},"modified":"2022-09-21T08:56:19","modified_gmt":"2022-09-21T08:56:19","slug":"rolunk","status":"publish","type":"page","link":"https:\/\/hrexpresskft.hu\/en\/rolunk\/","title":{"rendered":"About us"},"content":{"rendered":"<p style=\"text-align: justify;\">HR Express Kft has been operating since 2011 and has been active in the field of human resources since 2017, as a temporary employment and personnel placement agency for both physical and intellectual labour. The company\u2019s headquarters and office are located in the city of Oroszl\u00e1ny; currently our clients are production companies in Kom\u00e1rom-Esztergom, Pest and J\u00e1sz-Nagykun-Szolnok counties, but taking advantage of the benefits of digitalization, we can offer our excellent organizational skills to clients all over the country. Our managing director has 20 years of experience in our field of activity, having previously led temporary employment agencies as co-owner and partner. The current team of 7 people are experts in different areas of the operation of the human resources sector. Our leader has assembled a team from the areas of temporary employment and placement of personnel as well as corporate and government HR. We have extensive experience in finding and employing third-country workers and their administration with the authorities.<\/p>\n<p><img loading=\"lazy\" class=\"size-full wp-image-1527 aligncenter\" src=\"https:\/\/hrexpresskft.hu\/wp-content\/uploads\/2022\/03\/wk.jpeg\" alt=\"\" width=\"800\" height=\"400\" srcset=\"https:\/\/hrexpresskft.hu\/wp-content\/uploads\/2022\/03\/wk.jpeg 800w, https:\/\/hrexpresskft.hu\/wp-content\/uploads\/2022\/03\/wk-300x150.jpeg 300w, https:\/\/hrexpresskft.hu\/wp-content\/uploads\/2022\/03\/wk-768x384.jpeg 768w, https:\/\/hrexpresskft.hu\/wp-content\/uploads\/2022\/03\/wk-260x130.jpeg 260w, https:\/\/hrexpresskft.hu\/wp-content\/uploads\/2022\/03\/wk-50x25.jpeg 50w, https:\/\/hrexpresskft.hu\/wp-content\/uploads\/2022\/03\/wk-150x75.jpeg 150w\" sizes=\"(max-width: 800px) 100vw, 800px\" \/><\/p>\n<h3 style=\"text-align: center;\">Why is it good to hire manpower?<\/h3>\n<div class=\"column one-second mobile-one\"><div class=\"mcb-column-inner\"><\/p>\n<ul>\n<li>You get \u201cready-made\u201d colleagues<\/li>\n<li>we take care of advertising and recruitment<\/li>\n<li>all applicants will be informed after the decision<\/li>\n<li>successful applicants will be informed of the start date<\/li>\n<\/ul>\n<p><\/div><\/div>\n\n<div class=\"column one-second mobile-one\"><div class=\"mcb-column-inner\"><\/p>\n<ul>\n<li>we have a medical examination for fitness for work done<\/li>\n<li>we conclude the employment contract and prepare the declarations<\/li>\n<li>We keep records and comply with data reporting obligations<\/li>\n<li>we provide personal protective equipment as required<\/li>\n<\/ul>\n<p><\/div><\/div>\n\n<p>&nbsp;<\/p>\n<h3 style=\"text-align: center;\">We, being the employer, will carry out the following tasks for you:<\/h3>\n<ul>\n<li>If you take on a member of our staff, you have the opportunity to get to know them first<\/li>\n<li>We take care of the payroll<\/li>\n<li>We take care of the social security administration (sick pay, child-nursing sick-pay, infant-care benefit, child-care benefit etc.)<\/li>\n<li>We take care of the registration and deregistration of employees with the National Tax and Customs Administration and submitting tax returns<\/li>\n<li>We handle the attachments of salary<\/li>\n<li>We prepare and issue certificates<\/li>\n<li>We keep records and comply with data reporting obligations<\/li>\n<li>In case of illness, we monitor the recovery<\/li>\n<li>If needed, we provide our colleagues with a salary advance<\/li>\n<li>We also carry out the termination of employment contracts<\/li>\n<li>We ensure flexibility in terms of staff numbers<\/li>\n<li>In urgent cases, we can help you solve your needs any time, 24 hours a day<\/li>\n<\/ul>\n<p>&nbsp;<\/p>\n<p>All you have to do is let us know what kind of staff member(s) you need and we will do the rest. We do everything in our power to ensure your and our jobseekers\u2019 maximum satisfaction. We will not disappoint you.<\/p>","protected":false},"excerpt":{"rendered":"<p>A HR Express Kft. 2011 \u00f3ta m\u0171k\u00f6dik mely 2017 \u00f3ta a hum\u00e1n er\u0151forr\u00e1s ter\u00fclet\u00e9n, mint munkaer\u0151- k\u00f6lcs\u00f6nz\u0151k\u00e9nt \u00e9s k\u00f6zvet\u00edt\u0151k\u00e9nt tev\u00e9kenykedik, fizikai \u00e9s szellemi munkaer\u0151t egyar\u00e1nt. A<span class=\"excerpt-hellip\"> [\u2026]<\/span><\/p>","protected":false},"author":1,"featured_media":0,"parent":0,"menu_order":0,"comment_status":"closed","ping_status":"closed","template":"","meta":[],"yoast_head":"<!-- This site is optimized with the Yoast SEO plugin v19.1 - https:\/\/yoast.com\/wordpress\/plugins\/seo\/ -->\n<title>R\u00f3lunk - HR Express Kft.<\/title>\n<meta name=\"robots\" content=\"index, follow, max-snippet:-1, max-image-preview:large, max-video-preview:-1\" \/>\n<link rel=\"canonical\" href=\"https:\/\/hrexpresskft.hu\/en\/rolunk\/\" \/>\n<meta property=\"og:locale\" content=\"en_GB\" \/>\n<meta property=\"og:type\" content=\"article\" \/>\n<meta property=\"og:title\" content=\"R\u00f3lunk - HR Express Kft.\" \/>\n<meta property=\"og:description\" content=\"A HR Express Kft. 2011 \u00f3ta m\u0171k\u00f6dik mely 2017 \u00f3ta a hum\u00e1n er\u0151forr\u00e1s ter\u00fclet\u00e9n, mint munkaer\u0151- k\u00f6lcs\u00f6nz\u0151k\u00e9nt \u00e9s k\u00f6zvet\u00edt\u0151k\u00e9nt tev\u00e9kenykedik, fizikai \u00e9s szellemi munkaer\u0151t egyar\u00e1nt. A [\u2026]\" \/>\n<meta property=\"og:url\" content=\"https:\/\/hrexpresskft.hu\/en\/rolunk\/\" \/>\n<meta property=\"og:site_name\" content=\"HR Express Kft.\" \/>\n<meta property=\"article:modified_time\" content=\"2022-09-21T08:56:19+00:00\" \/>\n<meta property=\"og:image\" content=\"https:\/\/hrexpresskft.hu\/wp-content\/uploads\/2022\/03\/wk.jpeg\" \/>\n<meta name=\"twitter:card\" content=\"summary_large_image\" \/>\n<meta name=\"twitter:label1\" content=\"Estimated reading time\" \/>\n\t<meta name=\"twitter:data1\" content=\"2 minutes\" \/>\n<script type=\"application\/ld+json\" class=\"yoast-schema-graph\">{\"@context\":\"https:\/\/schema.org\",\"@graph\":[{\"@type\":\"Organization\",\"@id\":\"https:\/\/hrexpresskft.hu\/#organization\",\"name\":\"HR EXPRESS KFT.\",\"url\":\"https:\/\/hrexpresskft.hu\/\",\"sameAs\":[],\"logo\":{\"@type\":\"ImageObject\",\"inLanguage\":\"en-GB\",\"@id\":\"https:\/\/hrexpresskft.hu\/#\/schema\/logo\/image\/\",\"url\":\"https:\/\/hrexpresskft.hu\/wp-content\/uploads\/2022\/03\/hr-express-logo-szines.png\",\"contentUrl\":\"https:\/\/hrexpresskft.hu\/wp-content\/uploads\/2022\/03\/hr-express-logo-szines.png\",\"width\":340,\"height\":180,\"caption\":\"HR EXPRESS KFT.\"},\"image\":{\"@id\":\"https:\/\/hrexpresskft.hu\/#\/schema\/logo\/image\/\"}},{\"@type\":\"WebSite\",\"@id\":\"https:\/\/hrexpresskft.hu\/#website\",\"url\":\"https:\/\/hrexpresskft.hu\/\",\"name\":\"HR Express Kft.\",\"description\":\"munkaer\u0151 k\u00f6zvet\u00edt\u00e9s, munkaer\u0151 k\u00f6lcs\u00f6nz\u00e9s, HR tan\u00e1csad\u00e1s, fejvad\u00e1szat, outsourcing, ukr\u00e1n munkaer\u0151, munkaer\u0151 k\u00f6zvet\u00edt\u0151\",\"publisher\":{\"@id\":\"https:\/\/hrexpresskft.hu\/#organization\"},\"potentialAction\":[{\"@type\":\"SearchAction\",\"target\":{\"@type\":\"EntryPoint\",\"urlTemplate\":\"https:\/\/hrexpresskft.hu\/?s={search_term_string}\"},\"query-input\":\"required name=search_term_string\"}],\"inLanguage\":\"en-GB\"},{\"@type\":\"ImageObject\",\"inLanguage\":\"en-GB\",\"@id\":\"https:\/\/hrexpresskft.hu\/rolunk\/#primaryimage\",\"url\":\"https:\/\/hrexpresskft.hu\/wp-content\/uploads\/2022\/03\/wk.jpeg\",\"contentUrl\":\"https:\/\/hrexpresskft.hu\/wp-content\/uploads\/2022\/03\/wk.jpeg\",\"width\":800,\"height\":400},{\"@type\":\"WebPage\",\"@id\":\"https:\/\/hrexpresskft.hu\/rolunk\/#webpage\",\"url\":\"https:\/\/hrexpresskft.hu\/rolunk\/\",\"name\":\"R\u00f3lunk - HR Express Kft.\",\"isPartOf\":{\"@id\":\"https:\/\/hrexpresskft.hu\/#website\"},\"primaryImageOfPage\":{\"@id\":\"https:\/\/hrexpresskft.hu\/rolunk\/#primaryimage\"},\"datePublished\":\"2022-03-03T22:05:25+00:00\",\"dateModified\":\"2022-09-21T08:56:19+00:00\",\"breadcrumb\":{\"@id\":\"https:\/\/hrexpresskft.hu\/rolunk\/#breadcrumb\"},\"inLanguage\":\"en-GB\",\"potentialAction\":[{\"@type\":\"ReadAction\",\"target\":[\"https:\/\/hrexpresskft.hu\/rolunk\/\"]}]},{\"@type\":\"BreadcrumbList\",\"@id\":\"https:\/\/hrexpresskft.hu\/rolunk\/#breadcrumb\",\"itemListElement\":[{\"@type\":\"ListItem\",\"position\":1,\"name\":\"Kezd\u0151lap\",\"item\":\"https:\/\/hrexpresskft.hu\/\"},{\"@type\":\"ListItem\",\"position\":2,\"name\":\"R\u00f3lunk\"}]}]}<\/script>\n<!-- \/ Yoast SEO plugin. -->","yoast_head_json":{"title":"R\u00f3lunk - HR Express Kft.","robots":{"index":"index","follow":"follow","max-snippet":"max-snippet:-1","max-image-preview":"max-image-preview:large","max-video-preview":"max-video-preview:-1"},"canonical":"https:\/\/hrexpresskft.hu\/en\/rolunk\/","og_locale":"en_GB","og_type":"article","og_title":"R\u00f3lunk - HR Express Kft.","og_description":"A HR Express Kft. 2011 \u00f3ta m\u0171k\u00f6dik mely 2017 \u00f3ta a hum\u00e1n er\u0151forr\u00e1s ter\u00fclet\u00e9n, mint munkaer\u0151- k\u00f6lcs\u00f6nz\u0151k\u00e9nt \u00e9s k\u00f6zvet\u00edt\u0151k\u00e9nt tev\u00e9kenykedik, fizikai \u00e9s szellemi munkaer\u0151t egyar\u00e1nt. A [\u2026]","og_url":"https:\/\/hrexpresskft.hu\/en\/rolunk\/","og_site_name":"HR Express Kft.","article_modified_time":"2022-09-21T08:56:19+00:00","og_image":[{"url":"https:\/\/hrexpresskft.hu\/wp-content\/uploads\/2022\/03\/wk.jpeg"}],"twitter_card":"summary_large_image","twitter_misc":{"Estimated reading time":"2 minutes"},"schema":{"@context":"https:\/\/schema.org","@graph":[{"@type":"Organization","@id":"https:\/\/hrexpresskft.hu\/#organization","name":"HR EXPRESS KFT.","url":"https:\/\/hrexpresskft.hu\/","sameAs":[],"logo":{"@type":"ImageObject","inLanguage":"en-GB","@id":"https:\/\/hrexpresskft.hu\/#\/schema\/logo\/image\/","url":"https:\/\/hrexpresskft.hu\/wp-content\/uploads\/2022\/03\/hr-express-logo-szines.png","contentUrl":"https:\/\/hrexpresskft.hu\/wp-content\/uploads\/2022\/03\/hr-express-logo-szines.png","width":340,"height":180,"caption":"HR EXPRESS KFT."},"image":{"@id":"https:\/\/hrexpresskft.hu\/#\/schema\/logo\/image\/"}},{"@type":"WebSite","@id":"https:\/\/hrexpresskft.hu\/#website","url":"https:\/\/hrexpresskft.hu\/","name":"HR Express Kft.","description":"munkaer\u0151 k\u00f6zvet\u00edt\u00e9s, munkaer\u0151 k\u00f6lcs\u00f6nz\u00e9s, HR tan\u00e1csad\u00e1s, fejvad\u00e1szat, outsourcing, ukr\u00e1n munkaer\u0151, munkaer\u0151 k\u00f6zvet\u00edt\u0151","publisher":{"@id":"https:\/\/hrexpresskft.hu\/#organization"},"potentialAction":[{"@type":"SearchAction","target":{"@type":"EntryPoint","urlTemplate":"https:\/\/hrexpresskft.hu\/?s={search_term_string}"},"query-input":"required name=search_term_string"}],"inLanguage":"en-GB"},{"@type":"ImageObject","inLanguage":"en-GB","@id":"https:\/\/hrexpresskft.hu\/rolunk\/#primaryimage","url":"https:\/\/hrexpresskft.hu\/wp-content\/uploads\/2022\/03\/wk.jpeg","contentUrl":"https:\/\/hrexpresskft.hu\/wp-content\/uploads\/2022\/03\/wk.jpeg","width":800,"height":400},{"@type":"WebPage","@id":"https:\/\/hrexpresskft.hu\/rolunk\/#webpage","url":"https:\/\/hrexpresskft.hu\/rolunk\/","name":"R\u00f3lunk - HR Express Kft.","isPartOf":{"@id":"https:\/\/hrexpresskft.hu\/#website"},"primaryImageOfPage":{"@id":"https:\/\/hrexpresskft.hu\/rolunk\/#primaryimage"},"datePublished":"2022-03-03T22:05:25+00:00","dateModified":"2022-09-21T08:56:19+00:00","breadcrumb":{"@id":"https:\/\/hrexpresskft.hu\/rolunk\/#breadcrumb"},"inLanguage":"en-GB","potentialAction":[{"@type":"ReadAction","target":["https:\/\/hrexpresskft.hu\/rolunk\/"]}]},{"@type":"BreadcrumbList","@id":"https:\/\/hrexpresskft.hu\/rolunk\/#breadcrumb","itemListElement":[{"@type":"ListItem","position":1,"name":"Kezd\u0151lap","item":"https:\/\/hrexpresskft.hu\/"},{"@type":"ListItem","position":2,"name":"R\u00f3lunk"}]}]}},"_links":{"self":[{"href":"https:\/\/hrexpresskft.hu\/en\/wp-json\/wp\/v2\/pages\/1523"}],"collection":[{"href":"https:\/\/hrexpresskft.hu\/en\/wp-json\/wp\/v2\/pages"}],"about":[{"href":"https:\/\/hrexpresskft.hu\/en\/wp-json\/wp\/v2\/types\/page"}],"author":[{"embeddable":true,"href":"https:\/\/hrexpresskft.hu\/en\/wp-json\/wp\/v2\/users\/1"}],"replies":[{"embeddable":true,"href":"https:\/\/hrexpresskft.hu\/en\/wp-json\/wp\/v2\/comments?post=1523"}],"version-history":[{"count":9,"href":"https:\/\/hrexpresskft.hu\/en\/wp-json\/wp\/v2\/pages\/1523\/revisions"}],"predecessor-version":[{"id":1589,"href":"https:\/\/hrexpresskft.hu\/en\/wp-json\/wp\/v2\/pages\/1523\/revisions\/1589"}],"wp:attachment":[{"href":"https:\/\/hrexpresskft.hu\/en\/wp-json\/wp\/v2\/media?parent=1523"}],"curies":[{"name":"wp","href":"https:\/\/api.w.org\/{rel}","templated":true}]}}