{"id":1518,"date":"2022-03-03T21:59:28","date_gmt":"2022-03-03T21:59:28","guid":{"rendered":"https:\/\/hrex.aloldal.xyz\/?page_id=1518"},"modified":"2022-06-15T09:42:55","modified_gmt":"2022-06-15T09:42:55","slug":"outsourcing","status":"publish","type":"page","link":"https:\/\/hrexpresskft.hu\/en\/outsourcing\/","title":{"rendered":"Outsourcing"},"content":{"rendered":"<h2 style=\"text-align: justify;\"><strong>What is outsourcing?<br \/>\n<\/strong><\/h2>\n<p style=\"text-align: justify;\">There are situations when a company\u2019s due diligence process reveals that some of its activities either do not fit the company\u2019s profile or are too costly for them. In such cases, these activities, and sometimes the workforce carrying them out, are outsourced to an external company. This is called outsourcing.<br \/>\nThe point of outsourcing is that by outsourcing, the company benefits in many ways. On the one hand, because you get a better quality of service that can be properly controlled, and, on the other hand, it makes your operations more cost-effective. Your operations will be more efficient because you can focus more on your core activities.<br \/>\nHowever, when defining the scope of services to be outsourced, it is important to consider whether outsourcing involves any risk for the company.<br \/>\nFor a better understanding, perhaps the best example is the case of a small business that does car polishing. It also has a legal obligation to keep accounts. This is not its main activity, so it hires an accountant under a contractor\u2019s agreement to do this job. This simple example is outsourcing, too. In short, this is the outsourcing of a task.<\/p>\n<h2 style=\"text-align: justify;\"><strong>Outsourcing and good organisational work<br \/>\n<\/strong><\/h2>\n<p style=\"text-align: justify;\">Many businesses are afraid to outsource various tasks. You have probably heard that this is very risky, as it is possible that the external company you hire does the job, but not well. Unfortunately, this is also a risk in the case of an employee, but with the help of the right outsourcing company, this kind of risk can be reduced to naught.<br \/>\nIf we examine work organisation, for example, in detail, the following benefits are worth highlighting. It is our own experience, because that is how it works for us.<br \/>\nSo, on the one hand, with our outsourcing service, we adapt our own processes and we see them through. Based on this, we will make a recommendation to the client as to how they can increase efficiency by simply performing organisational work, which not only makes the outsourcing of one area more stable and secure, but also reduces the associated extra administration of other areas.<br \/>\nOn the other hand, staying with the accountant\u2019s example, in the case of a larger company, it can be a major problem if the colleague whose job it is to prepare payroll or tax returns is absent. If we are responsible for this task, this cannot happen, because we have the personnel to substitute and we can provide the service continuously.<br \/>\nAs an outsourcing service provider, we not only provide the manpower, but we also contract for the ongoing performance of the task.<\/p>\n<h2 style=\"text-align: justify;\"><strong>Cost reduction in infrastructure<\/strong><\/h2>\n<p style=\"text-align: justify;\">The cost of in-house staff has already been mentioned, but savings can be made not only in this area, but also in the office overheads of the area to be outsourced. And that is not even one of the biggest items. In the case of outsourcing, the costs of purchasing and maintaining the accounting or payroll software are no longer borne by the company.<\/p>\n<h2 style=\"text-align: justify;\"><strong>With us you can also outsource your entire HR administration.<\/strong><\/h2>\n<p style=\"text-align: justify;\">As an outsourcing service, we take care of the entire HR administration, from employee onboarding to employee exit. Specifically, these are:<\/p>\n<ul style=\"text-align: justify;\">\n<li><em>organising aptitude test<\/em><\/li>\n<li><em>concluding an employment contract<\/em><\/li>\n<li><em>payroll, social security administration<\/em><\/li>\n<li><em>administration with authorities<\/em><\/li>\n<li><em>prepare and issue certificates<\/em><\/li>\n<li><em>submitting data provisions<\/em><\/li>\n<li><em>purchase and distribution of work and protective equipment on request<\/em><\/li>\n<\/ul>\n<h2 style=\"text-align: justify;\"><strong>Let\u2019s talk about responsibility<br \/>\n<\/strong><\/h2>\n<p style=\"text-align: justify;\">We perform our tasks according to the terms and conditions set out in our outsourcing service contract. In this contract, the delegation of responsibility for the outsourced area will also be set out. This means that we are accountable.<\/p>","protected":false},"excerpt":{"rendered":"<p>Mi az outsourcing? Vannak olyan helyzetek, amikor egy v\u00e1llalat \u00e1tvil\u00e1g\u00edt\u00e1sa sor\u00e1n meg\u00e1llap\u00edt\u00e1sra ker\u00fcl, hogy a tev\u00e9kenys\u00e9gei k\u00f6z\u00f6tt vannak olyanok, amelyek vagy nem illeszkednek a v\u00e1llalat profilj\u00e1ba,<span class=\"excerpt-hellip\"> [\u2026]<\/span><\/p>","protected":false},"author":1,"featured_media":0,"parent":0,"menu_order":0,"comment_status":"closed","ping_status":"closed","template":"","meta":[],"yoast_head":"<!-- This site is optimized with the Yoast SEO plugin v19.1 - https:\/\/yoast.com\/wordpress\/plugins\/seo\/ -->\n<title>Outsourcing - HR Express Kft.<\/title>\n<meta name=\"description\" content=\"Mi az outsourcing? Egy olyan folyamat, amely sor\u00e1n a szervezet a profilj\u00e1hoz nem illeszked\u0151, esetleg k\u00f6lts\u00e9ges tev\u00e9kenys\u00e9g\u00e9t egy k\u00fcls\u0151 c\u00e9ghez helyezi ki.\" \/>\n<meta name=\"robots\" content=\"index, follow, max-snippet:-1, max-image-preview:large, max-video-preview:-1\" \/>\n<link rel=\"canonical\" href=\"https:\/\/hrexpresskft.hu\/en\/outsourcing\/\" \/>\n<meta property=\"og:locale\" content=\"en_GB\" \/>\n<meta property=\"og:type\" content=\"article\" \/>\n<meta property=\"og:title\" content=\"Outsourcing - HR Express Kft.\" \/>\n<meta property=\"og:description\" content=\"Mi az outsourcing? Egy olyan folyamat, amely sor\u00e1n a szervezet a profilj\u00e1hoz nem illeszked\u0151, esetleg k\u00f6lts\u00e9ges tev\u00e9kenys\u00e9g\u00e9t egy k\u00fcls\u0151 c\u00e9ghez helyezi ki.\" \/>\n<meta property=\"og:url\" content=\"https:\/\/hrexpresskft.hu\/en\/outsourcing\/\" \/>\n<meta property=\"og:site_name\" content=\"HR Express Kft.\" \/>\n<meta property=\"article:modified_time\" content=\"2022-06-15T09:42:55+00:00\" \/>\n<meta name=\"twitter:card\" content=\"summary_large_image\" \/>\n<meta name=\"twitter:label1\" content=\"Estimated reading time\" \/>\n\t<meta name=\"twitter:data1\" content=\"4 minutes\" \/>\n<script type=\"application\/ld+json\" class=\"yoast-schema-graph\">{\"@context\":\"https:\/\/schema.org\",\"@graph\":[{\"@type\":\"Organization\",\"@id\":\"https:\/\/hrexpresskft.hu\/#organization\",\"name\":\"HR EXPRESS KFT.\",\"url\":\"https:\/\/hrexpresskft.hu\/\",\"sameAs\":[],\"logo\":{\"@type\":\"ImageObject\",\"inLanguage\":\"en-GB\",\"@id\":\"https:\/\/hrexpresskft.hu\/#\/schema\/logo\/image\/\",\"url\":\"https:\/\/hrexpresskft.hu\/wp-content\/uploads\/2022\/03\/hr-express-logo-szines.png\",\"contentUrl\":\"https:\/\/hrexpresskft.hu\/wp-content\/uploads\/2022\/03\/hr-express-logo-szines.png\",\"width\":340,\"height\":180,\"caption\":\"HR EXPRESS KFT.\"},\"image\":{\"@id\":\"https:\/\/hrexpresskft.hu\/#\/schema\/logo\/image\/\"}},{\"@type\":\"WebSite\",\"@id\":\"https:\/\/hrexpresskft.hu\/#website\",\"url\":\"https:\/\/hrexpresskft.hu\/\",\"name\":\"HR Express Kft.\",\"description\":\"munkaer\u0151 k\u00f6zvet\u00edt\u00e9s, munkaer\u0151 k\u00f6lcs\u00f6nz\u00e9s, HR tan\u00e1csad\u00e1s, fejvad\u00e1szat, outsourcing, ukr\u00e1n munkaer\u0151, munkaer\u0151 k\u00f6zvet\u00edt\u0151\",\"publisher\":{\"@id\":\"https:\/\/hrexpresskft.hu\/#organization\"},\"potentialAction\":[{\"@type\":\"SearchAction\",\"target\":{\"@type\":\"EntryPoint\",\"urlTemplate\":\"https:\/\/hrexpresskft.hu\/?s={search_term_string}\"},\"query-input\":\"required name=search_term_string\"}],\"inLanguage\":\"en-GB\"},{\"@type\":\"WebPage\",\"@id\":\"https:\/\/hrexpresskft.hu\/outsourcing\/#webpage\",\"url\":\"https:\/\/hrexpresskft.hu\/outsourcing\/\",\"name\":\"Outsourcing - HR Express Kft.\",\"isPartOf\":{\"@id\":\"https:\/\/hrexpresskft.hu\/#website\"},\"datePublished\":\"2022-03-03T21:59:28+00:00\",\"dateModified\":\"2022-06-15T09:42:55+00:00\",\"description\":\"Mi az outsourcing? Egy olyan folyamat, amely sor\u00e1n a szervezet a profilj\u00e1hoz nem illeszked\u0151, esetleg k\u00f6lts\u00e9ges tev\u00e9kenys\u00e9g\u00e9t egy k\u00fcls\u0151 c\u00e9ghez helyezi ki.\",\"breadcrumb\":{\"@id\":\"https:\/\/hrexpresskft.hu\/outsourcing\/#breadcrumb\"},\"inLanguage\":\"en-GB\",\"potentialAction\":[{\"@type\":\"ReadAction\",\"target\":[\"https:\/\/hrexpresskft.hu\/outsourcing\/\"]}]},{\"@type\":\"BreadcrumbList\",\"@id\":\"https:\/\/hrexpresskft.hu\/outsourcing\/#breadcrumb\",\"itemListElement\":[{\"@type\":\"ListItem\",\"position\":1,\"name\":\"Kezd\u0151lap\",\"item\":\"https:\/\/hrexpresskft.hu\/\"},{\"@type\":\"ListItem\",\"position\":2,\"name\":\"Outsourcing\"}]}]}<\/script>\n<!-- \/ Yoast SEO plugin. -->","yoast_head_json":{"title":"Outsourcing - HR Express Kft.","description":"Mi az outsourcing? Egy olyan folyamat, amely sor\u00e1n a szervezet a profilj\u00e1hoz nem illeszked\u0151, esetleg k\u00f6lts\u00e9ges tev\u00e9kenys\u00e9g\u00e9t egy k\u00fcls\u0151 c\u00e9ghez helyezi ki.","robots":{"index":"index","follow":"follow","max-snippet":"max-snippet:-1","max-image-preview":"max-image-preview:large","max-video-preview":"max-video-preview:-1"},"canonical":"https:\/\/hrexpresskft.hu\/en\/outsourcing\/","og_locale":"en_GB","og_type":"article","og_title":"Outsourcing - HR Express Kft.","og_description":"Mi az outsourcing? Egy olyan folyamat, amely sor\u00e1n a szervezet a profilj\u00e1hoz nem illeszked\u0151, esetleg k\u00f6lts\u00e9ges tev\u00e9kenys\u00e9g\u00e9t egy k\u00fcls\u0151 c\u00e9ghez helyezi ki.","og_url":"https:\/\/hrexpresskft.hu\/en\/outsourcing\/","og_site_name":"HR Express Kft.","article_modified_time":"2022-06-15T09:42:55+00:00","twitter_card":"summary_large_image","twitter_misc":{"Estimated reading time":"4 minutes"},"schema":{"@context":"https:\/\/schema.org","@graph":[{"@type":"Organization","@id":"https:\/\/hrexpresskft.hu\/#organization","name":"HR EXPRESS KFT.","url":"https:\/\/hrexpresskft.hu\/","sameAs":[],"logo":{"@type":"ImageObject","inLanguage":"en-GB","@id":"https:\/\/hrexpresskft.hu\/#\/schema\/logo\/image\/","url":"https:\/\/hrexpresskft.hu\/wp-content\/uploads\/2022\/03\/hr-express-logo-szines.png","contentUrl":"https:\/\/hrexpresskft.hu\/wp-content\/uploads\/2022\/03\/hr-express-logo-szines.png","width":340,"height":180,"caption":"HR EXPRESS KFT."},"image":{"@id":"https:\/\/hrexpresskft.hu\/#\/schema\/logo\/image\/"}},{"@type":"WebSite","@id":"https:\/\/hrexpresskft.hu\/#website","url":"https:\/\/hrexpresskft.hu\/","name":"HR Express Kft.","description":"munkaer\u0151 k\u00f6zvet\u00edt\u00e9s, munkaer\u0151 k\u00f6lcs\u00f6nz\u00e9s, HR tan\u00e1csad\u00e1s, fejvad\u00e1szat, outsourcing, ukr\u00e1n munkaer\u0151, munkaer\u0151 k\u00f6zvet\u00edt\u0151","publisher":{"@id":"https:\/\/hrexpresskft.hu\/#organization"},"potentialAction":[{"@type":"SearchAction","target":{"@type":"EntryPoint","urlTemplate":"https:\/\/hrexpresskft.hu\/?s={search_term_string}"},"query-input":"required name=search_term_string"}],"inLanguage":"en-GB"},{"@type":"WebPage","@id":"https:\/\/hrexpresskft.hu\/outsourcing\/#webpage","url":"https:\/\/hrexpresskft.hu\/outsourcing\/","name":"Outsourcing - HR Express Kft.","isPartOf":{"@id":"https:\/\/hrexpresskft.hu\/#website"},"datePublished":"2022-03-03T21:59:28+00:00","dateModified":"2022-06-15T09:42:55+00:00","description":"Mi az outsourcing? Egy olyan folyamat, amely sor\u00e1n a szervezet a profilj\u00e1hoz nem illeszked\u0151, esetleg k\u00f6lts\u00e9ges tev\u00e9kenys\u00e9g\u00e9t egy k\u00fcls\u0151 c\u00e9ghez helyezi ki.","breadcrumb":{"@id":"https:\/\/hrexpresskft.hu\/outsourcing\/#breadcrumb"},"inLanguage":"en-GB","potentialAction":[{"@type":"ReadAction","target":["https:\/\/hrexpresskft.hu\/outsourcing\/"]}]},{"@type":"BreadcrumbList","@id":"https:\/\/hrexpresskft.hu\/outsourcing\/#breadcrumb","itemListElement":[{"@type":"ListItem","position":1,"name":"Kezd\u0151lap","item":"https:\/\/hrexpresskft.hu\/"},{"@type":"ListItem","position":2,"name":"Outsourcing"}]}]}},"_links":{"self":[{"href":"https:\/\/hrexpresskft.hu\/en\/wp-json\/wp\/v2\/pages\/1518"}],"collection":[{"href":"https:\/\/hrexpresskft.hu\/en\/wp-json\/wp\/v2\/pages"}],"about":[{"href":"https:\/\/hrexpresskft.hu\/en\/wp-json\/wp\/v2\/types\/page"}],"author":[{"embeddable":true,"href":"https:\/\/hrexpresskft.hu\/en\/wp-json\/wp\/v2\/users\/1"}],"replies":[{"embeddable":true,"href":"https:\/\/hrexpresskft.hu\/en\/wp-json\/wp\/v2\/comments?post=1518"}],"version-history":[{"count":3,"href":"https:\/\/hrexpresskft.hu\/en\/wp-json\/wp\/v2\/pages\/1518\/revisions"}],"predecessor-version":[{"id":1554,"href":"https:\/\/hrexpresskft.hu\/en\/wp-json\/wp\/v2\/pages\/1518\/revisions\/1554"}],"wp:attachment":[{"href":"https:\/\/hrexpresskft.hu\/en\/wp-json\/wp\/v2\/media?parent=1518"}],"curies":[{"name":"wp","href":"https:\/\/api.w.org\/{rel}","templated":true}]}}