{"id":1516,"date":"2022-03-03T21:57:52","date_gmt":"2022-03-03T21:57:52","guid":{"rendered":"https:\/\/hrex.aloldal.xyz\/?page_id=1516"},"modified":"2022-06-15T09:40:18","modified_gmt":"2022-06-15T09:40:18","slug":"hr-tanacsadas","status":"publish","type":"page","link":"https:\/\/hrexpresskft.hu\/en\/hr-tanacsadas\/","title":{"rendered":"HR consultancy"},"content":{"rendered":"<h2 style=\"text-align: justify;\"><strong>To understand HR consulting, let\u2019s first look at what HR is.<br \/>\n<\/strong><\/h2>\n<p style=\"text-align: justify;\">The term is short for human resources.<br \/>\nHuman resources include everything that is related to the employees and their activities in the operation of a company or enterprise.<br \/>\nHuman resources are a tool that is now essential for the implementation of corporate strategy, for the selection of the right people for the right positions, and for the motivation, control, training and development of employees.<br \/>\nWith the right HR advice, the right business strategy can be put in place to boost productivity. Yes, this is important, because one of the biggest costs for any company is labour\u2014the people themselves. And when this works well, productivity increases.<\/p>\n<h2 style=\"text-align: justify;\"><strong>What happens in a professional HR consultancy?<br \/>\n<\/strong><\/h2>\n<p style=\"text-align: justify;\">As already mentioned, HR consultancy is the process of defining the HR strategy of the company, its implementation and monitoring as required. If the need arises, the individual areas can also be covered separately. What areas are we talking about? What do we do for our clients?<\/p>\n<ul style=\"text-align: justify;\">\n<li><em>developing an HR strategy<\/em><\/li>\n<li><em>mapping problems<\/em><\/li>\n<li><em>developing proposals for solutions<\/em><\/li>\n<li><em>preparing job advertisements<\/em><\/li>\n<li><em>organising and conducting job interviews<\/em><\/li>\n<li><em>helping the integration of new employees<\/em><\/li>\n<li><em>assessing the competences of existing employees<\/em><\/li>\n<li><em>organising training and further training<\/em><\/li>\n<\/ul>\n<h2 style=\"text-align: justify;\"><strong>What aspects do we consider important in an HR consultancy?<\/strong><\/h2>\n<p style=\"text-align: justify;\">Similarly to headhunting, HR consultancy is a highly complex task. It has both emotional and cold strategic aspects. We need to find a balance between the factual knowledge and a customer-oriented mindset. And by client, we mean both the employees and the employers seeking HR advice.<br \/>\nWhen providing professional HR consultancy, all aspects need to be taken into account, and there is a really fine line when it comes to deciding who or what to prioritise. The person, the customer (the company), how important the emotional aspect should be, whether we should care about the soul.<br \/>\nIn our HR consultancy, we try to guide the client through the process in such a way that none of the above is compromised.<\/p>\n<h2 style=\"text-align: justify;\"><strong>But why is it so difficult?<br \/>\n<\/strong><\/h2>\n<p style=\"text-align: justify;\">This is because the perspectives of the subjects of HR consultancy are often different. We believe that for us, empathy, understanding and trust are very important, because if one looks at the employee side, that\u2019s what the people there usually want. And we are fully aware that without the right help and the right attention, no results can be achieved. And this must be made clear to our client, who sometimes takes a contrary view.<br \/>\nWhat we can expect from the client is the development of the right strategy and its implementation. However, for the successful implementation, factual knowledge and hard work are not enough; the human factor must also be taken into account, since man is a sentient being with a soul. In our work, we have to deal with this as well.<br \/>\nAnd in addition to all this, good HR advice requires the right factual knowledge. This means being informed and up-to-date on employer needs and the labour market. For example, we need to know where to turn if we encounter someone who is struggling with social and livelihood problems.<br \/>\nIt is all part of HR consultancy, and it is a complex job requiring a wide range of skills, but we love it and we are ready to put all our abilities at your service. And we provide this non-stop.<\/p>","protected":false},"excerpt":{"rendered":"<p>A HR tan\u00e1csad\u00e1s meg\u00e9rt\u00e9s\u00e9hez el\u0151sz\u00f6r n\u00e9zz\u00fck meg, hogy mi az a HR! A kifejez\u00e9s az angol human resource r\u00f6vid\u00edt\u00e9se. A jelent\u00e9se emberi er\u0151forr\u00e1s, vagy hum\u00e1n er\u0151forr\u00e1s<span class=\"excerpt-hellip\"> [\u2026]<\/span><\/p>","protected":false},"author":1,"featured_media":0,"parent":0,"menu_order":0,"comment_status":"closed","ping_status":"closed","template":"","meta":[],"yoast_head":"<!-- This site is optimized with the Yoast SEO plugin v19.1 - https:\/\/yoast.com\/wordpress\/plugins\/seo\/ -->\n<title>HR tan\u00e1csad\u00e1s - HR Express Kft.<\/title>\n<meta name=\"description\" content=\"A HR tan\u00e1csad\u00e1s sor\u00e1n egy c\u00e9g komplett HR strat\u00e9gi\u00e1j\u00e1nak kidolgoz\u00e1sa \u00e9s annak ig\u00e9ny szerinti megval\u00f3s\u00edt\u00e1sa t\u00f6rt\u00e9nik. Ez ak\u00e1r \u00f6n\u00e1ll\u00f3 ter\u00fcletekre lebontva is.\" \/>\n<meta name=\"robots\" content=\"index, follow, max-snippet:-1, max-image-preview:large, max-video-preview:-1\" \/>\n<link rel=\"canonical\" href=\"https:\/\/hrexpresskft.hu\/en\/hr-tanacsadas\/\" \/>\n<meta property=\"og:locale\" content=\"en_GB\" \/>\n<meta property=\"og:type\" content=\"article\" \/>\n<meta property=\"og:title\" content=\"HR tan\u00e1csad\u00e1s - HR Express Kft.\" \/>\n<meta property=\"og:description\" content=\"A HR tan\u00e1csad\u00e1s sor\u00e1n egy c\u00e9g komplett HR strat\u00e9gi\u00e1j\u00e1nak kidolgoz\u00e1sa \u00e9s annak ig\u00e9ny szerinti megval\u00f3s\u00edt\u00e1sa t\u00f6rt\u00e9nik. Ez ak\u00e1r \u00f6n\u00e1ll\u00f3 ter\u00fcletekre lebontva is.\" \/>\n<meta property=\"og:url\" content=\"https:\/\/hrexpresskft.hu\/en\/hr-tanacsadas\/\" \/>\n<meta property=\"og:site_name\" content=\"HR Express Kft.\" \/>\n<meta property=\"article:modified_time\" content=\"2022-06-15T09:40:18+00:00\" \/>\n<meta name=\"twitter:card\" content=\"summary_large_image\" \/>\n<meta name=\"twitter:label1\" content=\"Estimated reading time\" \/>\n\t<meta name=\"twitter:data1\" content=\"4 minutes\" \/>\n<script type=\"application\/ld+json\" class=\"yoast-schema-graph\">{\"@context\":\"https:\/\/schema.org\",\"@graph\":[{\"@type\":\"Organization\",\"@id\":\"https:\/\/hrexpresskft.hu\/#organization\",\"name\":\"HR EXPRESS KFT.\",\"url\":\"https:\/\/hrexpresskft.hu\/\",\"sameAs\":[],\"logo\":{\"@type\":\"ImageObject\",\"inLanguage\":\"en-GB\",\"@id\":\"https:\/\/hrexpresskft.hu\/#\/schema\/logo\/image\/\",\"url\":\"https:\/\/hrexpresskft.hu\/wp-content\/uploads\/2022\/03\/hr-express-logo-szines.png\",\"contentUrl\":\"https:\/\/hrexpresskft.hu\/wp-content\/uploads\/2022\/03\/hr-express-logo-szines.png\",\"width\":340,\"height\":180,\"caption\":\"HR EXPRESS KFT.\"},\"image\":{\"@id\":\"https:\/\/hrexpresskft.hu\/#\/schema\/logo\/image\/\"}},{\"@type\":\"WebSite\",\"@id\":\"https:\/\/hrexpresskft.hu\/#website\",\"url\":\"https:\/\/hrexpresskft.hu\/\",\"name\":\"HR Express Kft.\",\"description\":\"munkaer\u0151 k\u00f6zvet\u00edt\u00e9s, munkaer\u0151 k\u00f6lcs\u00f6nz\u00e9s, HR tan\u00e1csad\u00e1s, fejvad\u00e1szat, outsourcing, ukr\u00e1n munkaer\u0151, munkaer\u0151 k\u00f6zvet\u00edt\u0151\",\"publisher\":{\"@id\":\"https:\/\/hrexpresskft.hu\/#organization\"},\"potentialAction\":[{\"@type\":\"SearchAction\",\"target\":{\"@type\":\"EntryPoint\",\"urlTemplate\":\"https:\/\/hrexpresskft.hu\/?s={search_term_string}\"},\"query-input\":\"required name=search_term_string\"}],\"inLanguage\":\"en-GB\"},{\"@type\":\"WebPage\",\"@id\":\"https:\/\/hrexpresskft.hu\/hr-tanacsadas\/#webpage\",\"url\":\"https:\/\/hrexpresskft.hu\/hr-tanacsadas\/\",\"name\":\"HR tan\u00e1csad\u00e1s - HR Express Kft.\",\"isPartOf\":{\"@id\":\"https:\/\/hrexpresskft.hu\/#website\"},\"datePublished\":\"2022-03-03T21:57:52+00:00\",\"dateModified\":\"2022-06-15T09:40:18+00:00\",\"description\":\"A HR tan\u00e1csad\u00e1s sor\u00e1n egy c\u00e9g komplett HR strat\u00e9gi\u00e1j\u00e1nak kidolgoz\u00e1sa \u00e9s annak ig\u00e9ny szerinti megval\u00f3s\u00edt\u00e1sa t\u00f6rt\u00e9nik. Ez ak\u00e1r \u00f6n\u00e1ll\u00f3 ter\u00fcletekre lebontva is.\",\"breadcrumb\":{\"@id\":\"https:\/\/hrexpresskft.hu\/hr-tanacsadas\/#breadcrumb\"},\"inLanguage\":\"en-GB\",\"potentialAction\":[{\"@type\":\"ReadAction\",\"target\":[\"https:\/\/hrexpresskft.hu\/hr-tanacsadas\/\"]}]},{\"@type\":\"BreadcrumbList\",\"@id\":\"https:\/\/hrexpresskft.hu\/hr-tanacsadas\/#breadcrumb\",\"itemListElement\":[{\"@type\":\"ListItem\",\"position\":1,\"name\":\"Kezd\u0151lap\",\"item\":\"https:\/\/hrexpresskft.hu\/\"},{\"@type\":\"ListItem\",\"position\":2,\"name\":\"HR tan\u00e1csad\u00e1s\"}]}]}<\/script>\n<!-- \/ Yoast SEO plugin. -->","yoast_head_json":{"title":"HR tan\u00e1csad\u00e1s - HR Express Kft.","description":"A HR tan\u00e1csad\u00e1s sor\u00e1n egy c\u00e9g komplett HR strat\u00e9gi\u00e1j\u00e1nak kidolgoz\u00e1sa \u00e9s annak ig\u00e9ny szerinti megval\u00f3s\u00edt\u00e1sa t\u00f6rt\u00e9nik. Ez ak\u00e1r \u00f6n\u00e1ll\u00f3 ter\u00fcletekre lebontva is.","robots":{"index":"index","follow":"follow","max-snippet":"max-snippet:-1","max-image-preview":"max-image-preview:large","max-video-preview":"max-video-preview:-1"},"canonical":"https:\/\/hrexpresskft.hu\/en\/hr-tanacsadas\/","og_locale":"en_GB","og_type":"article","og_title":"HR tan\u00e1csad\u00e1s - HR Express Kft.","og_description":"A HR tan\u00e1csad\u00e1s sor\u00e1n egy c\u00e9g komplett HR strat\u00e9gi\u00e1j\u00e1nak kidolgoz\u00e1sa \u00e9s annak ig\u00e9ny szerinti megval\u00f3s\u00edt\u00e1sa t\u00f6rt\u00e9nik. Ez ak\u00e1r \u00f6n\u00e1ll\u00f3 ter\u00fcletekre lebontva is.","og_url":"https:\/\/hrexpresskft.hu\/en\/hr-tanacsadas\/","og_site_name":"HR Express Kft.","article_modified_time":"2022-06-15T09:40:18+00:00","twitter_card":"summary_large_image","twitter_misc":{"Estimated reading time":"4 minutes"},"schema":{"@context":"https:\/\/schema.org","@graph":[{"@type":"Organization","@id":"https:\/\/hrexpresskft.hu\/#organization","name":"HR EXPRESS KFT.","url":"https:\/\/hrexpresskft.hu\/","sameAs":[],"logo":{"@type":"ImageObject","inLanguage":"en-GB","@id":"https:\/\/hrexpresskft.hu\/#\/schema\/logo\/image\/","url":"https:\/\/hrexpresskft.hu\/wp-content\/uploads\/2022\/03\/hr-express-logo-szines.png","contentUrl":"https:\/\/hrexpresskft.hu\/wp-content\/uploads\/2022\/03\/hr-express-logo-szines.png","width":340,"height":180,"caption":"HR EXPRESS KFT."},"image":{"@id":"https:\/\/hrexpresskft.hu\/#\/schema\/logo\/image\/"}},{"@type":"WebSite","@id":"https:\/\/hrexpresskft.hu\/#website","url":"https:\/\/hrexpresskft.hu\/","name":"HR Express Kft.","description":"munkaer\u0151 k\u00f6zvet\u00edt\u00e9s, munkaer\u0151 k\u00f6lcs\u00f6nz\u00e9s, HR tan\u00e1csad\u00e1s, fejvad\u00e1szat, outsourcing, ukr\u00e1n munkaer\u0151, munkaer\u0151 k\u00f6zvet\u00edt\u0151","publisher":{"@id":"https:\/\/hrexpresskft.hu\/#organization"},"potentialAction":[{"@type":"SearchAction","target":{"@type":"EntryPoint","urlTemplate":"https:\/\/hrexpresskft.hu\/?s={search_term_string}"},"query-input":"required name=search_term_string"}],"inLanguage":"en-GB"},{"@type":"WebPage","@id":"https:\/\/hrexpresskft.hu\/hr-tanacsadas\/#webpage","url":"https:\/\/hrexpresskft.hu\/hr-tanacsadas\/","name":"HR tan\u00e1csad\u00e1s - HR Express Kft.","isPartOf":{"@id":"https:\/\/hrexpresskft.hu\/#website"},"datePublished":"2022-03-03T21:57:52+00:00","dateModified":"2022-06-15T09:40:18+00:00","description":"A HR tan\u00e1csad\u00e1s sor\u00e1n egy c\u00e9g komplett HR strat\u00e9gi\u00e1j\u00e1nak kidolgoz\u00e1sa \u00e9s annak ig\u00e9ny szerinti megval\u00f3s\u00edt\u00e1sa t\u00f6rt\u00e9nik. Ez ak\u00e1r \u00f6n\u00e1ll\u00f3 ter\u00fcletekre lebontva is.","breadcrumb":{"@id":"https:\/\/hrexpresskft.hu\/hr-tanacsadas\/#breadcrumb"},"inLanguage":"en-GB","potentialAction":[{"@type":"ReadAction","target":["https:\/\/hrexpresskft.hu\/hr-tanacsadas\/"]}]},{"@type":"BreadcrumbList","@id":"https:\/\/hrexpresskft.hu\/hr-tanacsadas\/#breadcrumb","itemListElement":[{"@type":"ListItem","position":1,"name":"Kezd\u0151lap","item":"https:\/\/hrexpresskft.hu\/"},{"@type":"ListItem","position":2,"name":"HR tan\u00e1csad\u00e1s"}]}]}},"_links":{"self":[{"href":"https:\/\/hrexpresskft.hu\/en\/wp-json\/wp\/v2\/pages\/1516"}],"collection":[{"href":"https:\/\/hrexpresskft.hu\/en\/wp-json\/wp\/v2\/pages"}],"about":[{"href":"https:\/\/hrexpresskft.hu\/en\/wp-json\/wp\/v2\/types\/page"}],"author":[{"embeddable":true,"href":"https:\/\/hrexpresskft.hu\/en\/wp-json\/wp\/v2\/users\/1"}],"replies":[{"embeddable":true,"href":"https:\/\/hrexpresskft.hu\/en\/wp-json\/wp\/v2\/comments?post=1516"}],"version-history":[{"count":3,"href":"https:\/\/hrexpresskft.hu\/en\/wp-json\/wp\/v2\/pages\/1516\/revisions"}],"predecessor-version":[{"id":1549,"href":"https:\/\/hrexpresskft.hu\/en\/wp-json\/wp\/v2\/pages\/1516\/revisions\/1549"}],"wp:attachment":[{"href":"https:\/\/hrexpresskft.hu\/en\/wp-json\/wp\/v2\/media?parent=1516"}],"curies":[{"name":"wp","href":"https:\/\/api.w.org\/{rel}","templated":true}]}}