{"id":1514,"date":"2022-03-03T21:57:20","date_gmt":"2022-03-03T21:57:20","guid":{"rendered":"https:\/\/hrex.aloldal.xyz\/?page_id=1514"},"modified":"2022-09-21T08:59:59","modified_gmt":"2022-09-21T08:59:59","slug":"fejvadaszat","status":"publish","type":"page","link":"https:\/\/hrexpresskft.hu\/en\/fejvadaszat\/","title":{"rendered":"Headhunting"},"content":{"rendered":"<h2><strong>What is headhunting about?<br \/>\n<\/strong><\/h2>\n<p>Headhunting involves selecting middle and senior managers who meet the criteria set by the client. This is a sensitive area, as the employees occupying managerial posts are key to the results and performance of a company. In the headhunting process, when selecting a manager, we must also consider the candidate\u2019s ability to positively influence the rest of the company\u2019s workforce.<br \/>\nAs you can see from the above, headhunting is a rather complex task that requires a lot of attention. Complexity is increased even more, because the headhunting process does not start with the selection.<br \/>\nIn most cases, companies now outsource the selection process, given that the recruitment of managers or middle managers is a special field.<br \/>\nIn the past, headhunting was sector-specific, but now we can say that a headhunter performs the selection function in all kinds of fields.<br \/>\nFor this to be successful from a headhunting point of view, we need to get to know the job, assess the requirements of the company and the conditions required by the position to be filled. In the headhunting process, we need to take all these circumstances into account to decide whether the candidate meets the expectations and fits into the scheme of the company, both in terms of the company\u2019s values and its operations.<br \/>\nIt is also important to highlight that this is not a one-way street. Of course, employee applications are also a priority area. We are committed to identifying talented people, helping them build their careers consciously, and helping them find their ideal position or job.<\/p>\n<h2><strong>Headhunting is a complex and exciting task, but trust is very important.<br \/>\n<\/strong><\/h2>\n<p>Complex, as the selection process must take into account the interests of both the employer and the employee. We need to be empathetic, but we also need to have the vision of a good strategist for successful and effective selection (and that often doesn\u2019t seem empathetic).<br \/>\nAnd, of course, it\u2019s also a task of trust, as we get to know people\u2019s lives and circumstances during the selection process. What\u2019s more, our work has an impact on all this, and we do it with maximum care. For us, headhunting is a mission.<\/p>\n<h2><strong>What skills do we consider important for a managerial position?<br \/>\n<\/strong><\/h2>\n<p>As mentioned above, we always take into account the importance and influence in the company.<br \/>\nWhen headhunting, we are looking for leaders, not for bosses. Yes, this is very important to stress, because the two are not the same. It sounds like a clich\u00e9, but only those can become good leaders who are able to lead well. This requires the right leadership skills and competences. And these skills are virtually independent of the professional functions of the given field.<br \/>\nLet\u2019s illustrate this with a simple example for clarity. A middle manager or a senior manager may have the highest level of education in economics, but he will not be a good manager if he does not have the skills to motivate the team he is in charge of.<br \/>\nA good leader must have the following skills:<\/p>\n<ul>\n<li><em>ability to deal effectively with problems that arise,<\/em><\/li>\n<li><em>ability to make independent decisions,<\/em><\/li>\n<li><em>ability to communicate well with the members of his team (respect, humility),<\/em><\/li>\n<li><em>in conjunction with this, have the appropriate emotional intelligence,<\/em><\/li>\n<li><em>ability to assess the company\u2019s situation and strategy and support it,<\/em><\/li>\n<li><em>and have adequate (but not excessive) self-confidence, which is important for building personal relationships and leadership.<\/em><\/li>\n<\/ul>","protected":false},"excerpt":{"rendered":"<p>Mir\u0151l sz\u00f3l a fejvad\u00e1szat? A fejvad\u00e1szat sor\u00e1n olyan v\u00e1llalati k\u00f6z\u00e9p \u00e9s fels\u0151vezet\u0151k kiv\u00e1laszt\u00e1s\u00e1t v\u00e9gezz\u00fck, akik megfelelnek a megb\u00edz\u00f3 \u00e1ltal \u00e1ll\u00edtott felt\u00e9teleknek. K\u00e9nyes ter\u00fclet ez, hiszen a<span class=\"excerpt-hellip\"> [\u2026]<\/span><\/p>","protected":false},"author":1,"featured_media":0,"parent":0,"menu_order":0,"comment_status":"closed","ping_status":"closed","template":"","meta":[],"yoast_head":"<!-- This site is optimized with the Yoast SEO plugin v19.1 - https:\/\/yoast.com\/wordpress\/plugins\/seo\/ -->\n<title>Fejvad\u00e1szat - HR Express Kft.<\/title>\n<meta name=\"description\" content=\"A fejvad\u00e1szat egy v\u00e1llalat k\u00f6z\u00e9pvezet\u0151inek illetve fels\u0151vezet\u0151inek a kiv\u00e1laszt\u00e1si folyamata. Egy k\u00fcl\u00f6nleges kiv\u00e1laszt\u00e1si folyamat a tehets\u00e9gek felkutat\u00e1s\u00e1ra.\" \/>\n<meta name=\"robots\" content=\"index, follow, max-snippet:-1, max-image-preview:large, max-video-preview:-1\" \/>\n<link rel=\"canonical\" href=\"https:\/\/hrexpresskft.hu\/en\/fejvadaszat\/\" \/>\n<meta property=\"og:locale\" content=\"en_GB\" \/>\n<meta property=\"og:type\" content=\"article\" \/>\n<meta property=\"og:title\" content=\"Fejvad\u00e1szat - HR Express Kft.\" \/>\n<meta property=\"og:description\" content=\"A fejvad\u00e1szat egy v\u00e1llalat k\u00f6z\u00e9pvezet\u0151inek illetve fels\u0151vezet\u0151inek a kiv\u00e1laszt\u00e1si folyamata. Egy k\u00fcl\u00f6nleges kiv\u00e1laszt\u00e1si folyamat a tehets\u00e9gek felkutat\u00e1s\u00e1ra.\" \/>\n<meta property=\"og:url\" content=\"https:\/\/hrexpresskft.hu\/en\/fejvadaszat\/\" \/>\n<meta property=\"og:site_name\" content=\"HR Express Kft.\" \/>\n<meta property=\"article:modified_time\" content=\"2022-09-21T08:59:59+00:00\" \/>\n<meta name=\"twitter:card\" content=\"summary_large_image\" \/>\n<meta name=\"twitter:label1\" content=\"Estimated reading time\" \/>\n\t<meta name=\"twitter:data1\" content=\"4 minutes\" \/>\n<script type=\"application\/ld+json\" class=\"yoast-schema-graph\">{\"@context\":\"https:\/\/schema.org\",\"@graph\":[{\"@type\":\"Organization\",\"@id\":\"https:\/\/hrexpresskft.hu\/#organization\",\"name\":\"HR EXPRESS KFT.\",\"url\":\"https:\/\/hrexpresskft.hu\/\",\"sameAs\":[],\"logo\":{\"@type\":\"ImageObject\",\"inLanguage\":\"en-GB\",\"@id\":\"https:\/\/hrexpresskft.hu\/#\/schema\/logo\/image\/\",\"url\":\"https:\/\/hrexpresskft.hu\/wp-content\/uploads\/2022\/03\/hr-express-logo-szines.png\",\"contentUrl\":\"https:\/\/hrexpresskft.hu\/wp-content\/uploads\/2022\/03\/hr-express-logo-szines.png\",\"width\":340,\"height\":180,\"caption\":\"HR EXPRESS KFT.\"},\"image\":{\"@id\":\"https:\/\/hrexpresskft.hu\/#\/schema\/logo\/image\/\"}},{\"@type\":\"WebSite\",\"@id\":\"https:\/\/hrexpresskft.hu\/#website\",\"url\":\"https:\/\/hrexpresskft.hu\/\",\"name\":\"HR Express Kft.\",\"description\":\"munkaer\u0151 k\u00f6zvet\u00edt\u00e9s, munkaer\u0151 k\u00f6lcs\u00f6nz\u00e9s, HR tan\u00e1csad\u00e1s, fejvad\u00e1szat, outsourcing, ukr\u00e1n munkaer\u0151, munkaer\u0151 k\u00f6zvet\u00edt\u0151\",\"publisher\":{\"@id\":\"https:\/\/hrexpresskft.hu\/#organization\"},\"potentialAction\":[{\"@type\":\"SearchAction\",\"target\":{\"@type\":\"EntryPoint\",\"urlTemplate\":\"https:\/\/hrexpresskft.hu\/?s={search_term_string}\"},\"query-input\":\"required name=search_term_string\"}],\"inLanguage\":\"en-GB\"},{\"@type\":\"WebPage\",\"@id\":\"https:\/\/hrexpresskft.hu\/fejvadaszat\/#webpage\",\"url\":\"https:\/\/hrexpresskft.hu\/fejvadaszat\/\",\"name\":\"Fejvad\u00e1szat - HR Express Kft.\",\"isPartOf\":{\"@id\":\"https:\/\/hrexpresskft.hu\/#website\"},\"datePublished\":\"2022-03-03T21:57:20+00:00\",\"dateModified\":\"2022-09-21T08:59:59+00:00\",\"description\":\"A fejvad\u00e1szat egy v\u00e1llalat k\u00f6z\u00e9pvezet\u0151inek illetve fels\u0151vezet\u0151inek a kiv\u00e1laszt\u00e1si folyamata. Egy k\u00fcl\u00f6nleges kiv\u00e1laszt\u00e1si folyamat a tehets\u00e9gek felkutat\u00e1s\u00e1ra.\",\"breadcrumb\":{\"@id\":\"https:\/\/hrexpresskft.hu\/fejvadaszat\/#breadcrumb\"},\"inLanguage\":\"en-GB\",\"potentialAction\":[{\"@type\":\"ReadAction\",\"target\":[\"https:\/\/hrexpresskft.hu\/fejvadaszat\/\"]}]},{\"@type\":\"BreadcrumbList\",\"@id\":\"https:\/\/hrexpresskft.hu\/fejvadaszat\/#breadcrumb\",\"itemListElement\":[{\"@type\":\"ListItem\",\"position\":1,\"name\":\"Kezd\u0151lap\",\"item\":\"https:\/\/hrexpresskft.hu\/\"},{\"@type\":\"ListItem\",\"position\":2,\"name\":\"Fejvad\u00e1szat\"}]}]}<\/script>\n<!-- \/ Yoast SEO plugin. -->","yoast_head_json":{"title":"Fejvad\u00e1szat - HR Express Kft.","description":"A fejvad\u00e1szat egy v\u00e1llalat k\u00f6z\u00e9pvezet\u0151inek illetve fels\u0151vezet\u0151inek a kiv\u00e1laszt\u00e1si folyamata. Egy k\u00fcl\u00f6nleges kiv\u00e1laszt\u00e1si folyamat a tehets\u00e9gek felkutat\u00e1s\u00e1ra.","robots":{"index":"index","follow":"follow","max-snippet":"max-snippet:-1","max-image-preview":"max-image-preview:large","max-video-preview":"max-video-preview:-1"},"canonical":"https:\/\/hrexpresskft.hu\/en\/fejvadaszat\/","og_locale":"en_GB","og_type":"article","og_title":"Fejvad\u00e1szat - HR Express Kft.","og_description":"A fejvad\u00e1szat egy v\u00e1llalat k\u00f6z\u00e9pvezet\u0151inek illetve fels\u0151vezet\u0151inek a kiv\u00e1laszt\u00e1si folyamata. Egy k\u00fcl\u00f6nleges kiv\u00e1laszt\u00e1si folyamat a tehets\u00e9gek felkutat\u00e1s\u00e1ra.","og_url":"https:\/\/hrexpresskft.hu\/en\/fejvadaszat\/","og_site_name":"HR Express Kft.","article_modified_time":"2022-09-21T08:59:59+00:00","twitter_card":"summary_large_image","twitter_misc":{"Estimated reading time":"4 minutes"},"schema":{"@context":"https:\/\/schema.org","@graph":[{"@type":"Organization","@id":"https:\/\/hrexpresskft.hu\/#organization","name":"HR EXPRESS KFT.","url":"https:\/\/hrexpresskft.hu\/","sameAs":[],"logo":{"@type":"ImageObject","inLanguage":"en-GB","@id":"https:\/\/hrexpresskft.hu\/#\/schema\/logo\/image\/","url":"https:\/\/hrexpresskft.hu\/wp-content\/uploads\/2022\/03\/hr-express-logo-szines.png","contentUrl":"https:\/\/hrexpresskft.hu\/wp-content\/uploads\/2022\/03\/hr-express-logo-szines.png","width":340,"height":180,"caption":"HR EXPRESS KFT."},"image":{"@id":"https:\/\/hrexpresskft.hu\/#\/schema\/logo\/image\/"}},{"@type":"WebSite","@id":"https:\/\/hrexpresskft.hu\/#website","url":"https:\/\/hrexpresskft.hu\/","name":"HR Express Kft.","description":"munkaer\u0151 k\u00f6zvet\u00edt\u00e9s, munkaer\u0151 k\u00f6lcs\u00f6nz\u00e9s, HR tan\u00e1csad\u00e1s, fejvad\u00e1szat, outsourcing, ukr\u00e1n munkaer\u0151, munkaer\u0151 k\u00f6zvet\u00edt\u0151","publisher":{"@id":"https:\/\/hrexpresskft.hu\/#organization"},"potentialAction":[{"@type":"SearchAction","target":{"@type":"EntryPoint","urlTemplate":"https:\/\/hrexpresskft.hu\/?s={search_term_string}"},"query-input":"required name=search_term_string"}],"inLanguage":"en-GB"},{"@type":"WebPage","@id":"https:\/\/hrexpresskft.hu\/fejvadaszat\/#webpage","url":"https:\/\/hrexpresskft.hu\/fejvadaszat\/","name":"Fejvad\u00e1szat - HR Express Kft.","isPartOf":{"@id":"https:\/\/hrexpresskft.hu\/#website"},"datePublished":"2022-03-03T21:57:20+00:00","dateModified":"2022-09-21T08:59:59+00:00","description":"A fejvad\u00e1szat egy v\u00e1llalat k\u00f6z\u00e9pvezet\u0151inek illetve fels\u0151vezet\u0151inek a kiv\u00e1laszt\u00e1si folyamata. Egy k\u00fcl\u00f6nleges kiv\u00e1laszt\u00e1si folyamat a tehets\u00e9gek felkutat\u00e1s\u00e1ra.","breadcrumb":{"@id":"https:\/\/hrexpresskft.hu\/fejvadaszat\/#breadcrumb"},"inLanguage":"en-GB","potentialAction":[{"@type":"ReadAction","target":["https:\/\/hrexpresskft.hu\/fejvadaszat\/"]}]},{"@type":"BreadcrumbList","@id":"https:\/\/hrexpresskft.hu\/fejvadaszat\/#breadcrumb","itemListElement":[{"@type":"ListItem","position":1,"name":"Kezd\u0151lap","item":"https:\/\/hrexpresskft.hu\/"},{"@type":"ListItem","position":2,"name":"Fejvad\u00e1szat"}]}]}},"_links":{"self":[{"href":"https:\/\/hrexpresskft.hu\/en\/wp-json\/wp\/v2\/pages\/1514"}],"collection":[{"href":"https:\/\/hrexpresskft.hu\/en\/wp-json\/wp\/v2\/pages"}],"about":[{"href":"https:\/\/hrexpresskft.hu\/en\/wp-json\/wp\/v2\/types\/page"}],"author":[{"embeddable":true,"href":"https:\/\/hrexpresskft.hu\/en\/wp-json\/wp\/v2\/users\/1"}],"replies":[{"embeddable":true,"href":"https:\/\/hrexpresskft.hu\/en\/wp-json\/wp\/v2\/comments?post=1514"}],"version-history":[{"count":3,"href":"https:\/\/hrexpresskft.hu\/en\/wp-json\/wp\/v2\/pages\/1514\/revisions"}],"predecessor-version":[{"id":1592,"href":"https:\/\/hrexpresskft.hu\/en\/wp-json\/wp\/v2\/pages\/1514\/revisions\/1592"}],"wp:attachment":[{"href":"https:\/\/hrexpresskft.hu\/en\/wp-json\/wp\/v2\/media?parent=1514"}],"curies":[{"name":"wp","href":"https:\/\/api.w.org\/{rel}","templated":true}]}}