{"id":1512,"date":"2022-03-03T21:56:53","date_gmt":"2022-03-03T21:56:53","guid":{"rendered":"https:\/\/hrex.aloldal.xyz\/?page_id=1512"},"modified":"2022-06-15T09:42:19","modified_gmt":"2022-06-15T09:42:19","slug":"munkaero-kozvetito","status":"publish","type":"page","link":"https:\/\/hrexpresskft.hu\/en\/munkaero-kozvetito\/","title":{"rendered":"Personnel placement agency"},"content":{"rendered":"<h2 style=\"text-align: justify;\"><strong>What is a personnel placement agency?<\/strong><\/h2>\n<p style=\"text-align: justify;\">First of all, let\u2019s clarify the concept of a personnel placement agency. A personnel placement agency is an organisation that carries out the recruitment, search and selection of the workforce for outsourcing and produces a report on it.<br \/>\nThe job of a personnel placement agency is a set of private services that aim to bring jobseekers and those offering jobs together within the framework of the labour market, under conditions that are beneficial to both parties.<br \/>\nThe work of a personnel placement agency in our country is regulated by a government decree. This is Government Decree No 118\/2001 (VI. 30.). This decree covers the rules for registration of the activity of the personnel placement agency and the conditions for its exercise.<br \/>\nContrary to the misconception of many, a personnel placement agency is not the same as a temporary employment agency. A personnel placement agency is a third party between job-seeking individuals and the companies offering a job, whose task is to bring the two parties together. Unlike a temporary employment agency, if the two parties meet successfully, the relationship is terminated, i.e. there is no tripartite relationship thereafter. So, to sum it up, in our case the task is to facilitate the establishment of a working relationship.<br \/>\nA personnel placement agency is therefore a company that specialises in recruitment and selection, providing its client with candidates who meet its requirements.<\/p>\n<h2 style=\"text-align: justify;\"><strong>How does a personnel placement agency work?<br \/>\n<\/strong><\/h2>\n<p style=\"text-align: justify;\">Here we would like to emphasize that from the client\u2019s point of view, the mediation ensures that we effectively complement the work of the HR department, which usually lacks capacity, since<\/p>\n<ul style=\"text-align: justify;\">\n<li><em>you tell us what you need, we will find and pre-screen the people who are interested,<\/em><\/li>\n<li><em>and only refer potential candidates whose suitability we guarantee<\/em><\/li>\n<\/ul>\n<p style=\"text-align: justify;\">If you also take advantage of our HR consultancy services, you can optimise your labour processes. Read more about this on our HR consultancy page.<\/p>\n<p style=\"text-align: justify;\">In the following we present the steps and processes you may encounter when using our personnel placement services.<\/p>\n<ul style=\"text-align: justify;\">\n<li><em>in the first step we assess the needs,<\/em><\/li>\n<li><em>then we develop a search and selection strategy,<\/em><\/li>\n<li><em>we prepare the job advertising campaign,<\/em><\/li>\n<li><em>we search for candidates using different techniques, which may be specific or complex (different databases, social media, etc.),<\/em><\/li>\n<li><em>this is followed by a pre-screening of the shortlist of suitable candidates, then by the interviews,<\/em><\/li>\n<li><em>we prepare a detailed report on the suitable candidates and we participate in the decision,<\/em><\/li>\n<li><em>we will notify both the successful and unsuccessful candidates,<\/em><\/li>\n<li><em>we facilitate the entry of the selected candidate and monitor their probationary period,<\/em><\/li>\n<li><em>and we provide HR consultancy on request<\/em><\/li>\n<\/ul>\n<h2 style=\"text-align: justify;\"><strong>What positions do companies usually contact us about?<\/strong><\/h2>\n<p style=\"text-align: justify;\">For practically all vacancies, but below we highlight a few areas to give our prospective clients an idea.<\/p>\n<ul style=\"text-align: justify;\">\n<li>student jobs,<\/li>\n<li>intellectual labour,<\/li>\n<li>Physical labour,<\/li>\n<li>executive search services and headhunting,<\/li>\n<li>or the placement of foreign labour<\/li>\n<\/ul>\n<h2 style=\"text-align: justify;\"><strong>Why us?<\/strong><\/h2>\n<p style=\"text-align: justify;\">Because we help you significantly reduce the cost of finding the right candidate. In return for the placement fee, we guarantee that you will be able to resume your operations with the right new employee within a predictable timeframe, minimising the time lost.<br \/>\nWith this in mind, we should mention that we are fast and flexible<br \/>\nAnd perhaps one of the most important reasons is that we can complement our activities with HR consultancy, which allows for further acceleration of the process.<\/p>","protected":false},"excerpt":{"rendered":"<p>Mi az a munkaer\u0151 k\u00f6zvet\u00edt\u0151? Mindenek el\u0151tt tiszt\u00e1zzuk a munkaer\u0151 k\u00f6zvet\u00edt\u0151 fogalm\u00e1t. A munkaer\u0151 k\u00f6zvet\u00edt\u0151 az, aki elv\u00e9gzi a kiszervezett munkaer\u0151 toborz\u00e1st, keres\u00e9st \u00e9s kiv\u00e1laszt\u00e1st \u00e9s<span class=\"excerpt-hellip\"> [\u2026]<\/span><\/p>","protected":false},"author":1,"featured_media":0,"parent":0,"menu_order":0,"comment_status":"closed","ping_status":"closed","template":"","meta":[],"yoast_head":"<!-- This site is optimized with the Yoast SEO plugin v19.1 - https:\/\/yoast.com\/wordpress\/plugins\/seo\/ -->\n<title>Munkaer\u0151 k\u00f6zvet\u00edt\u0151 - HR Express Kft.<\/title>\n<meta name=\"description\" content=\"A munkaer\u0151 k\u00f6zvet\u00edt\u0151 nem munkaer\u0151 k\u00f6lcs\u00f6nz\u0151. Ebben az esetben egy megb\u00edz\u00e1s teljes\u00fcl, melynek \u00e9rtelm\u00e9ben a k\u00f6zvet\u00edt\u0151 c\u00e9g megkeresi a megfelel\u0151 jel\u00f6ltet.\" \/>\n<meta name=\"robots\" content=\"index, follow, max-snippet:-1, max-image-preview:large, max-video-preview:-1\" \/>\n<link rel=\"canonical\" href=\"https:\/\/hrexpresskft.hu\/en\/munkaero-kozvetito\/\" \/>\n<meta property=\"og:locale\" content=\"en_GB\" \/>\n<meta property=\"og:type\" content=\"article\" \/>\n<meta property=\"og:title\" content=\"Munkaer\u0151 k\u00f6zvet\u00edt\u0151 - HR Express Kft.\" \/>\n<meta property=\"og:description\" content=\"A munkaer\u0151 k\u00f6zvet\u00edt\u0151 nem munkaer\u0151 k\u00f6lcs\u00f6nz\u0151. Ebben az esetben egy megb\u00edz\u00e1s teljes\u00fcl, melynek \u00e9rtelm\u00e9ben a k\u00f6zvet\u00edt\u0151 c\u00e9g megkeresi a megfelel\u0151 jel\u00f6ltet.\" \/>\n<meta property=\"og:url\" content=\"https:\/\/hrexpresskft.hu\/en\/munkaero-kozvetito\/\" \/>\n<meta property=\"og:site_name\" content=\"HR Express Kft.\" \/>\n<meta property=\"article:modified_time\" content=\"2022-06-15T09:42:19+00:00\" \/>\n<meta name=\"twitter:card\" content=\"summary_large_image\" \/>\n<meta name=\"twitter:label1\" content=\"Estimated reading time\" \/>\n\t<meta name=\"twitter:data1\" content=\"4 minutes\" \/>\n<script type=\"application\/ld+json\" class=\"yoast-schema-graph\">{\"@context\":\"https:\/\/schema.org\",\"@graph\":[{\"@type\":\"Organization\",\"@id\":\"https:\/\/hrexpresskft.hu\/#organization\",\"name\":\"HR EXPRESS KFT.\",\"url\":\"https:\/\/hrexpresskft.hu\/\",\"sameAs\":[],\"logo\":{\"@type\":\"ImageObject\",\"inLanguage\":\"en-GB\",\"@id\":\"https:\/\/hrexpresskft.hu\/#\/schema\/logo\/image\/\",\"url\":\"https:\/\/hrexpresskft.hu\/wp-content\/uploads\/2022\/03\/hr-express-logo-szines.png\",\"contentUrl\":\"https:\/\/hrexpresskft.hu\/wp-content\/uploads\/2022\/03\/hr-express-logo-szines.png\",\"width\":340,\"height\":180,\"caption\":\"HR EXPRESS KFT.\"},\"image\":{\"@id\":\"https:\/\/hrexpresskft.hu\/#\/schema\/logo\/image\/\"}},{\"@type\":\"WebSite\",\"@id\":\"https:\/\/hrexpresskft.hu\/#website\",\"url\":\"https:\/\/hrexpresskft.hu\/\",\"name\":\"HR Express Kft.\",\"description\":\"munkaer\u0151 k\u00f6zvet\u00edt\u00e9s, munkaer\u0151 k\u00f6lcs\u00f6nz\u00e9s, HR tan\u00e1csad\u00e1s, fejvad\u00e1szat, outsourcing, ukr\u00e1n munkaer\u0151, munkaer\u0151 k\u00f6zvet\u00edt\u0151\",\"publisher\":{\"@id\":\"https:\/\/hrexpresskft.hu\/#organization\"},\"potentialAction\":[{\"@type\":\"SearchAction\",\"target\":{\"@type\":\"EntryPoint\",\"urlTemplate\":\"https:\/\/hrexpresskft.hu\/?s={search_term_string}\"},\"query-input\":\"required name=search_term_string\"}],\"inLanguage\":\"en-GB\"},{\"@type\":\"WebPage\",\"@id\":\"https:\/\/hrexpresskft.hu\/munkaero-kozvetito\/#webpage\",\"url\":\"https:\/\/hrexpresskft.hu\/munkaero-kozvetito\/\",\"name\":\"Munkaer\u0151 k\u00f6zvet\u00edt\u0151 - HR Express Kft.\",\"isPartOf\":{\"@id\":\"https:\/\/hrexpresskft.hu\/#website\"},\"datePublished\":\"2022-03-03T21:56:53+00:00\",\"dateModified\":\"2022-06-15T09:42:19+00:00\",\"description\":\"A munkaer\u0151 k\u00f6zvet\u00edt\u0151 nem munkaer\u0151 k\u00f6lcs\u00f6nz\u0151. Ebben az esetben egy megb\u00edz\u00e1s teljes\u00fcl, melynek \u00e9rtelm\u00e9ben a k\u00f6zvet\u00edt\u0151 c\u00e9g megkeresi a megfelel\u0151 jel\u00f6ltet.\",\"breadcrumb\":{\"@id\":\"https:\/\/hrexpresskft.hu\/munkaero-kozvetito\/#breadcrumb\"},\"inLanguage\":\"en-GB\",\"potentialAction\":[{\"@type\":\"ReadAction\",\"target\":[\"https:\/\/hrexpresskft.hu\/munkaero-kozvetito\/\"]}]},{\"@type\":\"BreadcrumbList\",\"@id\":\"https:\/\/hrexpresskft.hu\/munkaero-kozvetito\/#breadcrumb\",\"itemListElement\":[{\"@type\":\"ListItem\",\"position\":1,\"name\":\"Kezd\u0151lap\",\"item\":\"https:\/\/hrexpresskft.hu\/\"},{\"@type\":\"ListItem\",\"position\":2,\"name\":\"Munkaer\u0151 k\u00f6zvet\u00edt\u0151\"}]}]}<\/script>\n<!-- \/ Yoast SEO plugin. -->","yoast_head_json":{"title":"Munkaer\u0151 k\u00f6zvet\u00edt\u0151 - HR Express Kft.","description":"A munkaer\u0151 k\u00f6zvet\u00edt\u0151 nem munkaer\u0151 k\u00f6lcs\u00f6nz\u0151. Ebben az esetben egy megb\u00edz\u00e1s teljes\u00fcl, melynek \u00e9rtelm\u00e9ben a k\u00f6zvet\u00edt\u0151 c\u00e9g megkeresi a megfelel\u0151 jel\u00f6ltet.","robots":{"index":"index","follow":"follow","max-snippet":"max-snippet:-1","max-image-preview":"max-image-preview:large","max-video-preview":"max-video-preview:-1"},"canonical":"https:\/\/hrexpresskft.hu\/en\/munkaero-kozvetito\/","og_locale":"en_GB","og_type":"article","og_title":"Munkaer\u0151 k\u00f6zvet\u00edt\u0151 - HR Express Kft.","og_description":"A munkaer\u0151 k\u00f6zvet\u00edt\u0151 nem munkaer\u0151 k\u00f6lcs\u00f6nz\u0151. Ebben az esetben egy megb\u00edz\u00e1s teljes\u00fcl, melynek \u00e9rtelm\u00e9ben a k\u00f6zvet\u00edt\u0151 c\u00e9g megkeresi a megfelel\u0151 jel\u00f6ltet.","og_url":"https:\/\/hrexpresskft.hu\/en\/munkaero-kozvetito\/","og_site_name":"HR Express Kft.","article_modified_time":"2022-06-15T09:42:19+00:00","twitter_card":"summary_large_image","twitter_misc":{"Estimated reading time":"4 minutes"},"schema":{"@context":"https:\/\/schema.org","@graph":[{"@type":"Organization","@id":"https:\/\/hrexpresskft.hu\/#organization","name":"HR EXPRESS KFT.","url":"https:\/\/hrexpresskft.hu\/","sameAs":[],"logo":{"@type":"ImageObject","inLanguage":"en-GB","@id":"https:\/\/hrexpresskft.hu\/#\/schema\/logo\/image\/","url":"https:\/\/hrexpresskft.hu\/wp-content\/uploads\/2022\/03\/hr-express-logo-szines.png","contentUrl":"https:\/\/hrexpresskft.hu\/wp-content\/uploads\/2022\/03\/hr-express-logo-szines.png","width":340,"height":180,"caption":"HR EXPRESS KFT."},"image":{"@id":"https:\/\/hrexpresskft.hu\/#\/schema\/logo\/image\/"}},{"@type":"WebSite","@id":"https:\/\/hrexpresskft.hu\/#website","url":"https:\/\/hrexpresskft.hu\/","name":"HR Express Kft.","description":"munkaer\u0151 k\u00f6zvet\u00edt\u00e9s, munkaer\u0151 k\u00f6lcs\u00f6nz\u00e9s, HR tan\u00e1csad\u00e1s, fejvad\u00e1szat, outsourcing, ukr\u00e1n munkaer\u0151, munkaer\u0151 k\u00f6zvet\u00edt\u0151","publisher":{"@id":"https:\/\/hrexpresskft.hu\/#organization"},"potentialAction":[{"@type":"SearchAction","target":{"@type":"EntryPoint","urlTemplate":"https:\/\/hrexpresskft.hu\/?s={search_term_string}"},"query-input":"required name=search_term_string"}],"inLanguage":"en-GB"},{"@type":"WebPage","@id":"https:\/\/hrexpresskft.hu\/munkaero-kozvetito\/#webpage","url":"https:\/\/hrexpresskft.hu\/munkaero-kozvetito\/","name":"Munkaer\u0151 k\u00f6zvet\u00edt\u0151 - HR Express Kft.","isPartOf":{"@id":"https:\/\/hrexpresskft.hu\/#website"},"datePublished":"2022-03-03T21:56:53+00:00","dateModified":"2022-06-15T09:42:19+00:00","description":"A munkaer\u0151 k\u00f6zvet\u00edt\u0151 nem munkaer\u0151 k\u00f6lcs\u00f6nz\u0151. Ebben az esetben egy megb\u00edz\u00e1s teljes\u00fcl, melynek \u00e9rtelm\u00e9ben a k\u00f6zvet\u00edt\u0151 c\u00e9g megkeresi a megfelel\u0151 jel\u00f6ltet.","breadcrumb":{"@id":"https:\/\/hrexpresskft.hu\/munkaero-kozvetito\/#breadcrumb"},"inLanguage":"en-GB","potentialAction":[{"@type":"ReadAction","target":["https:\/\/hrexpresskft.hu\/munkaero-kozvetito\/"]}]},{"@type":"BreadcrumbList","@id":"https:\/\/hrexpresskft.hu\/munkaero-kozvetito\/#breadcrumb","itemListElement":[{"@type":"ListItem","position":1,"name":"Kezd\u0151lap","item":"https:\/\/hrexpresskft.hu\/"},{"@type":"ListItem","position":2,"name":"Munkaer\u0151 k\u00f6zvet\u00edt\u0151"}]}]}},"_links":{"self":[{"href":"https:\/\/hrexpresskft.hu\/en\/wp-json\/wp\/v2\/pages\/1512"}],"collection":[{"href":"https:\/\/hrexpresskft.hu\/en\/wp-json\/wp\/v2\/pages"}],"about":[{"href":"https:\/\/hrexpresskft.hu\/en\/wp-json\/wp\/v2\/types\/page"}],"author":[{"embeddable":true,"href":"https:\/\/hrexpresskft.hu\/en\/wp-json\/wp\/v2\/users\/1"}],"replies":[{"embeddable":true,"href":"https:\/\/hrexpresskft.hu\/en\/wp-json\/wp\/v2\/comments?post=1512"}],"version-history":[{"count":3,"href":"https:\/\/hrexpresskft.hu\/en\/wp-json\/wp\/v2\/pages\/1512\/revisions"}],"predecessor-version":[{"id":1552,"href":"https:\/\/hrexpresskft.hu\/en\/wp-json\/wp\/v2\/pages\/1512\/revisions\/1552"}],"wp:attachment":[{"href":"https:\/\/hrexpresskft.hu\/en\/wp-json\/wp\/v2\/media?parent=1512"}],"curies":[{"name":"wp","href":"https:\/\/api.w.org\/{rel}","templated":true}]}}