{"id":1510,"date":"2022-03-03T21:56:27","date_gmt":"2022-03-03T21:56:27","guid":{"rendered":"https:\/\/hrex.aloldal.xyz\/?page_id=1510"},"modified":"2022-09-21T08:58:03","modified_gmt":"2022-09-21T08:58:03","slug":"munkaero-kolcsonzes","status":"publish","type":"page","link":"https:\/\/hrexpresskft.hu\/en\/munkaero-kolcsonzes\/","title":{"rendered":"Temporary employment"},"content":{"rendered":"<h2 style=\"text-align: justify;\"><strong>Why do you need to hire manpower?<br \/>\n<\/strong><\/h2>\n<p style=\"text-align: justify;\">In recent years, as the economy was stabilising, labour shortages have re-emerged. There are areas, and especially for manual workers\u2014we think here of semi-skilled and skilled workers\u2014where we can see a growth in demand of up to 100%. Although we are mainly talking about manual workers, there are also many difficulties with the so-called white-collar workers as well.<br \/>\nIn such cases, companies are not in a position to deal with the shortage on their own. They do not have either the human resources or the time to find the right people to fill the gaps.<br \/>\nTemporary employment agencies are designed to do this. We in the temporary employment business are well prepared, both professionally and in terms of human resources, to deal with this situation.<br \/>\nWe know that labour shortages are very high in some areas, so this is a major problem. That is why we suggest that hiring labour should not only come to the fore when the house is on fire. It is a good idea to find out about these opportunities before there is a shortage of staff in your company. If this is done, the company management and the HR department can prepare for a stressful period in good time.<\/p>\n<h2 style=\"text-align: justify;\"><strong>And why is it good to hire manpower?<br \/>\n<\/strong><\/h2>\n<p style=\"text-align: justify;\">The shortest answer to this is because it can fill labour shortages very quickly. However, let us present in a little more detail why hiring labour is good for you.<\/p>\n<p style=\"text-align: justify;\">Firstly, because if you choose to hire labour, you get ready-made workers, because<\/p>\n<ul style=\"text-align: justify;\">\n<li><em>we take care of advertising and recruitment<\/em><\/li>\n<li><em>all applicants will be informed after the decision<\/em><\/li>\n<li><em>successful applicants will be informed of the start date,<\/em><\/li>\n<li><em>we have a medical examination for fitness for work done<\/em><\/li>\n<li><em>we conclude the employment contract and prepare the declarations<\/em><\/li>\n<li><em>we fulfil the reporting obligations to the National Tax and Customs Administration and the Hungarian Central Statistical Office,<\/em><\/li>\n<li><em>we provide personal protective equipment as required.<\/em><\/li>\n<\/ul>\n<p style=\"text-align: justify;\">And if this was not enough of a reason to hire labour, take a look at what tasks we, as the employer, perform for you.<\/p>\n<ul style=\"text-align: justify;\">\n<li><em>If you take on a member of our staff, you have the opportunity to get to know them first.<\/em><\/li>\n<li><em>We take care of the payroll.<\/em><\/li>\n<li><em>We take care of the social security administration (sick pay, child-nursing sick-pay, infant-care benefit, child-care benefit etc.).<\/em><\/li>\n<li><em>We take care of the registration and deregistration of employees with the National Tax and Customs Administration as well as the submission of tax returns.<\/em><\/li>\n<li><em>We handle salary attachments.<\/em><\/li>\n<li><em>We prepare and issue certificates.<\/em><\/li>\n<li><em>We keep records and comply with data reporting obligations.<\/em><\/li>\n<li><em>In case of illness, we monitor the recovery.<\/em><\/li>\n<li><em>If needed, we provide our colleagues with a salary advance.<\/em><\/li>\n<li><em>We also carry out the termination of employment contracts.<\/em><\/li>\n<li><em>We ensure flexibility in terms of staff numbers. <\/em><\/li>\n<li><em>In urgent cases, we can help you solve your needs any time, 24 hours a day.<\/em><\/li>\n<\/ul>\n<p style=\"text-align: justify;\">All you have to do is let us know what kind of employee you need and we will do the rest.<br \/>\nWe do everything in our power to ensure your and the jobseekers\u2019 maximum satisfaction. We will not disappoint you.<\/p>\n<h2 style=\"text-align: justify;\"><strong>Finally, some thoughts on cost optimisation<br \/>\n<\/strong><\/h2>\n<p style=\"text-align: justify;\">When you hire labour, your company also gets a cost optimisation because<\/p>\n<ul>\n<li style=\"text-align: justify;\"><em>the cost of hiring labour is not a wage cost for your company, but a tax base reduction factor, so it can be accounted for as an expense,<\/em><\/li>\n<li style=\"text-align: justify;\"><em>temporary agency workers are not reflected in the headcount, so in addition to the labour cost, the number of employees can also be kept at an optimal level,<\/em><\/li>\n<li style=\"text-align: justify;\"><em>and during the first 6 months of temporary work, temporary workers can be employed at a lower wage.<\/em><\/li>\n<\/ul>","protected":false},"excerpt":{"rendered":"<p>Mi\u00e9rt sz\u00fcks\u00e9ges a munkaer\u0151 k\u00f6lcs\u00f6nz\u00e9s? Az elm\u00falt \u00e9vekben, a gazdas\u00e1g stabiliz\u00e1l\u00f3d\u00e1s\u00e1val p\u00e1rhuzamosan \u00fajra megjelent a munkaer\u0151hi\u00e1ny. Vannak olyan ter\u00fcletek, \u00e9s els\u0151sorban a fizikai dolgoz\u00f3k eset\u00e9ben \u2013<span class=\"excerpt-hellip\"> [\u2026]<\/span><\/p>","protected":false},"author":1,"featured_media":0,"parent":0,"menu_order":0,"comment_status":"closed","ping_status":"closed","template":"","meta":[],"yoast_head":"<!-- This site is optimized with the Yoast SEO plugin v19.1 - https:\/\/yoast.com\/wordpress\/plugins\/seo\/ -->\n<title>Munkaer\u0151 k\u00f6lcs\u00f6nz\u00e9s - HR Express Kft.<\/title>\n<meta name=\"description\" content=\"A munkaer\u0151 k\u00f6lcs\u00f6nz\u00e9s egy olyan tev\u00e9kenys\u00e9g, amelynek keret\u00e9ben a k\u00f6lcs\u00f6nad\u00f3 biztos\u00edtja a k\u00f6lcs\u00f6nvev\u0151 r\u00e9sz\u00e9re a vele munkaviszonyban \u00e1ll\u00f3 munkaer\u0151t.\" \/>\n<meta name=\"robots\" content=\"index, follow, max-snippet:-1, max-image-preview:large, max-video-preview:-1\" \/>\n<link rel=\"canonical\" href=\"https:\/\/hrexpresskft.hu\/en\/munkaero-kolcsonzes\/\" \/>\n<meta property=\"og:locale\" content=\"en_GB\" \/>\n<meta property=\"og:type\" content=\"article\" \/>\n<meta property=\"og:title\" content=\"Munkaer\u0151 k\u00f6lcs\u00f6nz\u00e9s - HR Express Kft.\" \/>\n<meta property=\"og:description\" content=\"A munkaer\u0151 k\u00f6lcs\u00f6nz\u00e9s egy olyan tev\u00e9kenys\u00e9g, amelynek keret\u00e9ben a k\u00f6lcs\u00f6nad\u00f3 biztos\u00edtja a k\u00f6lcs\u00f6nvev\u0151 r\u00e9sz\u00e9re a vele munkaviszonyban \u00e1ll\u00f3 munkaer\u0151t.\" \/>\n<meta property=\"og:url\" content=\"https:\/\/hrexpresskft.hu\/en\/munkaero-kolcsonzes\/\" \/>\n<meta property=\"og:site_name\" content=\"HR Express Kft.\" \/>\n<meta property=\"article:modified_time\" content=\"2022-09-21T08:58:03+00:00\" \/>\n<meta name=\"twitter:card\" content=\"summary_large_image\" \/>\n<meta name=\"twitter:label1\" content=\"Estimated reading time\" \/>\n\t<meta name=\"twitter:data1\" content=\"4 minutes\" \/>\n<script type=\"application\/ld+json\" class=\"yoast-schema-graph\">{\"@context\":\"https:\/\/schema.org\",\"@graph\":[{\"@type\":\"Organization\",\"@id\":\"https:\/\/hrexpresskft.hu\/#organization\",\"name\":\"HR EXPRESS KFT.\",\"url\":\"https:\/\/hrexpresskft.hu\/\",\"sameAs\":[],\"logo\":{\"@type\":\"ImageObject\",\"inLanguage\":\"en-GB\",\"@id\":\"https:\/\/hrexpresskft.hu\/#\/schema\/logo\/image\/\",\"url\":\"https:\/\/hrexpresskft.hu\/wp-content\/uploads\/2022\/03\/hr-express-logo-szines.png\",\"contentUrl\":\"https:\/\/hrexpresskft.hu\/wp-content\/uploads\/2022\/03\/hr-express-logo-szines.png\",\"width\":340,\"height\":180,\"caption\":\"HR EXPRESS KFT.\"},\"image\":{\"@id\":\"https:\/\/hrexpresskft.hu\/#\/schema\/logo\/image\/\"}},{\"@type\":\"WebSite\",\"@id\":\"https:\/\/hrexpresskft.hu\/#website\",\"url\":\"https:\/\/hrexpresskft.hu\/\",\"name\":\"HR Express Kft.\",\"description\":\"munkaer\u0151 k\u00f6zvet\u00edt\u00e9s, munkaer\u0151 k\u00f6lcs\u00f6nz\u00e9s, HR tan\u00e1csad\u00e1s, fejvad\u00e1szat, outsourcing, ukr\u00e1n munkaer\u0151, munkaer\u0151 k\u00f6zvet\u00edt\u0151\",\"publisher\":{\"@id\":\"https:\/\/hrexpresskft.hu\/#organization\"},\"potentialAction\":[{\"@type\":\"SearchAction\",\"target\":{\"@type\":\"EntryPoint\",\"urlTemplate\":\"https:\/\/hrexpresskft.hu\/?s={search_term_string}\"},\"query-input\":\"required name=search_term_string\"}],\"inLanguage\":\"en-GB\"},{\"@type\":\"WebPage\",\"@id\":\"https:\/\/hrexpresskft.hu\/munkaero-kolcsonzes\/#webpage\",\"url\":\"https:\/\/hrexpresskft.hu\/munkaero-kolcsonzes\/\",\"name\":\"Munkaer\u0151 k\u00f6lcs\u00f6nz\u00e9s - HR Express Kft.\",\"isPartOf\":{\"@id\":\"https:\/\/hrexpresskft.hu\/#website\"},\"datePublished\":\"2022-03-03T21:56:27+00:00\",\"dateModified\":\"2022-09-21T08:58:03+00:00\",\"description\":\"A munkaer\u0151 k\u00f6lcs\u00f6nz\u00e9s egy olyan tev\u00e9kenys\u00e9g, amelynek keret\u00e9ben a k\u00f6lcs\u00f6nad\u00f3 biztos\u00edtja a k\u00f6lcs\u00f6nvev\u0151 r\u00e9sz\u00e9re a vele munkaviszonyban \u00e1ll\u00f3 munkaer\u0151t.\",\"breadcrumb\":{\"@id\":\"https:\/\/hrexpresskft.hu\/munkaero-kolcsonzes\/#breadcrumb\"},\"inLanguage\":\"en-GB\",\"potentialAction\":[{\"@type\":\"ReadAction\",\"target\":[\"https:\/\/hrexpresskft.hu\/munkaero-kolcsonzes\/\"]}]},{\"@type\":\"BreadcrumbList\",\"@id\":\"https:\/\/hrexpresskft.hu\/munkaero-kolcsonzes\/#breadcrumb\",\"itemListElement\":[{\"@type\":\"ListItem\",\"position\":1,\"name\":\"Kezd\u0151lap\",\"item\":\"https:\/\/hrexpresskft.hu\/\"},{\"@type\":\"ListItem\",\"position\":2,\"name\":\"Munkaer\u0151 k\u00f6lcs\u00f6nz\u00e9s\"}]}]}<\/script>\n<!-- \/ Yoast SEO plugin. -->","yoast_head_json":{"title":"Munkaer\u0151 k\u00f6lcs\u00f6nz\u00e9s - HR Express Kft.","description":"A munkaer\u0151 k\u00f6lcs\u00f6nz\u00e9s egy olyan tev\u00e9kenys\u00e9g, amelynek keret\u00e9ben a k\u00f6lcs\u00f6nad\u00f3 biztos\u00edtja a k\u00f6lcs\u00f6nvev\u0151 r\u00e9sz\u00e9re a vele munkaviszonyban \u00e1ll\u00f3 munkaer\u0151t.","robots":{"index":"index","follow":"follow","max-snippet":"max-snippet:-1","max-image-preview":"max-image-preview:large","max-video-preview":"max-video-preview:-1"},"canonical":"https:\/\/hrexpresskft.hu\/en\/munkaero-kolcsonzes\/","og_locale":"en_GB","og_type":"article","og_title":"Munkaer\u0151 k\u00f6lcs\u00f6nz\u00e9s - HR Express Kft.","og_description":"A munkaer\u0151 k\u00f6lcs\u00f6nz\u00e9s egy olyan tev\u00e9kenys\u00e9g, amelynek keret\u00e9ben a k\u00f6lcs\u00f6nad\u00f3 biztos\u00edtja a k\u00f6lcs\u00f6nvev\u0151 r\u00e9sz\u00e9re a vele munkaviszonyban \u00e1ll\u00f3 munkaer\u0151t.","og_url":"https:\/\/hrexpresskft.hu\/en\/munkaero-kolcsonzes\/","og_site_name":"HR Express Kft.","article_modified_time":"2022-09-21T08:58:03+00:00","twitter_card":"summary_large_image","twitter_misc":{"Estimated reading time":"4 minutes"},"schema":{"@context":"https:\/\/schema.org","@graph":[{"@type":"Organization","@id":"https:\/\/hrexpresskft.hu\/#organization","name":"HR EXPRESS KFT.","url":"https:\/\/hrexpresskft.hu\/","sameAs":[],"logo":{"@type":"ImageObject","inLanguage":"en-GB","@id":"https:\/\/hrexpresskft.hu\/#\/schema\/logo\/image\/","url":"https:\/\/hrexpresskft.hu\/wp-content\/uploads\/2022\/03\/hr-express-logo-szines.png","contentUrl":"https:\/\/hrexpresskft.hu\/wp-content\/uploads\/2022\/03\/hr-express-logo-szines.png","width":340,"height":180,"caption":"HR EXPRESS KFT."},"image":{"@id":"https:\/\/hrexpresskft.hu\/#\/schema\/logo\/image\/"}},{"@type":"WebSite","@id":"https:\/\/hrexpresskft.hu\/#website","url":"https:\/\/hrexpresskft.hu\/","name":"HR Express Kft.","description":"munkaer\u0151 k\u00f6zvet\u00edt\u00e9s, munkaer\u0151 k\u00f6lcs\u00f6nz\u00e9s, HR tan\u00e1csad\u00e1s, fejvad\u00e1szat, outsourcing, ukr\u00e1n munkaer\u0151, munkaer\u0151 k\u00f6zvet\u00edt\u0151","publisher":{"@id":"https:\/\/hrexpresskft.hu\/#organization"},"potentialAction":[{"@type":"SearchAction","target":{"@type":"EntryPoint","urlTemplate":"https:\/\/hrexpresskft.hu\/?s={search_term_string}"},"query-input":"required name=search_term_string"}],"inLanguage":"en-GB"},{"@type":"WebPage","@id":"https:\/\/hrexpresskft.hu\/munkaero-kolcsonzes\/#webpage","url":"https:\/\/hrexpresskft.hu\/munkaero-kolcsonzes\/","name":"Munkaer\u0151 k\u00f6lcs\u00f6nz\u00e9s - HR Express Kft.","isPartOf":{"@id":"https:\/\/hrexpresskft.hu\/#website"},"datePublished":"2022-03-03T21:56:27+00:00","dateModified":"2022-09-21T08:58:03+00:00","description":"A munkaer\u0151 k\u00f6lcs\u00f6nz\u00e9s egy olyan tev\u00e9kenys\u00e9g, amelynek keret\u00e9ben a k\u00f6lcs\u00f6nad\u00f3 biztos\u00edtja a k\u00f6lcs\u00f6nvev\u0151 r\u00e9sz\u00e9re a vele munkaviszonyban \u00e1ll\u00f3 munkaer\u0151t.","breadcrumb":{"@id":"https:\/\/hrexpresskft.hu\/munkaero-kolcsonzes\/#breadcrumb"},"inLanguage":"en-GB","potentialAction":[{"@type":"ReadAction","target":["https:\/\/hrexpresskft.hu\/munkaero-kolcsonzes\/"]}]},{"@type":"BreadcrumbList","@id":"https:\/\/hrexpresskft.hu\/munkaero-kolcsonzes\/#breadcrumb","itemListElement":[{"@type":"ListItem","position":1,"name":"Kezd\u0151lap","item":"https:\/\/hrexpresskft.hu\/"},{"@type":"ListItem","position":2,"name":"Munkaer\u0151 k\u00f6lcs\u00f6nz\u00e9s"}]}]}},"_links":{"self":[{"href":"https:\/\/hrexpresskft.hu\/en\/wp-json\/wp\/v2\/pages\/1510"}],"collection":[{"href":"https:\/\/hrexpresskft.hu\/en\/wp-json\/wp\/v2\/pages"}],"about":[{"href":"https:\/\/hrexpresskft.hu\/en\/wp-json\/wp\/v2\/types\/page"}],"author":[{"embeddable":true,"href":"https:\/\/hrexpresskft.hu\/en\/wp-json\/wp\/v2\/users\/1"}],"replies":[{"embeddable":true,"href":"https:\/\/hrexpresskft.hu\/en\/wp-json\/wp\/v2\/comments?post=1510"}],"version-history":[{"count":5,"href":"https:\/\/hrexpresskft.hu\/en\/wp-json\/wp\/v2\/pages\/1510\/revisions"}],"predecessor-version":[{"id":1591,"href":"https:\/\/hrexpresskft.hu\/en\/wp-json\/wp\/v2\/pages\/1510\/revisions\/1591"}],"wp:attachment":[{"href":"https:\/\/hrexpresskft.hu\/en\/wp-json\/wp\/v2\/media?parent=1510"}],"curies":[{"name":"wp","href":"https:\/\/api.w.org\/{rel}","templated":true}]}}