{"id":1504,"date":"2022-03-03T21:42:07","date_gmt":"2022-03-03T21:42:07","guid":{"rendered":"https:\/\/hrex.aloldal.xyz\/?page_id=1504"},"modified":"2022-06-15T09:43:28","modified_gmt":"2022-06-15T09:43:28","slug":"ukran-munkaero","status":"publish","type":"page","link":"https:\/\/hrexpresskft.hu\/en\/ukran-munkaero\/","title":{"rendered":"Ukrainian workforce"},"content":{"rendered":"<h2 style=\"text-align: justify;\"><strong>Ukrainian manpower? But why?<\/strong><\/h2>\n<p style=\"text-align: justify;\">Well, this question has been asked by quite a lot of people, and of course we have encountered it ourselves. The fact is that in recent years there has been a real increase in the need to employ foreign labour, so Ukrainian manpower has also become in demand.<br \/>\nThe experience in the Hungarian labour market in recent years is that due to the existing labour shortage, it is no longer possible to fill certain positions with Hungarian workers. These positions remain unfilled, and this has led to a significant reduction in production in some areas. If we look at the economic impact of this, it has to be acknowledged that the loss of production causes a huge loss for companies.<br \/>\nAnd here is the answer to the question. Ukrainian workers can help fill these positions. This allows you to serve an existing customer base or to ensure the completion of an investment project on time. In many cases, there is even an opportunity for us to develop a new customer base for companies.<\/p>\n<h2 style=\"text-align: justify;\"><strong>Is it economically worthwhile to employ Ukrainian workers from other aspects?<br \/>\n<\/strong><\/h2>\n<p style=\"text-align: justify;\">The answer is clearly yes. But we explain it so that it becomes clear to everyone. It was already stated in the previous section that there is a labour shortage in the Hungarian labour market. Since 2016, the law has allowed this shortage to be filled by workers from outside the European Union. The Ukrainian workforce is a great way to fill the gap.<br \/>\nThe aforementioned legislation allows workers from non-EU countries to be employed under a simplified procedure. This category also includes Ukrainian and Serbian workers. This also means, with a little exaggeration, that the Ukrainian workforce can be put to work overnight.<br \/>\nFrom an economic point of view, we need to assess what our total costs and inputs are for Hungarian labour and what they would be for Ukrainian labour. What you will probably have to take into account in many cases is the cost of transport to Hungary, accommodation preferably close to the workplace, and the cost of the mediation (we will not be the biggest item).<br \/>\nAnother economic aspect is the exposure to the domestic labour market. In the case of Ukrainian workers, this is significantly reduced. Because if a company wants to hire 50 people in one or two months, that is almost impossible today.<br \/>\nIn addition, the cost of recruiting Hungarian workers is higher, not to mention the fact that a large proportion of applicants drop out relatively quickly, as many employers cannot offer a package that Hungarian workers expect. This is especially the case in manual jobs. We find that the Hungarian workforce has a higher turnover rate. This is because Hungarian workers can change more quickly and easily than Ukrainian ones. This is another economic point, as the cost of continuous entries and exits can be significantly reduced by using Ukrainian labour.<\/p>\n<h2 style=\"text-align: justify;\"><strong>Another economic aspect is, training costs and extra work.<br \/>\n<\/strong><\/h2>\n<p style=\"text-align: justify;\">In the case of Hungarian workers, we often find that shortly after training, the worker changes jobs in the hope of a higher salary. It is possible, because they already have the proper knowledge. For Ukrainian workers, this is a significantly lower risk.<br \/>\nIt is also a fact that the Ukrainian workforce is more willing to work overtime or on weekends. This means that fixed labour costs become much cheaper in unit terms.<\/p>","protected":false},"excerpt":{"rendered":"<p>Ukr\u00e1n munkaer\u0151? De mi\u00e9rt? Nos, ez a k\u00e9rd\u00e9s el\u00e9g sokakban megfogalmaz\u00f3dott m\u00e1r, \u00e9s term\u00e9szetesen mi is tal\u00e1lkoztunk m\u00e1r ezzel. A helyzet az, hogy az elm\u00falt \u00e9vekben<span class=\"excerpt-hellip\"> [\u2026]<\/span><\/p>","protected":false},"author":1,"featured_media":0,"parent":0,"menu_order":0,"comment_status":"closed","ping_status":"closed","template":"","meta":[],"yoast_head":"<!-- This site is optimized with the Yoast SEO plugin v19.1 - https:\/\/yoast.com\/wordpress\/plugins\/seo\/ -->\n<title>Ukr\u00e1n munkaer\u0151 - HR Express Kft.<\/title>\n<meta name=\"description\" content=\"Az ukr\u00e1n munkaer\u0151 foglalkoztat\u00e1sa az elm\u00falt \u00e9vekben egyre ink\u00e1bb elterjedt a magyar munkaer\u0151 piacon. Ennek sz\u00e1mtalan oka van, ezeket mutatjuk be.\" \/>\n<meta name=\"robots\" content=\"index, follow, max-snippet:-1, max-image-preview:large, max-video-preview:-1\" \/>\n<link rel=\"canonical\" href=\"https:\/\/hrexpresskft.hu\/en\/ukran-munkaero\/\" \/>\n<meta property=\"og:locale\" content=\"en_GB\" \/>\n<meta property=\"og:type\" content=\"article\" \/>\n<meta property=\"og:title\" content=\"Ukr\u00e1n munkaer\u0151 - HR Express Kft.\" \/>\n<meta property=\"og:description\" content=\"Az ukr\u00e1n munkaer\u0151 foglalkoztat\u00e1sa az elm\u00falt \u00e9vekben egyre ink\u00e1bb elterjedt a magyar munkaer\u0151 piacon. Ennek sz\u00e1mtalan oka van, ezeket mutatjuk be.\" \/>\n<meta property=\"og:url\" content=\"https:\/\/hrexpresskft.hu\/en\/ukran-munkaero\/\" \/>\n<meta property=\"og:site_name\" content=\"HR Express Kft.\" \/>\n<meta property=\"article:modified_time\" content=\"2022-06-15T09:43:28+00:00\" \/>\n<meta name=\"twitter:card\" content=\"summary_large_image\" \/>\n<meta name=\"twitter:label1\" content=\"Estimated reading time\" \/>\n\t<meta name=\"twitter:data1\" content=\"4 minutes\" \/>\n<script type=\"application\/ld+json\" class=\"yoast-schema-graph\">{\"@context\":\"https:\/\/schema.org\",\"@graph\":[{\"@type\":\"Organization\",\"@id\":\"https:\/\/hrexpresskft.hu\/#organization\",\"name\":\"HR EXPRESS KFT.\",\"url\":\"https:\/\/hrexpresskft.hu\/\",\"sameAs\":[],\"logo\":{\"@type\":\"ImageObject\",\"inLanguage\":\"en-GB\",\"@id\":\"https:\/\/hrexpresskft.hu\/#\/schema\/logo\/image\/\",\"url\":\"https:\/\/hrexpresskft.hu\/wp-content\/uploads\/2022\/03\/hr-express-logo-szines.png\",\"contentUrl\":\"https:\/\/hrexpresskft.hu\/wp-content\/uploads\/2022\/03\/hr-express-logo-szines.png\",\"width\":340,\"height\":180,\"caption\":\"HR EXPRESS KFT.\"},\"image\":{\"@id\":\"https:\/\/hrexpresskft.hu\/#\/schema\/logo\/image\/\"}},{\"@type\":\"WebSite\",\"@id\":\"https:\/\/hrexpresskft.hu\/#website\",\"url\":\"https:\/\/hrexpresskft.hu\/\",\"name\":\"HR Express Kft.\",\"description\":\"munkaer\u0151 k\u00f6zvet\u00edt\u00e9s, munkaer\u0151 k\u00f6lcs\u00f6nz\u00e9s, HR tan\u00e1csad\u00e1s, fejvad\u00e1szat, outsourcing, ukr\u00e1n munkaer\u0151, munkaer\u0151 k\u00f6zvet\u00edt\u0151\",\"publisher\":{\"@id\":\"https:\/\/hrexpresskft.hu\/#organization\"},\"potentialAction\":[{\"@type\":\"SearchAction\",\"target\":{\"@type\":\"EntryPoint\",\"urlTemplate\":\"https:\/\/hrexpresskft.hu\/?s={search_term_string}\"},\"query-input\":\"required name=search_term_string\"}],\"inLanguage\":\"en-GB\"},{\"@type\":\"WebPage\",\"@id\":\"https:\/\/hrexpresskft.hu\/ukran-munkaero\/#webpage\",\"url\":\"https:\/\/hrexpresskft.hu\/ukran-munkaero\/\",\"name\":\"Ukr\u00e1n munkaer\u0151 - HR Express Kft.\",\"isPartOf\":{\"@id\":\"https:\/\/hrexpresskft.hu\/#website\"},\"datePublished\":\"2022-03-03T21:42:07+00:00\",\"dateModified\":\"2022-06-15T09:43:28+00:00\",\"description\":\"Az ukr\u00e1n munkaer\u0151 foglalkoztat\u00e1sa az elm\u00falt \u00e9vekben egyre ink\u00e1bb elterjedt a magyar munkaer\u0151 piacon. Ennek sz\u00e1mtalan oka van, ezeket mutatjuk be.\",\"breadcrumb\":{\"@id\":\"https:\/\/hrexpresskft.hu\/ukran-munkaero\/#breadcrumb\"},\"inLanguage\":\"en-GB\",\"potentialAction\":[{\"@type\":\"ReadAction\",\"target\":[\"https:\/\/hrexpresskft.hu\/ukran-munkaero\/\"]}]},{\"@type\":\"BreadcrumbList\",\"@id\":\"https:\/\/hrexpresskft.hu\/ukran-munkaero\/#breadcrumb\",\"itemListElement\":[{\"@type\":\"ListItem\",\"position\":1,\"name\":\"Kezd\u0151lap\",\"item\":\"https:\/\/hrexpresskft.hu\/\"},{\"@type\":\"ListItem\",\"position\":2,\"name\":\"Ukr\u00e1n munkaer\u0151\"}]}]}<\/script>\n<!-- \/ Yoast SEO plugin. -->","yoast_head_json":{"title":"Ukr\u00e1n munkaer\u0151 - HR Express Kft.","description":"Az ukr\u00e1n munkaer\u0151 foglalkoztat\u00e1sa az elm\u00falt \u00e9vekben egyre ink\u00e1bb elterjedt a magyar munkaer\u0151 piacon. Ennek sz\u00e1mtalan oka van, ezeket mutatjuk be.","robots":{"index":"index","follow":"follow","max-snippet":"max-snippet:-1","max-image-preview":"max-image-preview:large","max-video-preview":"max-video-preview:-1"},"canonical":"https:\/\/hrexpresskft.hu\/en\/ukran-munkaero\/","og_locale":"en_GB","og_type":"article","og_title":"Ukr\u00e1n munkaer\u0151 - HR Express Kft.","og_description":"Az ukr\u00e1n munkaer\u0151 foglalkoztat\u00e1sa az elm\u00falt \u00e9vekben egyre ink\u00e1bb elterjedt a magyar munkaer\u0151 piacon. Ennek sz\u00e1mtalan oka van, ezeket mutatjuk be.","og_url":"https:\/\/hrexpresskft.hu\/en\/ukran-munkaero\/","og_site_name":"HR Express Kft.","article_modified_time":"2022-06-15T09:43:28+00:00","twitter_card":"summary_large_image","twitter_misc":{"Estimated reading time":"4 minutes"},"schema":{"@context":"https:\/\/schema.org","@graph":[{"@type":"Organization","@id":"https:\/\/hrexpresskft.hu\/#organization","name":"HR EXPRESS KFT.","url":"https:\/\/hrexpresskft.hu\/","sameAs":[],"logo":{"@type":"ImageObject","inLanguage":"en-GB","@id":"https:\/\/hrexpresskft.hu\/#\/schema\/logo\/image\/","url":"https:\/\/hrexpresskft.hu\/wp-content\/uploads\/2022\/03\/hr-express-logo-szines.png","contentUrl":"https:\/\/hrexpresskft.hu\/wp-content\/uploads\/2022\/03\/hr-express-logo-szines.png","width":340,"height":180,"caption":"HR EXPRESS KFT."},"image":{"@id":"https:\/\/hrexpresskft.hu\/#\/schema\/logo\/image\/"}},{"@type":"WebSite","@id":"https:\/\/hrexpresskft.hu\/#website","url":"https:\/\/hrexpresskft.hu\/","name":"HR Express Kft.","description":"munkaer\u0151 k\u00f6zvet\u00edt\u00e9s, munkaer\u0151 k\u00f6lcs\u00f6nz\u00e9s, HR tan\u00e1csad\u00e1s, fejvad\u00e1szat, outsourcing, ukr\u00e1n munkaer\u0151, munkaer\u0151 k\u00f6zvet\u00edt\u0151","publisher":{"@id":"https:\/\/hrexpresskft.hu\/#organization"},"potentialAction":[{"@type":"SearchAction","target":{"@type":"EntryPoint","urlTemplate":"https:\/\/hrexpresskft.hu\/?s={search_term_string}"},"query-input":"required name=search_term_string"}],"inLanguage":"en-GB"},{"@type":"WebPage","@id":"https:\/\/hrexpresskft.hu\/ukran-munkaero\/#webpage","url":"https:\/\/hrexpresskft.hu\/ukran-munkaero\/","name":"Ukr\u00e1n munkaer\u0151 - HR Express Kft.","isPartOf":{"@id":"https:\/\/hrexpresskft.hu\/#website"},"datePublished":"2022-03-03T21:42:07+00:00","dateModified":"2022-06-15T09:43:28+00:00","description":"Az ukr\u00e1n munkaer\u0151 foglalkoztat\u00e1sa az elm\u00falt \u00e9vekben egyre ink\u00e1bb elterjedt a magyar munkaer\u0151 piacon. Ennek sz\u00e1mtalan oka van, ezeket mutatjuk be.","breadcrumb":{"@id":"https:\/\/hrexpresskft.hu\/ukran-munkaero\/#breadcrumb"},"inLanguage":"en-GB","potentialAction":[{"@type":"ReadAction","target":["https:\/\/hrexpresskft.hu\/ukran-munkaero\/"]}]},{"@type":"BreadcrumbList","@id":"https:\/\/hrexpresskft.hu\/ukran-munkaero\/#breadcrumb","itemListElement":[{"@type":"ListItem","position":1,"name":"Kezd\u0151lap","item":"https:\/\/hrexpresskft.hu\/"},{"@type":"ListItem","position":2,"name":"Ukr\u00e1n munkaer\u0151"}]}]}},"_links":{"self":[{"href":"https:\/\/hrexpresskft.hu\/en\/wp-json\/wp\/v2\/pages\/1504"}],"collection":[{"href":"https:\/\/hrexpresskft.hu\/en\/wp-json\/wp\/v2\/pages"}],"about":[{"href":"https:\/\/hrexpresskft.hu\/en\/wp-json\/wp\/v2\/types\/page"}],"author":[{"embeddable":true,"href":"https:\/\/hrexpresskft.hu\/en\/wp-json\/wp\/v2\/users\/1"}],"replies":[{"embeddable":true,"href":"https:\/\/hrexpresskft.hu\/en\/wp-json\/wp\/v2\/comments?post=1504"}],"version-history":[{"count":5,"href":"https:\/\/hrexpresskft.hu\/en\/wp-json\/wp\/v2\/pages\/1504\/revisions"}],"predecessor-version":[{"id":1555,"href":"https:\/\/hrexpresskft.hu\/en\/wp-json\/wp\/v2\/pages\/1504\/revisions\/1555"}],"wp:attachment":[{"href":"https:\/\/hrexpresskft.hu\/en\/wp-json\/wp\/v2\/media?parent=1504"}],"curies":[{"name":"wp","href":"https:\/\/api.w.org\/{rel}","templated":true}]}}