{"id":1556,"date":"2022-04-27T07:29:51","date_gmt":"2022-04-27T07:29:51","guid":{"rendered":"https:\/\/hrex.aloldal.xyz\/?page_id=1556"},"modified":"2022-06-15T09:41:47","modified_gmt":"2022-06-15T09:41:47","slug":"munkaero-kozvetites","status":"publish","type":"page","link":"https:\/\/hrexpresskft.hu\/de\/munkaero-kozvetites\/","title":{"rendered":"Vermittlung von Arbeitskr\u00e4ften"},"content":{"rendered":"<h2 style=\"text-align: justify;\"><strong>Was bedeutet die Vermittlung von Arbeitskr\u00e4ften?<br \/>\n<\/strong><\/h2>\n<p style=\"text-align: justify;\">Die Vermittlung von Arbeitskr\u00e4ften ist eine Dienstleistung. Viele verwechseln es mit dem Begriff <strong>Zeitarbeit,<\/strong> obwohl die beiden nicht identisch sind. Ganz im Gegenteil!<br \/>\nLassen Sie uns erst einmal die Unterschiede kl\u00e4ren! Im Zuge der Vermittlung von Arbeitskr\u00e4ften wirbt die Vermittlerfirma die ben\u00f6tigten Arbeitskr\u00e4fte an, w\u00e4hlt die geeigneten Kandidaten aus und erstellt dar\u00fcber einen Bericht f\u00fcr den Auftraggeber.<br \/>\nDie Vermittlung von Arbeitskr\u00e4ften ist eine mehrstufige Dienstleistung, deren Aufgabe darin besteht, Arbeitsuchende und Arbeitgeber zusammenzubringen. Dies geschieht nat\u00fcrlich so, dass es f\u00fcr beide Seiten m\u00f6glichst vorteilhaft ist.<br \/>\nDie Vermittlung von Arbeitskr\u00e4ften als Dienstleistung wird durch eine Regierungsverordnung geregelt. Nur diejenigen, die die in der Verordnung aufgef\u00fchrten Bedingungen erf\u00fcllen, d\u00fcrfen diese T\u00e4tigkeit aus\u00fcben.<br \/>\nLassen Sie uns nun an das oben Gesagte ankn\u00fcpfen und auf die Anmerkung zur\u00fcckkommen, dass die Vermittlung von Arbeitskr\u00e4ften keine Zeitarbeit ist. Aber worin besteht der Unterschied? Wir zeigen es Ihnen.<br \/>\nWie oben beschrieben, steht die Vermittlerfirma bei der Vermittlung von Arbeitskr\u00e4ften als Drittpartei zwischen den Arbeitssuchenden, Privatpersonen, und dem Unternehmen, das die Stelle anbietet. Sobald sich die beiden Parteien geeinigt haben, ist der Prozess abgeschlossen (es sei denn, unsere HR-Beratung wird in Anspruch genommen), und der Vermittler hat keine weitere Rolle mehr zu erf\u00fcllen. Im Zuge der Vermittlung von Arbeitskr\u00e4ften - wir wiederholen es noch einmal - findet also die Anwerbung und die Auswahl statt. Sehr vereinfacht ausgedr\u00fcckt zielt die Dienstleistung also darauf ab, eine f\u00fcr beide Seiten vorteilhafte Arbeitsbeziehung zu schaffen.<\/p>\n<h2 style=\"text-align: justify;\"><strong>Wie l\u00e4uft die Vermittlung von Arbeitskr\u00e4ften ab?<br \/>\n<\/strong><\/h2>\n<p style=\"text-align: justify;\">Eines der wichtigsten Elemente aus Sicht des Auftraggebers ist vielleicht, dass durch die Vermittlung von Arbeitskr\u00e4ften die Arbeit der Personalabteilung, die in der Regel nicht \u00fcber ausreichend Kapazit\u00e4ten verf\u00fcgt, effektiv erg\u00e4nzt wird. Warum?<\/p>\n<p style=\"text-align: justify;\">Weil der Auftraggeber einfach<\/p>\n<ul style=\"text-align: justify;\">\n<li><em>seine Anforderungen mitteilt, und wir werben die Interessenten an und f\u00fchren eine Vorauswahl durch,<\/em><\/li>\n<li><em>dann vermitteln wir ausschlie\u00dflich potenzielle Kandidaten, deren Eignung wir garantieren k\u00f6nnen.<\/em><\/li>\n<\/ul>\n<p style=\"text-align: justify;\">Wir bieten unseren Auftraggebern auch die M\u00f6glichkeit, \u00fcber die Zeitarbeit hinaus unsere HR-Beratungsdienstleistungen in Anspruch zu nehmen. Damit erm\u00f6glichen wir die Optimierung der Prozesse im Personalwesen. Weitere Informationen zu dieser M\u00f6glichkeit finden Sie auf unserer Seite <strong>HR-Beratung<\/strong> .<\/p>\n<p style=\"text-align: justify;\">Im Folgenden z\u00e4hlen wir auf, welche Schritte und Prozesse unsere Dienstleistung umfasst:<\/p>\n<ul style=\"text-align: justify;\">\n<li><em>Der Prozess beginnt mit der Erhebung der Anspr\u00fcche des Auftraggebers,<\/em><\/li>\n<li><em>danach erarbeiten wir die Strategie f\u00fcr Suche und Auswahl,<\/em><\/li>\n<li><em>nach der Strategie starten wir die Stellenanzeigenkampagne,<\/em><\/li>\n<li><em>wir suchen entsprechende Kandidaten, wof\u00fcr wir verschiedene Techniken anwenden,<\/em><\/li>\n<li><em>darauf folgt die Vorauswahl der in der ersten Runde als geeignet eingestuften Bewerber bzw. die F\u00fchrung von Bewerbungsgespr\u00e4chen,<\/em><\/li>\n<li><em>\u00fcber die Kandidaten, die wir f\u00fcr geeignet erachten, erstellen wir einen ausf\u00fchrlichen Report und wir nehmen auch am Entscheidungsprozess teil,<\/em><\/li>\n<li><em>\u00fcber die Entscheidung benachrichtigen wir selbstverst\u00e4ndlich sowohl erfolgreichen Bewerber als auch die nicht erfolgreichen Bewerber<\/em><\/li>\n<li><em>wir helfen beim Arbeitsantritt des ausgew\u00e4hlten Kandidaten und verfolgen seine Probezeit mit,<\/em><\/li>\n<li><em>und schlie\u00dflich f\u00fchren wir, wenn es der Auftraggeber w\u00fcnscht, auch eine HR-Beratung durch.<\/em><\/li>\n<\/ul>\n<h2 style=\"text-align: justify;\"><strong>F\u00fcr welche Positionen wird unsere Dienstleistung in Anspruch genommen und warum entscheidet man sich f\u00fcr uns?<\/strong><\/h2>\n<p style=\"text-align: justify;\">So richtig l\u00e4sst sich keine Position hervorheben, da wir praktisch Auftr\u00e4ge f\u00fcr alle Bereiche, in denen eine Stelle zu besetzen ist, erhalten. Egal, ob es sich um Sch\u00fcler- bzw. Studentenjobs oder um Stellen, die geistige oder k\u00f6rperliche Arbeit erfordern, handelt. Wir haben aber auch Auftraggeber, die sich wegen einer Auswahl von F\u00fchrungskr\u00e4ften oder einer Vermittlung von Arbeitskr\u00e4ften aus dem Ausland an uns wenden. Wir sind also in der Lage, den gesamten Arbeitsmarkt abzudecken, unabh\u00e4ngig von Position und Qualifikation.<br \/>\nDas ist der Tatsache zu verdanken, dass wir schnell und flexibel sind. Und wie wir bereits erw\u00e4hnt haben, besteht einer unserer gro\u00dfen Vorteile darin, dass wir unsere Dienstleistung durch HR-Beratung erg\u00e4nzen k\u00f6nnen, was den Prozess erheblich beschleunigen kann.<\/p>","protected":false},"excerpt":{"rendered":"<p>Mit takar a munkaer\u0151 k\u00f6zvet\u00edt\u00e9s? A munkaer\u0151 k\u00f6zvet\u00edt\u00e9s egy szolg\u00e1ltat\u00e1s. Nagyon sokan \u00f6sszekeverik a munkaer\u0151 k\u00f6lcs\u00f6nz\u00e9s fogalm\u00e1val, pedig a kett\u0151 nem ugyanaz. S\u0151t! Tiszt\u00e1zzuk el\u0151sz\u00f6r a<span class=\"excerpt-hellip\"> [\u2026]<\/span><\/p>","protected":false},"author":1,"featured_media":0,"parent":0,"menu_order":0,"comment_status":"closed","ping_status":"closed","template":"","meta":[],"yoast_head":"<!-- This site is optimized with the Yoast SEO plugin v19.1 - https:\/\/yoast.com\/wordpress\/plugins\/seo\/ -->\n<title>Munkaer\u0151 k\u00f6zvet\u00edt\u00e9s - HR Express Kft.<\/title>\n<meta name=\"description\" content=\"A munkaer\u0151 k\u00f6zvet\u00edt\u00e9s m\u00e1st jelent, mint munkaer\u0151 k\u00f6lcs\u00f6nz\u00e9s. Ebben az esetben a k\u00f6zvet\u00edt\u0151 c\u00e9g feladata a megfelel\u0151 jel\u00f6lt megkeres\u00e9se, kiv\u00e1laszt\u00e1sa.\" \/>\n<meta name=\"robots\" content=\"index, follow, max-snippet:-1, max-image-preview:large, max-video-preview:-1\" \/>\n<link rel=\"canonical\" href=\"https:\/\/hrexpresskft.hu\/de\/munkaero-kozvetites\/\" \/>\n<meta property=\"og:locale\" content=\"de_DE\" \/>\n<meta property=\"og:type\" content=\"article\" \/>\n<meta property=\"og:title\" content=\"Munkaer\u0151 k\u00f6zvet\u00edt\u00e9s - HR Express Kft.\" \/>\n<meta property=\"og:description\" content=\"A munkaer\u0151 k\u00f6zvet\u00edt\u00e9s m\u00e1st jelent, mint munkaer\u0151 k\u00f6lcs\u00f6nz\u00e9s. Ebben az esetben a k\u00f6zvet\u00edt\u0151 c\u00e9g feladata a megfelel\u0151 jel\u00f6lt megkeres\u00e9se, kiv\u00e1laszt\u00e1sa.\" \/>\n<meta property=\"og:url\" content=\"https:\/\/hrexpresskft.hu\/de\/munkaero-kozvetites\/\" \/>\n<meta property=\"og:site_name\" content=\"HR Express Kft.\" \/>\n<meta property=\"article:modified_time\" content=\"2022-06-15T09:41:47+00:00\" \/>\n<meta name=\"twitter:card\" content=\"summary_large_image\" \/>\n<meta name=\"twitter:label1\" content=\"Gesch\u00e4tzte Lesezeit\" \/>\n\t<meta name=\"twitter:data1\" content=\"4\u00a0Minuten\" \/>\n<script type=\"application\/ld+json\" class=\"yoast-schema-graph\">{\"@context\":\"https:\/\/schema.org\",\"@graph\":[{\"@type\":\"Organization\",\"@id\":\"https:\/\/hrexpresskft.hu\/#organization\",\"name\":\"HR EXPRESS KFT.\",\"url\":\"https:\/\/hrexpresskft.hu\/\",\"sameAs\":[],\"logo\":{\"@type\":\"ImageObject\",\"inLanguage\":\"de\",\"@id\":\"https:\/\/hrexpresskft.hu\/#\/schema\/logo\/image\/\",\"url\":\"https:\/\/hrexpresskft.hu\/wp-content\/uploads\/2022\/03\/hr-express-logo-szines.png\",\"contentUrl\":\"https:\/\/hrexpresskft.hu\/wp-content\/uploads\/2022\/03\/hr-express-logo-szines.png\",\"width\":340,\"height\":180,\"caption\":\"HR EXPRESS KFT.\"},\"image\":{\"@id\":\"https:\/\/hrexpresskft.hu\/#\/schema\/logo\/image\/\"}},{\"@type\":\"WebSite\",\"@id\":\"https:\/\/hrexpresskft.hu\/#website\",\"url\":\"https:\/\/hrexpresskft.hu\/\",\"name\":\"HR Express Kft.\",\"description\":\"munkaer\u0151 k\u00f6zvet\u00edt\u00e9s, munkaer\u0151 k\u00f6lcs\u00f6nz\u00e9s, HR tan\u00e1csad\u00e1s, fejvad\u00e1szat, outsourcing, ukr\u00e1n munkaer\u0151, munkaer\u0151 k\u00f6zvet\u00edt\u0151\",\"publisher\":{\"@id\":\"https:\/\/hrexpresskft.hu\/#organization\"},\"potentialAction\":[{\"@type\":\"SearchAction\",\"target\":{\"@type\":\"EntryPoint\",\"urlTemplate\":\"https:\/\/hrexpresskft.hu\/?s={search_term_string}\"},\"query-input\":\"required name=search_term_string\"}],\"inLanguage\":\"de\"},{\"@type\":\"WebPage\",\"@id\":\"https:\/\/hrexpresskft.hu\/munkaero-kozvetites\/#webpage\",\"url\":\"https:\/\/hrexpresskft.hu\/munkaero-kozvetites\/\",\"name\":\"Munkaer\u0151 k\u00f6zvet\u00edt\u00e9s - HR Express Kft.\",\"isPartOf\":{\"@id\":\"https:\/\/hrexpresskft.hu\/#website\"},\"datePublished\":\"2022-04-27T07:29:51+00:00\",\"dateModified\":\"2022-06-15T09:41:47+00:00\",\"description\":\"A munkaer\u0151 k\u00f6zvet\u00edt\u00e9s m\u00e1st jelent, mint munkaer\u0151 k\u00f6lcs\u00f6nz\u00e9s. Ebben az esetben a k\u00f6zvet\u00edt\u0151 c\u00e9g feladata a megfelel\u0151 jel\u00f6lt megkeres\u00e9se, kiv\u00e1laszt\u00e1sa.\",\"breadcrumb\":{\"@id\":\"https:\/\/hrexpresskft.hu\/munkaero-kozvetites\/#breadcrumb\"},\"inLanguage\":\"de\",\"potentialAction\":[{\"@type\":\"ReadAction\",\"target\":[\"https:\/\/hrexpresskft.hu\/munkaero-kozvetites\/\"]}]},{\"@type\":\"BreadcrumbList\",\"@id\":\"https:\/\/hrexpresskft.hu\/munkaero-kozvetites\/#breadcrumb\",\"itemListElement\":[{\"@type\":\"ListItem\",\"position\":1,\"name\":\"Kezd\u0151lap\",\"item\":\"https:\/\/hrexpresskft.hu\/\"},{\"@type\":\"ListItem\",\"position\":2,\"name\":\"Munkaer\u0151 k\u00f6zvet\u00edt\u00e9s\"}]}]}<\/script>\n<!-- \/ Yoast SEO plugin. -->","yoast_head_json":{"title":"Munkaer\u0151 k\u00f6zvet\u00edt\u00e9s - HR Express Kft.","description":"A munkaer\u0151 k\u00f6zvet\u00edt\u00e9s m\u00e1st jelent, mint munkaer\u0151 k\u00f6lcs\u00f6nz\u00e9s. Ebben az esetben a k\u00f6zvet\u00edt\u0151 c\u00e9g feladata a megfelel\u0151 jel\u00f6lt megkeres\u00e9se, kiv\u00e1laszt\u00e1sa.","robots":{"index":"index","follow":"follow","max-snippet":"max-snippet:-1","max-image-preview":"max-image-preview:large","max-video-preview":"max-video-preview:-1"},"canonical":"https:\/\/hrexpresskft.hu\/de\/munkaero-kozvetites\/","og_locale":"de_DE","og_type":"article","og_title":"Munkaer\u0151 k\u00f6zvet\u00edt\u00e9s - HR Express Kft.","og_description":"A munkaer\u0151 k\u00f6zvet\u00edt\u00e9s m\u00e1st jelent, mint munkaer\u0151 k\u00f6lcs\u00f6nz\u00e9s. Ebben az esetben a k\u00f6zvet\u00edt\u0151 c\u00e9g feladata a megfelel\u0151 jel\u00f6lt megkeres\u00e9se, kiv\u00e1laszt\u00e1sa.","og_url":"https:\/\/hrexpresskft.hu\/de\/munkaero-kozvetites\/","og_site_name":"HR Express Kft.","article_modified_time":"2022-06-15T09:41:47+00:00","twitter_card":"summary_large_image","twitter_misc":{"Gesch\u00e4tzte Lesezeit":"4\u00a0Minuten"},"schema":{"@context":"https:\/\/schema.org","@graph":[{"@type":"Organization","@id":"https:\/\/hrexpresskft.hu\/#organization","name":"HR EXPRESS KFT.","url":"https:\/\/hrexpresskft.hu\/","sameAs":[],"logo":{"@type":"ImageObject","inLanguage":"de","@id":"https:\/\/hrexpresskft.hu\/#\/schema\/logo\/image\/","url":"https:\/\/hrexpresskft.hu\/wp-content\/uploads\/2022\/03\/hr-express-logo-szines.png","contentUrl":"https:\/\/hrexpresskft.hu\/wp-content\/uploads\/2022\/03\/hr-express-logo-szines.png","width":340,"height":180,"caption":"HR EXPRESS KFT."},"image":{"@id":"https:\/\/hrexpresskft.hu\/#\/schema\/logo\/image\/"}},{"@type":"WebSite","@id":"https:\/\/hrexpresskft.hu\/#website","url":"https:\/\/hrexpresskft.hu\/","name":"HR Express Kft.","description":"munkaer\u0151 k\u00f6zvet\u00edt\u00e9s, munkaer\u0151 k\u00f6lcs\u00f6nz\u00e9s, HR tan\u00e1csad\u00e1s, fejvad\u00e1szat, outsourcing, ukr\u00e1n munkaer\u0151, munkaer\u0151 k\u00f6zvet\u00edt\u0151","publisher":{"@id":"https:\/\/hrexpresskft.hu\/#organization"},"potentialAction":[{"@type":"SearchAction","target":{"@type":"EntryPoint","urlTemplate":"https:\/\/hrexpresskft.hu\/?s={search_term_string}"},"query-input":"required name=search_term_string"}],"inLanguage":"de"},{"@type":"WebPage","@id":"https:\/\/hrexpresskft.hu\/munkaero-kozvetites\/#webpage","url":"https:\/\/hrexpresskft.hu\/munkaero-kozvetites\/","name":"Munkaer\u0151 k\u00f6zvet\u00edt\u00e9s - HR Express Kft.","isPartOf":{"@id":"https:\/\/hrexpresskft.hu\/#website"},"datePublished":"2022-04-27T07:29:51+00:00","dateModified":"2022-06-15T09:41:47+00:00","description":"A munkaer\u0151 k\u00f6zvet\u00edt\u00e9s m\u00e1st jelent, mint munkaer\u0151 k\u00f6lcs\u00f6nz\u00e9s. Ebben az esetben a k\u00f6zvet\u00edt\u0151 c\u00e9g feladata a megfelel\u0151 jel\u00f6lt megkeres\u00e9se, kiv\u00e1laszt\u00e1sa.","breadcrumb":{"@id":"https:\/\/hrexpresskft.hu\/munkaero-kozvetites\/#breadcrumb"},"inLanguage":"de","potentialAction":[{"@type":"ReadAction","target":["https:\/\/hrexpresskft.hu\/munkaero-kozvetites\/"]}]},{"@type":"BreadcrumbList","@id":"https:\/\/hrexpresskft.hu\/munkaero-kozvetites\/#breadcrumb","itemListElement":[{"@type":"ListItem","position":1,"name":"Kezd\u0151lap","item":"https:\/\/hrexpresskft.hu\/"},{"@type":"ListItem","position":2,"name":"Munkaer\u0151 k\u00f6zvet\u00edt\u00e9s"}]}]}},"_links":{"self":[{"href":"https:\/\/hrexpresskft.hu\/de\/wp-json\/wp\/v2\/pages\/1556"}],"collection":[{"href":"https:\/\/hrexpresskft.hu\/de\/wp-json\/wp\/v2\/pages"}],"about":[{"href":"https:\/\/hrexpresskft.hu\/de\/wp-json\/wp\/v2\/types\/page"}],"author":[{"embeddable":true,"href":"https:\/\/hrexpresskft.hu\/de\/wp-json\/wp\/v2\/users\/1"}],"replies":[{"embeddable":true,"href":"https:\/\/hrexpresskft.hu\/de\/wp-json\/wp\/v2\/comments?post=1556"}],"version-history":[{"count":3,"href":"https:\/\/hrexpresskft.hu\/de\/wp-json\/wp\/v2\/pages\/1556\/revisions"}],"predecessor-version":[{"id":1563,"href":"https:\/\/hrexpresskft.hu\/de\/wp-json\/wp\/v2\/pages\/1556\/revisions\/1563"}],"wp:attachment":[{"href":"https:\/\/hrexpresskft.hu\/de\/wp-json\/wp\/v2\/media?parent=1556"}],"curies":[{"name":"wp","href":"https:\/\/api.w.org\/{rel}","templated":true}]}}