{"id":1523,"date":"2022-03-03T22:05:25","date_gmt":"2022-03-03T22:05:25","guid":{"rendered":"https:\/\/hrex.aloldal.xyz\/?page_id=1523"},"modified":"2022-09-21T08:56:19","modified_gmt":"2022-09-21T08:56:19","slug":"rolunk","status":"publish","type":"page","link":"https:\/\/hrexpresskft.hu\/de\/rolunk\/","title":{"rendered":"\u00dcber uns"},"content":{"rendered":"<p style=\"text-align: justify;\">Die HR Express Kft. besteht seit 2011 und ist seit 2017 im Bereich des Personalwesens als Zeitarbeitsfirma und Vermittlung von Arbeitskr\u00e4ften, die k\u00f6rperlich und geistig t\u00e4tig sind, aktiv. Der Hauptsitz und das B\u00fcro der Firma befinden sich in Oroszl\u00e1ny, unsere Kunden sind derzeit Produktionsunternehmen in den Komitaten Kom\u00e1rom-Esztergom, Pest und J\u00e1sz-Nagykun-Szolnok, aber dank der Vorteile der Digitalisierung k\u00f6nnen wir unsere hervorragende Organisationsf\u00e4higkeit auch Kunden im ganzen Land anbieten. Unser Gesch\u00e4ftsf\u00fchrer verf\u00fcgt \u00fcber 20 Jahre Erfahrung in unserer Branche, da er zuvor als Mitinhaber und Partner Zeitarbeitsfirmen gef\u00fchrt hat. Das derzeit siebenk\u00f6pfige Team besteht aus Fachleuten f\u00fcr verschiedene T\u00e4tigkeitsbereiche des Personalwesens. Unser Gesch\u00e4ftsf\u00fchrer hat ein Team von Fachleuten f\u00fcr die Bereiche Zeitarbeit, Vermittlung sowie Personalwesen in Regierungsbeh\u00f6rden und Privatunternehmen zusammengestellt. Wir haben viel Erfahrung mit der Suche nach bzw. der Einstellung von Arbeitnehmern aus Drittstaaten und dem Umgang mit Beh\u00f6rden bei der diesbez\u00fcglichen Sachbearbeitung.<\/p>\n<p><img loading=\"lazy\" class=\"size-full wp-image-1527 aligncenter\" src=\"https:\/\/hrexpresskft.hu\/wp-content\/uploads\/2022\/03\/wk.jpeg\" alt=\"\" width=\"800\" height=\"400\" srcset=\"https:\/\/hrexpresskft.hu\/wp-content\/uploads\/2022\/03\/wk.jpeg 800w, https:\/\/hrexpresskft.hu\/wp-content\/uploads\/2022\/03\/wk-300x150.jpeg 300w, https:\/\/hrexpresskft.hu\/wp-content\/uploads\/2022\/03\/wk-768x384.jpeg 768w, https:\/\/hrexpresskft.hu\/wp-content\/uploads\/2022\/03\/wk-260x130.jpeg 260w, https:\/\/hrexpresskft.hu\/wp-content\/uploads\/2022\/03\/wk-50x25.jpeg 50w, https:\/\/hrexpresskft.hu\/wp-content\/uploads\/2022\/03\/wk-150x75.jpeg 150w\" sizes=\"(max-width: 800px) 100vw, 800px\" \/><\/p>\n<h3 style=\"text-align: center;\">Warum ist Zeitarbeit eine gute L\u00f6sung?<\/h3>\n<div class=\"column one-second mobile-one\"><div class=\"mcb-column-inner\"><\/p>\n<ul>\n<li>Sie erhalten \u201efertig ausgebildete\u201c Mitarbeiter<\/li>\n<li>wir erledigen f\u00fcr Sie die Ausschreibung der Stellen und die Anwerbung der Arbeitskr\u00e4fte<\/li>\n<li>wir benachrichtigen jeden Bewerber nach der Entscheidung<\/li>\n<li>wir informieren die erfolgreichen Bewerber \u00fcber den Arbeitsbeginn<\/li>\n<\/ul>\n<p><\/div><\/div>\n\n<div class=\"column one-second mobile-one\"><div class=\"mcb-column-inner\"><\/p>\n<ul>\n<li>wir lassen \u00e4rztliche Untersuchungen der Eignung f\u00fcr die jeweilige Arbeit durchf\u00fchren<\/li>\n<li>wir schlie\u00dfen den Arbeitsvertrag ab und bereiten die Erkl\u00e4rungen vor<\/li>\n<li>wir erf\u00fcllen unsere Meldepflichten gegen\u00fcber dem Finanzamt (NAV) und dem Zentralen Statistikamt (KSH)<\/li>\n<li>wir stellen bei Bedarf Arbeitsschutzausr\u00fcstung zur Verf\u00fcgung.<\/li>\n<\/ul>\n<p><\/div><\/div>\n\n<p>&nbsp;<\/p>\n<h3 style=\"text-align: center;\">Als Arbeitgeber \u00fcbernehmen wir f\u00fcr Sie die folgenden Aufgaben:<\/h3>\n<ul>\n<li>Wenn Sie einen unserer Mitarbeiter in Ihre Belegschaft \u00fcbernehmen, haben Sie die M\u00f6glichkeit, diesen zun\u00e4chst kennenzulernen.<\/li>\n<li>Wir \u00fcbernehmen die Lohnbuchhaltung.<\/li>\n<li>Die Sachbearbeitung f\u00fcr die Sozialversicherung (TB) ist unsere Aufgabe (Krankengeld, Krankengeld bei Kinderbetreuung (GY\u00c1P), S\u00e4uglingsbetreuungsgeld (CSED), Elterngeld (GYED).<\/li>\n<li>Wir k\u00fcmmern uns um die An- und Abmeldungen sowie die Einreichung von Steuererkl\u00e4rungen beim Finanzamt.<\/li>\n<li>Wir erledigen die Verbote.<\/li>\n<li>Wir erstellen die Bescheinigungen und geben sie aus<\/li>\n<li>Wir f\u00fchren die Aufzeichnungen und kommen der Datenlieferungspflicht nach.<\/li>\n<li>Im Krankheitsfall verfolgen wir die Genesung.<\/li>\n<li>Wir gew\u00e4hren unseren Kollegen einen Gehaltsvorschuss, wenn sie ihn ben\u00f6tigen<\/li>\n<li>Wir erledigen auch die K\u00fcndigung von Arbeitsvertr\u00e4gen.<\/li>\n<li>Das erm\u00f6glicht Flexibilit\u00e4t in Bezug auf die Mitarbeiterzahl.<\/li>\n<li>In dringenden F\u00e4llen k\u00f6nnen wir Ihnen 24 Stunden am Tag, 7 Tage die Woche helfen, f\u00fcr Ihre Anliegen eine L\u00f6sung zu finden.<\/li>\n<\/ul>\n<p>&nbsp;<\/p>\n<p>Sie brauchen uns nur mitzuteilen, welche(n) Mitarbeiter Sie ben\u00f6tigen, und wir erledigen den Rest! Wir tun unser Bestes, um Sie und die Arbeitssuchenden maximal zufriedenzustellen! Sie werden von uns nicht entt\u00e4uscht werden!<\/p>","protected":false},"excerpt":{"rendered":"<p>A HR Express Kft. 2011 \u00f3ta m\u0171k\u00f6dik mely 2017 \u00f3ta a hum\u00e1n er\u0151forr\u00e1s ter\u00fclet\u00e9n, mint munkaer\u0151- k\u00f6lcs\u00f6nz\u0151k\u00e9nt \u00e9s k\u00f6zvet\u00edt\u0151k\u00e9nt tev\u00e9kenykedik, fizikai \u00e9s szellemi munkaer\u0151t egyar\u00e1nt. A<span class=\"excerpt-hellip\"> [\u2026]<\/span><\/p>","protected":false},"author":1,"featured_media":0,"parent":0,"menu_order":0,"comment_status":"closed","ping_status":"closed","template":"","meta":[],"yoast_head":"<!-- This site is optimized with the Yoast SEO plugin v19.1 - https:\/\/yoast.com\/wordpress\/plugins\/seo\/ -->\n<title>R\u00f3lunk - HR Express Kft.<\/title>\n<meta name=\"robots\" content=\"index, follow, max-snippet:-1, max-image-preview:large, max-video-preview:-1\" \/>\n<link rel=\"canonical\" href=\"https:\/\/hrexpresskft.hu\/de\/rolunk\/\" \/>\n<meta property=\"og:locale\" content=\"de_DE\" \/>\n<meta property=\"og:type\" content=\"article\" \/>\n<meta property=\"og:title\" content=\"R\u00f3lunk - HR Express Kft.\" \/>\n<meta property=\"og:description\" content=\"A HR Express Kft. 2011 \u00f3ta m\u0171k\u00f6dik mely 2017 \u00f3ta a hum\u00e1n er\u0151forr\u00e1s ter\u00fclet\u00e9n, mint munkaer\u0151- k\u00f6lcs\u00f6nz\u0151k\u00e9nt \u00e9s k\u00f6zvet\u00edt\u0151k\u00e9nt tev\u00e9kenykedik, fizikai \u00e9s szellemi munkaer\u0151t egyar\u00e1nt. A [\u2026]\" \/>\n<meta property=\"og:url\" content=\"https:\/\/hrexpresskft.hu\/de\/rolunk\/\" \/>\n<meta property=\"og:site_name\" content=\"HR Express Kft.\" \/>\n<meta property=\"article:modified_time\" content=\"2022-09-21T08:56:19+00:00\" \/>\n<meta property=\"og:image\" content=\"https:\/\/hrexpresskft.hu\/wp-content\/uploads\/2022\/03\/wk.jpeg\" \/>\n<meta name=\"twitter:card\" content=\"summary_large_image\" \/>\n<meta name=\"twitter:label1\" content=\"Gesch\u00e4tzte Lesezeit\" \/>\n\t<meta name=\"twitter:data1\" content=\"2\u00a0Minuten\" \/>\n<script type=\"application\/ld+json\" class=\"yoast-schema-graph\">{\"@context\":\"https:\/\/schema.org\",\"@graph\":[{\"@type\":\"Organization\",\"@id\":\"https:\/\/hrexpresskft.hu\/#organization\",\"name\":\"HR EXPRESS KFT.\",\"url\":\"https:\/\/hrexpresskft.hu\/\",\"sameAs\":[],\"logo\":{\"@type\":\"ImageObject\",\"inLanguage\":\"de\",\"@id\":\"https:\/\/hrexpresskft.hu\/#\/schema\/logo\/image\/\",\"url\":\"https:\/\/hrexpresskft.hu\/wp-content\/uploads\/2022\/03\/hr-express-logo-szines.png\",\"contentUrl\":\"https:\/\/hrexpresskft.hu\/wp-content\/uploads\/2022\/03\/hr-express-logo-szines.png\",\"width\":340,\"height\":180,\"caption\":\"HR EXPRESS KFT.\"},\"image\":{\"@id\":\"https:\/\/hrexpresskft.hu\/#\/schema\/logo\/image\/\"}},{\"@type\":\"WebSite\",\"@id\":\"https:\/\/hrexpresskft.hu\/#website\",\"url\":\"https:\/\/hrexpresskft.hu\/\",\"name\":\"HR Express Kft.\",\"description\":\"munkaer\u0151 k\u00f6zvet\u00edt\u00e9s, munkaer\u0151 k\u00f6lcs\u00f6nz\u00e9s, HR tan\u00e1csad\u00e1s, fejvad\u00e1szat, outsourcing, ukr\u00e1n munkaer\u0151, munkaer\u0151 k\u00f6zvet\u00edt\u0151\",\"publisher\":{\"@id\":\"https:\/\/hrexpresskft.hu\/#organization\"},\"potentialAction\":[{\"@type\":\"SearchAction\",\"target\":{\"@type\":\"EntryPoint\",\"urlTemplate\":\"https:\/\/hrexpresskft.hu\/?s={search_term_string}\"},\"query-input\":\"required name=search_term_string\"}],\"inLanguage\":\"de\"},{\"@type\":\"ImageObject\",\"inLanguage\":\"de\",\"@id\":\"https:\/\/hrexpresskft.hu\/rolunk\/#primaryimage\",\"url\":\"https:\/\/hrexpresskft.hu\/wp-content\/uploads\/2022\/03\/wk.jpeg\",\"contentUrl\":\"https:\/\/hrexpresskft.hu\/wp-content\/uploads\/2022\/03\/wk.jpeg\",\"width\":800,\"height\":400},{\"@type\":\"WebPage\",\"@id\":\"https:\/\/hrexpresskft.hu\/rolunk\/#webpage\",\"url\":\"https:\/\/hrexpresskft.hu\/rolunk\/\",\"name\":\"R\u00f3lunk - HR Express Kft.\",\"isPartOf\":{\"@id\":\"https:\/\/hrexpresskft.hu\/#website\"},\"primaryImageOfPage\":{\"@id\":\"https:\/\/hrexpresskft.hu\/rolunk\/#primaryimage\"},\"datePublished\":\"2022-03-03T22:05:25+00:00\",\"dateModified\":\"2022-09-21T08:56:19+00:00\",\"breadcrumb\":{\"@id\":\"https:\/\/hrexpresskft.hu\/rolunk\/#breadcrumb\"},\"inLanguage\":\"de\",\"potentialAction\":[{\"@type\":\"ReadAction\",\"target\":[\"https:\/\/hrexpresskft.hu\/rolunk\/\"]}]},{\"@type\":\"BreadcrumbList\",\"@id\":\"https:\/\/hrexpresskft.hu\/rolunk\/#breadcrumb\",\"itemListElement\":[{\"@type\":\"ListItem\",\"position\":1,\"name\":\"Kezd\u0151lap\",\"item\":\"https:\/\/hrexpresskft.hu\/\"},{\"@type\":\"ListItem\",\"position\":2,\"name\":\"R\u00f3lunk\"}]}]}<\/script>\n<!-- \/ Yoast SEO plugin. -->","yoast_head_json":{"title":"R\u00f3lunk - HR Express Kft.","robots":{"index":"index","follow":"follow","max-snippet":"max-snippet:-1","max-image-preview":"max-image-preview:large","max-video-preview":"max-video-preview:-1"},"canonical":"https:\/\/hrexpresskft.hu\/de\/rolunk\/","og_locale":"de_DE","og_type":"article","og_title":"R\u00f3lunk - HR Express Kft.","og_description":"A HR Express Kft. 2011 \u00f3ta m\u0171k\u00f6dik mely 2017 \u00f3ta a hum\u00e1n er\u0151forr\u00e1s ter\u00fclet\u00e9n, mint munkaer\u0151- k\u00f6lcs\u00f6nz\u0151k\u00e9nt \u00e9s k\u00f6zvet\u00edt\u0151k\u00e9nt tev\u00e9kenykedik, fizikai \u00e9s szellemi munkaer\u0151t egyar\u00e1nt. A [\u2026]","og_url":"https:\/\/hrexpresskft.hu\/de\/rolunk\/","og_site_name":"HR Express Kft.","article_modified_time":"2022-09-21T08:56:19+00:00","og_image":[{"url":"https:\/\/hrexpresskft.hu\/wp-content\/uploads\/2022\/03\/wk.jpeg"}],"twitter_card":"summary_large_image","twitter_misc":{"Gesch\u00e4tzte Lesezeit":"2\u00a0Minuten"},"schema":{"@context":"https:\/\/schema.org","@graph":[{"@type":"Organization","@id":"https:\/\/hrexpresskft.hu\/#organization","name":"HR EXPRESS KFT.","url":"https:\/\/hrexpresskft.hu\/","sameAs":[],"logo":{"@type":"ImageObject","inLanguage":"de","@id":"https:\/\/hrexpresskft.hu\/#\/schema\/logo\/image\/","url":"https:\/\/hrexpresskft.hu\/wp-content\/uploads\/2022\/03\/hr-express-logo-szines.png","contentUrl":"https:\/\/hrexpresskft.hu\/wp-content\/uploads\/2022\/03\/hr-express-logo-szines.png","width":340,"height":180,"caption":"HR EXPRESS KFT."},"image":{"@id":"https:\/\/hrexpresskft.hu\/#\/schema\/logo\/image\/"}},{"@type":"WebSite","@id":"https:\/\/hrexpresskft.hu\/#website","url":"https:\/\/hrexpresskft.hu\/","name":"HR Express Kft.","description":"munkaer\u0151 k\u00f6zvet\u00edt\u00e9s, munkaer\u0151 k\u00f6lcs\u00f6nz\u00e9s, HR tan\u00e1csad\u00e1s, fejvad\u00e1szat, outsourcing, ukr\u00e1n munkaer\u0151, munkaer\u0151 k\u00f6zvet\u00edt\u0151","publisher":{"@id":"https:\/\/hrexpresskft.hu\/#organization"},"potentialAction":[{"@type":"SearchAction","target":{"@type":"EntryPoint","urlTemplate":"https:\/\/hrexpresskft.hu\/?s={search_term_string}"},"query-input":"required name=search_term_string"}],"inLanguage":"de"},{"@type":"ImageObject","inLanguage":"de","@id":"https:\/\/hrexpresskft.hu\/rolunk\/#primaryimage","url":"https:\/\/hrexpresskft.hu\/wp-content\/uploads\/2022\/03\/wk.jpeg","contentUrl":"https:\/\/hrexpresskft.hu\/wp-content\/uploads\/2022\/03\/wk.jpeg","width":800,"height":400},{"@type":"WebPage","@id":"https:\/\/hrexpresskft.hu\/rolunk\/#webpage","url":"https:\/\/hrexpresskft.hu\/rolunk\/","name":"R\u00f3lunk - HR Express Kft.","isPartOf":{"@id":"https:\/\/hrexpresskft.hu\/#website"},"primaryImageOfPage":{"@id":"https:\/\/hrexpresskft.hu\/rolunk\/#primaryimage"},"datePublished":"2022-03-03T22:05:25+00:00","dateModified":"2022-09-21T08:56:19+00:00","breadcrumb":{"@id":"https:\/\/hrexpresskft.hu\/rolunk\/#breadcrumb"},"inLanguage":"de","potentialAction":[{"@type":"ReadAction","target":["https:\/\/hrexpresskft.hu\/rolunk\/"]}]},{"@type":"BreadcrumbList","@id":"https:\/\/hrexpresskft.hu\/rolunk\/#breadcrumb","itemListElement":[{"@type":"ListItem","position":1,"name":"Kezd\u0151lap","item":"https:\/\/hrexpresskft.hu\/"},{"@type":"ListItem","position":2,"name":"R\u00f3lunk"}]}]}},"_links":{"self":[{"href":"https:\/\/hrexpresskft.hu\/de\/wp-json\/wp\/v2\/pages\/1523"}],"collection":[{"href":"https:\/\/hrexpresskft.hu\/de\/wp-json\/wp\/v2\/pages"}],"about":[{"href":"https:\/\/hrexpresskft.hu\/de\/wp-json\/wp\/v2\/types\/page"}],"author":[{"embeddable":true,"href":"https:\/\/hrexpresskft.hu\/de\/wp-json\/wp\/v2\/users\/1"}],"replies":[{"embeddable":true,"href":"https:\/\/hrexpresskft.hu\/de\/wp-json\/wp\/v2\/comments?post=1523"}],"version-history":[{"count":9,"href":"https:\/\/hrexpresskft.hu\/de\/wp-json\/wp\/v2\/pages\/1523\/revisions"}],"predecessor-version":[{"id":1589,"href":"https:\/\/hrexpresskft.hu\/de\/wp-json\/wp\/v2\/pages\/1523\/revisions\/1589"}],"wp:attachment":[{"href":"https:\/\/hrexpresskft.hu\/de\/wp-json\/wp\/v2\/media?parent=1523"}],"curies":[{"name":"wp","href":"https:\/\/api.w.org\/{rel}","templated":true}]}}