{"id":1518,"date":"2022-03-03T21:59:28","date_gmt":"2022-03-03T21:59:28","guid":{"rendered":"https:\/\/hrex.aloldal.xyz\/?page_id=1518"},"modified":"2022-06-15T09:42:55","modified_gmt":"2022-06-15T09:42:55","slug":"outsourcing","status":"publish","type":"page","link":"https:\/\/hrexpresskft.hu\/de\/outsourcing\/","title":{"rendered":"Outsourcing"},"content":{"rendered":"<h2 style=\"text-align: justify;\"><strong>Was ist Outsourcing?<br \/>\n<\/strong><\/h2>\n<p style=\"text-align: justify;\">Es gibt Situationen, in denen die \u00dcberpr\u00fcfung eines Unternehmens ergibt, dass einige seiner Aktivit\u00e4ten entweder nicht zum Profil des Unternehmens passen oder zu kostspielig f\u00fcr es sind. In solchen F\u00e4llen werden diese T\u00e4tigkeiten und manchmal auch das Personal, das sie ausf\u00fchrt, an ein externes Unternehmen ausgelagert. Das ist Outsourcing.<br \/>\nDer Sinn des Outsourcings besteht darin, dass das Unternehmen durch die Auslagerung des Prozesses in vielerlei Hinsicht davon profitiert. Einerseits, weil das Unternehmen eine Dienstleistung von einer besseren Qualit\u00e4t erh\u00e4lt, die sich entsprechend kontrollieren l\u00e4sst, und andererseits, weil es dadurch kosteneffizienter arbeiten kann. Der Unternehmensbetrieb wird effektiver, weil es sich mehr auf seine Hauptt\u00e4tigkeiten konzentrieren kann.<br \/>\nBei der Festlegung des Umfangs von Outsourcing-Dienstleistungen ist aber in jedem Fall zu ber\u00fccksichtigen, ob das Outsourcing f\u00fcr das Unternehmen mit Risiken verbunden ist.<br \/>\nDas beste Beispiel, der ein besseres Verst\u00e4ndnis erm\u00f6glicht, ist vielleicht der Fall eines kleinen Unternehmens, das sich mit Fahrzeuglackierung besch\u00e4ftigt. Dieses Unternehmen ist auch gesetzlich zur Buchhaltung verpflichtet. Da dies nicht seine Hauptt\u00e4tigkeit ist, beauftragt es einen Buchhalter im Rahmen eines Auftragsvertrags ein damit, der diese Aufgabe \u00fcbernimmt. Dieses einfache Beispiel ist auch Outsourcing. Kurz gesagt handelt es sich um die Auslagerung einer Aufgabe.<\/p>\n<h2 style=\"text-align: justify;\"><strong>Outsourcing und gute Organisation<br \/>\n<\/strong><\/h2>\n<p style=\"text-align: justify;\">Viele haben Bedenken, verschiedene Aufgaben ihres Unternehmens auszulagern. Wahrscheinlich haben sie schon davon geh\u00f6rt, dass dies sehr riskant ist, weil es durchaus auch vorkommen kann, dass die damit beauftragte externe Firma die Arbeit zwar erledigt, aber nicht gut genug. Leider besteht dieses Risiko auch bei einem eigenen Mitarbeiter, aber mithilfe des richtigen Outsourcing-Unternehmens kann ein solches Risiko auf null gesenkt werden.<br \/>\nBei der Arbeitsorganisation sind zum Beispiel folgende Vorteile hervorzuheben. Wir sprechen hier aus eigener Erfahrung, denn so wird es bei uns umgesetzt.<br \/>\nBei unserer Outsourcing-Dienstleistung passen wir also einerseits unsere eigenen Prozesse an und behalten dabei die \u00dcbersicht \u00fcber sie. Auf deren Grundlage schlagen wir dem Kunden vor, wie er durch einfaches Outsourcing seine Effektivit\u00e4t steigern kann, da durch die Auslagerung eines Bereiches dieser nicht nur stabiler und sicherer gestaltet werden kann, sondern auch der damit verbundene zus\u00e4tzliche Verwaltungsaufwand anderer Bereiche reduziert wird.<br \/>\nAndererseits, um bei dem Beispiel mit der Buchhaltung zu bleiben, kann in einem gr\u00f6\u00dferen Unternehmen die Abwesenheit eines Kollegen bei der Durchf\u00fchrung der Lohnbuchhaltung oder der Erstellung der Steuererkl\u00e4rung zu erheblichen Problemen f\u00fchren. Wenn wir diese Aufgabe \u00fcbernehmen, kann so etwas nicht passieren, da bei uns die Vertretung gew\u00e4hrleistet wird und wir die Dienstleistung kontinuierlich anbieten k\u00f6nnen.<br \/>\nAls Outsourcing-Dienstleister stellen wir n\u00e4mlich nicht nur die Arbeitskr\u00e4fte zur Verf\u00fcgung, sondern \u00fcbernehmen auch die kontinuierliche Durchf\u00fchrung der jeweiligen Aufgabe.<\/p>\n<h2 style=\"text-align: justify;\"><strong>Kostensenkung bei der Infrastruktur<\/strong><\/h2>\n<p style=\"text-align: justify;\">Die Kosten f\u00fcr das eigene Personal wurden bereits erw\u00e4hnt, aber nicht nur auf diesem Gebiet, sondern auch bei den B\u00fcronebenkosten des auszulagernden Bereichs k\u00f6nnen Einsparungen erzielt werden. Und dabei haben wir noch nicht mal einen der gr\u00f6\u00dften Posten erw\u00e4hnt. Bei Outsourcing entfallen f\u00fcr das Unternehmen die Kosten f\u00fcr die Anschaffung und Beibehaltung der Software f\u00fcr die Buchf\u00fchrung oder Lohnbuchhaltung.<\/p>\n<h2 style=\"text-align: justify;\"><strong>Mit uns k\u00f6nnen Sie auch Ihre gesamte Personalverwaltung auslagern!<\/strong><\/h2>\n<p style=\"text-align: justify;\">Als Outsourcing-Dienstleistung \u00fcbernehmen wir auch die gesamte Personalverwaltung, vom Arbeitsantritt bis zum -austritt der Arbeitnehmer. Genauer gesagt handelt es sich um Folgendes:<\/p>\n<ul style=\"text-align: justify;\">\n<li><em>Organisation der Eignungsuntersuchung<\/em><\/li>\n<li><em>Abschluss von Arbeitsvertr\u00e4gen<\/em><\/li>\n<li><em>Lohnbuchhaltung, Sachbearbeitung in Sozialversicherungsangelegenheiten<\/em><\/li>\n<li><em>Umgang mit Beh\u00f6rden<\/em><\/li>\n<li><em>Erstellung und Ausstellung von Bescheinigungen<\/em><\/li>\n<li><em>Datenlieferung<\/em><\/li>\n<li><em>bei Bedarf Anschaffung und Verteilung von Arbeits- und Schutzausr\u00fcstung<\/em><\/li>\n<\/ul>\n<h2 style=\"text-align: justify;\"><strong>Reden wir auch \u00fcber die Haftung<br \/>\n<\/strong><\/h2>\n<p style=\"text-align: justify;\">Wir erf\u00fcllen unsere Aufgaben zu den in unserem Outsourcing-Dienstleistungsvertrag festgelegten Bedingungen. In diesem Vertrag wird auch die Delegierung der Haftung f\u00fcr den ausgelagerten Bereich festgelegt. Das bedeutet, dass wir zur Rechenschaft gezogen werden k\u00f6nnen!<\/p>","protected":false},"excerpt":{"rendered":"<p>Mi az outsourcing? Vannak olyan helyzetek, amikor egy v\u00e1llalat \u00e1tvil\u00e1g\u00edt\u00e1sa sor\u00e1n meg\u00e1llap\u00edt\u00e1sra ker\u00fcl, hogy a tev\u00e9kenys\u00e9gei k\u00f6z\u00f6tt vannak olyanok, amelyek vagy nem illeszkednek a v\u00e1llalat profilj\u00e1ba,<span class=\"excerpt-hellip\"> [\u2026]<\/span><\/p>","protected":false},"author":1,"featured_media":0,"parent":0,"menu_order":0,"comment_status":"closed","ping_status":"closed","template":"","meta":[],"yoast_head":"<!-- This site is optimized with the Yoast SEO plugin v19.1 - https:\/\/yoast.com\/wordpress\/plugins\/seo\/ -->\n<title>Outsourcing - HR Express Kft.<\/title>\n<meta name=\"description\" content=\"Mi az outsourcing? Egy olyan folyamat, amely sor\u00e1n a szervezet a profilj\u00e1hoz nem illeszked\u0151, esetleg k\u00f6lts\u00e9ges tev\u00e9kenys\u00e9g\u00e9t egy k\u00fcls\u0151 c\u00e9ghez helyezi ki.\" \/>\n<meta name=\"robots\" content=\"index, follow, max-snippet:-1, max-image-preview:large, max-video-preview:-1\" \/>\n<link rel=\"canonical\" href=\"https:\/\/hrexpresskft.hu\/de\/outsourcing\/\" \/>\n<meta property=\"og:locale\" content=\"de_DE\" \/>\n<meta property=\"og:type\" content=\"article\" \/>\n<meta property=\"og:title\" content=\"Outsourcing - HR Express Kft.\" \/>\n<meta property=\"og:description\" content=\"Mi az outsourcing? Egy olyan folyamat, amely sor\u00e1n a szervezet a profilj\u00e1hoz nem illeszked\u0151, esetleg k\u00f6lts\u00e9ges tev\u00e9kenys\u00e9g\u00e9t egy k\u00fcls\u0151 c\u00e9ghez helyezi ki.\" \/>\n<meta property=\"og:url\" content=\"https:\/\/hrexpresskft.hu\/de\/outsourcing\/\" \/>\n<meta property=\"og:site_name\" content=\"HR Express Kft.\" \/>\n<meta property=\"article:modified_time\" content=\"2022-06-15T09:42:55+00:00\" \/>\n<meta name=\"twitter:card\" content=\"summary_large_image\" \/>\n<meta name=\"twitter:label1\" content=\"Gesch\u00e4tzte Lesezeit\" \/>\n\t<meta name=\"twitter:data1\" content=\"4\u00a0Minuten\" \/>\n<script type=\"application\/ld+json\" class=\"yoast-schema-graph\">{\"@context\":\"https:\/\/schema.org\",\"@graph\":[{\"@type\":\"Organization\",\"@id\":\"https:\/\/hrexpresskft.hu\/#organization\",\"name\":\"HR EXPRESS KFT.\",\"url\":\"https:\/\/hrexpresskft.hu\/\",\"sameAs\":[],\"logo\":{\"@type\":\"ImageObject\",\"inLanguage\":\"de\",\"@id\":\"https:\/\/hrexpresskft.hu\/#\/schema\/logo\/image\/\",\"url\":\"https:\/\/hrexpresskft.hu\/wp-content\/uploads\/2022\/03\/hr-express-logo-szines.png\",\"contentUrl\":\"https:\/\/hrexpresskft.hu\/wp-content\/uploads\/2022\/03\/hr-express-logo-szines.png\",\"width\":340,\"height\":180,\"caption\":\"HR EXPRESS KFT.\"},\"image\":{\"@id\":\"https:\/\/hrexpresskft.hu\/#\/schema\/logo\/image\/\"}},{\"@type\":\"WebSite\",\"@id\":\"https:\/\/hrexpresskft.hu\/#website\",\"url\":\"https:\/\/hrexpresskft.hu\/\",\"name\":\"HR Express Kft.\",\"description\":\"munkaer\u0151 k\u00f6zvet\u00edt\u00e9s, munkaer\u0151 k\u00f6lcs\u00f6nz\u00e9s, HR tan\u00e1csad\u00e1s, fejvad\u00e1szat, outsourcing, ukr\u00e1n munkaer\u0151, munkaer\u0151 k\u00f6zvet\u00edt\u0151\",\"publisher\":{\"@id\":\"https:\/\/hrexpresskft.hu\/#organization\"},\"potentialAction\":[{\"@type\":\"SearchAction\",\"target\":{\"@type\":\"EntryPoint\",\"urlTemplate\":\"https:\/\/hrexpresskft.hu\/?s={search_term_string}\"},\"query-input\":\"required name=search_term_string\"}],\"inLanguage\":\"de\"},{\"@type\":\"WebPage\",\"@id\":\"https:\/\/hrexpresskft.hu\/outsourcing\/#webpage\",\"url\":\"https:\/\/hrexpresskft.hu\/outsourcing\/\",\"name\":\"Outsourcing - HR Express Kft.\",\"isPartOf\":{\"@id\":\"https:\/\/hrexpresskft.hu\/#website\"},\"datePublished\":\"2022-03-03T21:59:28+00:00\",\"dateModified\":\"2022-06-15T09:42:55+00:00\",\"description\":\"Mi az outsourcing? Egy olyan folyamat, amely sor\u00e1n a szervezet a profilj\u00e1hoz nem illeszked\u0151, esetleg k\u00f6lts\u00e9ges tev\u00e9kenys\u00e9g\u00e9t egy k\u00fcls\u0151 c\u00e9ghez helyezi ki.\",\"breadcrumb\":{\"@id\":\"https:\/\/hrexpresskft.hu\/outsourcing\/#breadcrumb\"},\"inLanguage\":\"de\",\"potentialAction\":[{\"@type\":\"ReadAction\",\"target\":[\"https:\/\/hrexpresskft.hu\/outsourcing\/\"]}]},{\"@type\":\"BreadcrumbList\",\"@id\":\"https:\/\/hrexpresskft.hu\/outsourcing\/#breadcrumb\",\"itemListElement\":[{\"@type\":\"ListItem\",\"position\":1,\"name\":\"Kezd\u0151lap\",\"item\":\"https:\/\/hrexpresskft.hu\/\"},{\"@type\":\"ListItem\",\"position\":2,\"name\":\"Outsourcing\"}]}]}<\/script>\n<!-- \/ Yoast SEO plugin. -->","yoast_head_json":{"title":"Outsourcing - HR Express Kft.","description":"Mi az outsourcing? Egy olyan folyamat, amely sor\u00e1n a szervezet a profilj\u00e1hoz nem illeszked\u0151, esetleg k\u00f6lts\u00e9ges tev\u00e9kenys\u00e9g\u00e9t egy k\u00fcls\u0151 c\u00e9ghez helyezi ki.","robots":{"index":"index","follow":"follow","max-snippet":"max-snippet:-1","max-image-preview":"max-image-preview:large","max-video-preview":"max-video-preview:-1"},"canonical":"https:\/\/hrexpresskft.hu\/de\/outsourcing\/","og_locale":"de_DE","og_type":"article","og_title":"Outsourcing - HR Express Kft.","og_description":"Mi az outsourcing? Egy olyan folyamat, amely sor\u00e1n a szervezet a profilj\u00e1hoz nem illeszked\u0151, esetleg k\u00f6lts\u00e9ges tev\u00e9kenys\u00e9g\u00e9t egy k\u00fcls\u0151 c\u00e9ghez helyezi ki.","og_url":"https:\/\/hrexpresskft.hu\/de\/outsourcing\/","og_site_name":"HR Express Kft.","article_modified_time":"2022-06-15T09:42:55+00:00","twitter_card":"summary_large_image","twitter_misc":{"Gesch\u00e4tzte Lesezeit":"4\u00a0Minuten"},"schema":{"@context":"https:\/\/schema.org","@graph":[{"@type":"Organization","@id":"https:\/\/hrexpresskft.hu\/#organization","name":"HR EXPRESS KFT.","url":"https:\/\/hrexpresskft.hu\/","sameAs":[],"logo":{"@type":"ImageObject","inLanguage":"de","@id":"https:\/\/hrexpresskft.hu\/#\/schema\/logo\/image\/","url":"https:\/\/hrexpresskft.hu\/wp-content\/uploads\/2022\/03\/hr-express-logo-szines.png","contentUrl":"https:\/\/hrexpresskft.hu\/wp-content\/uploads\/2022\/03\/hr-express-logo-szines.png","width":340,"height":180,"caption":"HR EXPRESS KFT."},"image":{"@id":"https:\/\/hrexpresskft.hu\/#\/schema\/logo\/image\/"}},{"@type":"WebSite","@id":"https:\/\/hrexpresskft.hu\/#website","url":"https:\/\/hrexpresskft.hu\/","name":"HR Express Kft.","description":"munkaer\u0151 k\u00f6zvet\u00edt\u00e9s, munkaer\u0151 k\u00f6lcs\u00f6nz\u00e9s, HR tan\u00e1csad\u00e1s, fejvad\u00e1szat, outsourcing, ukr\u00e1n munkaer\u0151, munkaer\u0151 k\u00f6zvet\u00edt\u0151","publisher":{"@id":"https:\/\/hrexpresskft.hu\/#organization"},"potentialAction":[{"@type":"SearchAction","target":{"@type":"EntryPoint","urlTemplate":"https:\/\/hrexpresskft.hu\/?s={search_term_string}"},"query-input":"required name=search_term_string"}],"inLanguage":"de"},{"@type":"WebPage","@id":"https:\/\/hrexpresskft.hu\/outsourcing\/#webpage","url":"https:\/\/hrexpresskft.hu\/outsourcing\/","name":"Outsourcing - HR Express Kft.","isPartOf":{"@id":"https:\/\/hrexpresskft.hu\/#website"},"datePublished":"2022-03-03T21:59:28+00:00","dateModified":"2022-06-15T09:42:55+00:00","description":"Mi az outsourcing? Egy olyan folyamat, amely sor\u00e1n a szervezet a profilj\u00e1hoz nem illeszked\u0151, esetleg k\u00f6lts\u00e9ges tev\u00e9kenys\u00e9g\u00e9t egy k\u00fcls\u0151 c\u00e9ghez helyezi ki.","breadcrumb":{"@id":"https:\/\/hrexpresskft.hu\/outsourcing\/#breadcrumb"},"inLanguage":"de","potentialAction":[{"@type":"ReadAction","target":["https:\/\/hrexpresskft.hu\/outsourcing\/"]}]},{"@type":"BreadcrumbList","@id":"https:\/\/hrexpresskft.hu\/outsourcing\/#breadcrumb","itemListElement":[{"@type":"ListItem","position":1,"name":"Kezd\u0151lap","item":"https:\/\/hrexpresskft.hu\/"},{"@type":"ListItem","position":2,"name":"Outsourcing"}]}]}},"_links":{"self":[{"href":"https:\/\/hrexpresskft.hu\/de\/wp-json\/wp\/v2\/pages\/1518"}],"collection":[{"href":"https:\/\/hrexpresskft.hu\/de\/wp-json\/wp\/v2\/pages"}],"about":[{"href":"https:\/\/hrexpresskft.hu\/de\/wp-json\/wp\/v2\/types\/page"}],"author":[{"embeddable":true,"href":"https:\/\/hrexpresskft.hu\/de\/wp-json\/wp\/v2\/users\/1"}],"replies":[{"embeddable":true,"href":"https:\/\/hrexpresskft.hu\/de\/wp-json\/wp\/v2\/comments?post=1518"}],"version-history":[{"count":3,"href":"https:\/\/hrexpresskft.hu\/de\/wp-json\/wp\/v2\/pages\/1518\/revisions"}],"predecessor-version":[{"id":1554,"href":"https:\/\/hrexpresskft.hu\/de\/wp-json\/wp\/v2\/pages\/1518\/revisions\/1554"}],"wp:attachment":[{"href":"https:\/\/hrexpresskft.hu\/de\/wp-json\/wp\/v2\/media?parent=1518"}],"curies":[{"name":"wp","href":"https:\/\/api.w.org\/{rel}","templated":true}]}}