{"id":1516,"date":"2022-03-03T21:57:52","date_gmt":"2022-03-03T21:57:52","guid":{"rendered":"https:\/\/hrex.aloldal.xyz\/?page_id=1516"},"modified":"2022-06-15T09:40:18","modified_gmt":"2022-06-15T09:40:18","slug":"hr-tanacsadas","status":"publish","type":"page","link":"https:\/\/hrexpresskft.hu\/de\/hr-tanacsadas\/","title":{"rendered":"HR-Beratung"},"content":{"rendered":"<h2 style=\"text-align: justify;\"><strong>Um die HR-Beratung zu verstehen, sollten wir uns zun\u00e4chst ansehen, was HR ist!<br \/>\n<\/strong><\/h2>\n<p style=\"text-align: justify;\">Der Begriff ist die Abk\u00fcrzung f\u00fcr Humanressourcen. Das bedeutet so viel wie menschliche Ressourcen.<br \/>\nZu den Humanressourcen geh\u00f6rt alles, was mit den Arbeitnehmern und ihren T\u00e4tigkeiten im Rahmen des Betriebs eines Unternehmens zusammenh\u00e4ngt.<br \/>\nHumanressourcen sind heute ein unverzichtbares Instrument f\u00fcr die Umsetzung der Unternehmensstrategie, f\u00fcr die Auswahl der richtigen Arbeitnehmer f\u00fcr die jeweiligen Positionen und f\u00fcr die Motivation, Kontrolle, fachliche Schulung und Entwicklung der Mitarbeiter.<br \/>\nMit einer effektiven HR-Beratung kann die richtige Unternehmensstrategie zur Steigerung der Produktivit\u00e4t umgesetzt werden. Ja, das ist wichtig, denn einer der gr\u00f6\u00dften Kostenfaktoren f\u00fcr jedes Unternehmen sind die Arbeitskr\u00e4fte - also die Menschen selbst. Und wenn dies gut funktioniert, steigt die Produktivit\u00e4t.<\/p>\n<h2 style=\"text-align: justify;\"><strong>Was sieht eine professionelle HR-Beratung aus?<br \/>\n<\/strong><\/h2>\n<p style=\"text-align: justify;\">Wie bereits erw\u00e4hnt, geht es bei der HR-Beratung um die Konzeption, Umsetzung und \u00dcberwachung der Personalstrategie des Unternehmens. Bei Bedarf k\u00f6nnen die einzelnen Bereiche auch separat abgedeckt werden. \u00dcber welche Bereiche sprechen wir? Was leisten wir also f\u00fcr unsere Kunden?<\/p>\n<ul style=\"text-align: justify;\">\n<li><em>Ausarbeiten einer Personalstrategie<\/em><\/li>\n<li><em>Erfassung und Aufzeichnung der Probleme<\/em><\/li>\n<li><em>Erarbeitung von L\u00f6sungsvorschl\u00e4gen<\/em><\/li>\n<li><em>Formulierung von Stellenanzeigen<\/em><\/li>\n<li><em>Organisation und Durchf\u00fchrung von Bewerbungsgespr\u00e4chen<\/em><\/li>\n<li><em>F\u00f6rderung der Integration neuer Arbeitnehmer<\/em><\/li>\n<li><em>Erhebungen zu den Kompetenzen der bereits vorhandenen Arbeitnehmer<\/em><\/li>\n<li><em>Organisation von Aus- und Weiterbildun<\/em><\/li>\n<\/ul>\n<h2 style=\"text-align: justify;\"><strong>Welche Aspekte sind f\u00fcr uns bei einer HR-Beratung wichtig?<\/strong><\/h2>\n<p style=\"text-align: justify;\">Genauso wie das Headhunting ist auch die HR-Beratung eine hochkomplexe Aufgabe. Es gibt sowohl emotionale als auch k\u00fchl zu kalkulierende strategische Teilaspekte. Wir m\u00fcssen ein angemessenes Gleichgewicht zwischen Fachwissen und einer kundenorientierten Denkweise finden. Und mit Kunden meinen wir sowohl Arbeitnehmer als auch Arbeitgeber, die eine HR-Beratung in Anspruch nehmen.<br \/>\nBei einer professionellen HR-Beratung m\u00fcssen alle Gesichtspunkte ber\u00fccksichtigt werden, und wir beschreiten einen schmalen Grat, wenn wir entscheiden m\u00fcssen, wem oder was man den Vorrang gibt. Dem Menschen, dem Kunden (dem Unternehmen), wie wichtig der emotionale Aspekt sein sollte, ob wir uns auch um die Seele k\u00fcmmern sollten.<br \/>\nWir versuchen im Rahmen unserer HR-Beratung die Prozesse so durchzuf\u00fchren, dass keiner der oben genannten Punkte zu kurz kommt.<\/p>\n<h2 style=\"text-align: justify;\"><strong>Aber warum ist das denn so schwer?<br \/>\n<\/strong><\/h2>\n<p style=\"text-align: justify;\">Der Grund daf\u00fcr ist, dass in vielen F\u00e4llen die Menschen, die HR-Beratung in Anspruch nehmen, unterschiedlich sind. Wir stehen daf\u00fcr, dass Einf\u00fchlungsverm\u00f6gen, Verst\u00e4ndnis und Vertrauen f\u00fcr uns sehr wichtig sind, denn gerade dies wird von den Arbeitnehmern im Allgemeinen gew\u00fcnscht und erwartet. Und wir sind uns absolut dar\u00fcber im Klaren, dass sich ohne Hilfsbereitschaft und eine angemessene Aufmerksamkeit keine Ergebnisse erzielen lassen. Und das m\u00fcssen wir auch unseren Kunden, die manchmal die gegenteilige Ansicht vertreten, unbedingt bewusstmachen.<br \/>\nDie Kunden andererseits erwarten von uns die Entwicklung der richtigen Strategie und deren Umsetzung. F\u00fcr eine erfolgreiche Umsetzung gen\u00fcgen jedoch nicht nur Fachwissen und harte Arbeit, sondern es muss auch der menschliche Faktor ber\u00fccksichtigt werden, denn jeder Mensch hat ein Gef\u00fchlsleben und eine Seele. Wenn wir unsere Arbeit ernst nehmen, m\u00fcssen wir uns auch damit besch\u00e4ftigen.<br \/>\nDar\u00fcber hinaus erfordert eine gute HR-Beratung auch das entsprechende Fachwissen. Das bedeutet, dass man sich \u00fcber die Anspr\u00fcche der Arbeitgeber und des Arbeitsmarktes informiert und sich bez\u00fcglich der Trends auf dem Laufenden h\u00e4lt. Wir m\u00fcssen zum Beispiel wissen, an wen wir uns wenden k\u00f6nnen, wenn wir jemandem begegnen, der mit sozialen oder sogar mit Existenzproblemen zu k\u00e4mpfen hat.<br \/>\nDas alles geh\u00f6rt zur HR-Beratung dazu, es handelt sich also um eine vielschichtige Aufgabe, die ein breites Spektrum an Fertigkeiten erfordert, aber wir lieben sie und sind bereit, all unsere F\u00e4higkeiten in Ihren Dienst zu stellen. Und das 24 Stunden am Tag und 7 Tage die Woche.<\/p>","protected":false},"excerpt":{"rendered":"<p>A HR tan\u00e1csad\u00e1s meg\u00e9rt\u00e9s\u00e9hez el\u0151sz\u00f6r n\u00e9zz\u00fck meg, hogy mi az a HR! A kifejez\u00e9s az angol human resource r\u00f6vid\u00edt\u00e9se. A jelent\u00e9se emberi er\u0151forr\u00e1s, vagy hum\u00e1n er\u0151forr\u00e1s<span class=\"excerpt-hellip\"> [\u2026]<\/span><\/p>","protected":false},"author":1,"featured_media":0,"parent":0,"menu_order":0,"comment_status":"closed","ping_status":"closed","template":"","meta":[],"yoast_head":"<!-- This site is optimized with the Yoast SEO plugin v19.1 - https:\/\/yoast.com\/wordpress\/plugins\/seo\/ -->\n<title>HR tan\u00e1csad\u00e1s - HR Express Kft.<\/title>\n<meta name=\"description\" content=\"A HR tan\u00e1csad\u00e1s sor\u00e1n egy c\u00e9g komplett HR strat\u00e9gi\u00e1j\u00e1nak kidolgoz\u00e1sa \u00e9s annak ig\u00e9ny szerinti megval\u00f3s\u00edt\u00e1sa t\u00f6rt\u00e9nik. Ez ak\u00e1r \u00f6n\u00e1ll\u00f3 ter\u00fcletekre lebontva is.\" \/>\n<meta name=\"robots\" content=\"index, follow, max-snippet:-1, max-image-preview:large, max-video-preview:-1\" \/>\n<link rel=\"canonical\" href=\"https:\/\/hrexpresskft.hu\/de\/hr-tanacsadas\/\" \/>\n<meta property=\"og:locale\" content=\"de_DE\" \/>\n<meta property=\"og:type\" content=\"article\" \/>\n<meta property=\"og:title\" content=\"HR tan\u00e1csad\u00e1s - HR Express Kft.\" \/>\n<meta property=\"og:description\" content=\"A HR tan\u00e1csad\u00e1s sor\u00e1n egy c\u00e9g komplett HR strat\u00e9gi\u00e1j\u00e1nak kidolgoz\u00e1sa \u00e9s annak ig\u00e9ny szerinti megval\u00f3s\u00edt\u00e1sa t\u00f6rt\u00e9nik. Ez ak\u00e1r \u00f6n\u00e1ll\u00f3 ter\u00fcletekre lebontva is.\" \/>\n<meta property=\"og:url\" content=\"https:\/\/hrexpresskft.hu\/de\/hr-tanacsadas\/\" \/>\n<meta property=\"og:site_name\" content=\"HR Express Kft.\" \/>\n<meta property=\"article:modified_time\" content=\"2022-06-15T09:40:18+00:00\" \/>\n<meta name=\"twitter:card\" content=\"summary_large_image\" \/>\n<meta name=\"twitter:label1\" content=\"Gesch\u00e4tzte Lesezeit\" \/>\n\t<meta name=\"twitter:data1\" content=\"4\u00a0Minuten\" \/>\n<script type=\"application\/ld+json\" class=\"yoast-schema-graph\">{\"@context\":\"https:\/\/schema.org\",\"@graph\":[{\"@type\":\"Organization\",\"@id\":\"https:\/\/hrexpresskft.hu\/#organization\",\"name\":\"HR EXPRESS KFT.\",\"url\":\"https:\/\/hrexpresskft.hu\/\",\"sameAs\":[],\"logo\":{\"@type\":\"ImageObject\",\"inLanguage\":\"de\",\"@id\":\"https:\/\/hrexpresskft.hu\/#\/schema\/logo\/image\/\",\"url\":\"https:\/\/hrexpresskft.hu\/wp-content\/uploads\/2022\/03\/hr-express-logo-szines.png\",\"contentUrl\":\"https:\/\/hrexpresskft.hu\/wp-content\/uploads\/2022\/03\/hr-express-logo-szines.png\",\"width\":340,\"height\":180,\"caption\":\"HR EXPRESS KFT.\"},\"image\":{\"@id\":\"https:\/\/hrexpresskft.hu\/#\/schema\/logo\/image\/\"}},{\"@type\":\"WebSite\",\"@id\":\"https:\/\/hrexpresskft.hu\/#website\",\"url\":\"https:\/\/hrexpresskft.hu\/\",\"name\":\"HR Express Kft.\",\"description\":\"munkaer\u0151 k\u00f6zvet\u00edt\u00e9s, munkaer\u0151 k\u00f6lcs\u00f6nz\u00e9s, HR tan\u00e1csad\u00e1s, fejvad\u00e1szat, outsourcing, ukr\u00e1n munkaer\u0151, munkaer\u0151 k\u00f6zvet\u00edt\u0151\",\"publisher\":{\"@id\":\"https:\/\/hrexpresskft.hu\/#organization\"},\"potentialAction\":[{\"@type\":\"SearchAction\",\"target\":{\"@type\":\"EntryPoint\",\"urlTemplate\":\"https:\/\/hrexpresskft.hu\/?s={search_term_string}\"},\"query-input\":\"required name=search_term_string\"}],\"inLanguage\":\"de\"},{\"@type\":\"WebPage\",\"@id\":\"https:\/\/hrexpresskft.hu\/hr-tanacsadas\/#webpage\",\"url\":\"https:\/\/hrexpresskft.hu\/hr-tanacsadas\/\",\"name\":\"HR tan\u00e1csad\u00e1s - HR Express Kft.\",\"isPartOf\":{\"@id\":\"https:\/\/hrexpresskft.hu\/#website\"},\"datePublished\":\"2022-03-03T21:57:52+00:00\",\"dateModified\":\"2022-06-15T09:40:18+00:00\",\"description\":\"A HR tan\u00e1csad\u00e1s sor\u00e1n egy c\u00e9g komplett HR strat\u00e9gi\u00e1j\u00e1nak kidolgoz\u00e1sa \u00e9s annak ig\u00e9ny szerinti megval\u00f3s\u00edt\u00e1sa t\u00f6rt\u00e9nik. Ez ak\u00e1r \u00f6n\u00e1ll\u00f3 ter\u00fcletekre lebontva is.\",\"breadcrumb\":{\"@id\":\"https:\/\/hrexpresskft.hu\/hr-tanacsadas\/#breadcrumb\"},\"inLanguage\":\"de\",\"potentialAction\":[{\"@type\":\"ReadAction\",\"target\":[\"https:\/\/hrexpresskft.hu\/hr-tanacsadas\/\"]}]},{\"@type\":\"BreadcrumbList\",\"@id\":\"https:\/\/hrexpresskft.hu\/hr-tanacsadas\/#breadcrumb\",\"itemListElement\":[{\"@type\":\"ListItem\",\"position\":1,\"name\":\"Kezd\u0151lap\",\"item\":\"https:\/\/hrexpresskft.hu\/\"},{\"@type\":\"ListItem\",\"position\":2,\"name\":\"HR tan\u00e1csad\u00e1s\"}]}]}<\/script>\n<!-- \/ Yoast SEO plugin. -->","yoast_head_json":{"title":"HR tan\u00e1csad\u00e1s - HR Express Kft.","description":"A HR tan\u00e1csad\u00e1s sor\u00e1n egy c\u00e9g komplett HR strat\u00e9gi\u00e1j\u00e1nak kidolgoz\u00e1sa \u00e9s annak ig\u00e9ny szerinti megval\u00f3s\u00edt\u00e1sa t\u00f6rt\u00e9nik. Ez ak\u00e1r \u00f6n\u00e1ll\u00f3 ter\u00fcletekre lebontva is.","robots":{"index":"index","follow":"follow","max-snippet":"max-snippet:-1","max-image-preview":"max-image-preview:large","max-video-preview":"max-video-preview:-1"},"canonical":"https:\/\/hrexpresskft.hu\/de\/hr-tanacsadas\/","og_locale":"de_DE","og_type":"article","og_title":"HR tan\u00e1csad\u00e1s - HR Express Kft.","og_description":"A HR tan\u00e1csad\u00e1s sor\u00e1n egy c\u00e9g komplett HR strat\u00e9gi\u00e1j\u00e1nak kidolgoz\u00e1sa \u00e9s annak ig\u00e9ny szerinti megval\u00f3s\u00edt\u00e1sa t\u00f6rt\u00e9nik. Ez ak\u00e1r \u00f6n\u00e1ll\u00f3 ter\u00fcletekre lebontva is.","og_url":"https:\/\/hrexpresskft.hu\/de\/hr-tanacsadas\/","og_site_name":"HR Express Kft.","article_modified_time":"2022-06-15T09:40:18+00:00","twitter_card":"summary_large_image","twitter_misc":{"Gesch\u00e4tzte Lesezeit":"4\u00a0Minuten"},"schema":{"@context":"https:\/\/schema.org","@graph":[{"@type":"Organization","@id":"https:\/\/hrexpresskft.hu\/#organization","name":"HR EXPRESS KFT.","url":"https:\/\/hrexpresskft.hu\/","sameAs":[],"logo":{"@type":"ImageObject","inLanguage":"de","@id":"https:\/\/hrexpresskft.hu\/#\/schema\/logo\/image\/","url":"https:\/\/hrexpresskft.hu\/wp-content\/uploads\/2022\/03\/hr-express-logo-szines.png","contentUrl":"https:\/\/hrexpresskft.hu\/wp-content\/uploads\/2022\/03\/hr-express-logo-szines.png","width":340,"height":180,"caption":"HR EXPRESS KFT."},"image":{"@id":"https:\/\/hrexpresskft.hu\/#\/schema\/logo\/image\/"}},{"@type":"WebSite","@id":"https:\/\/hrexpresskft.hu\/#website","url":"https:\/\/hrexpresskft.hu\/","name":"HR Express Kft.","description":"munkaer\u0151 k\u00f6zvet\u00edt\u00e9s, munkaer\u0151 k\u00f6lcs\u00f6nz\u00e9s, HR tan\u00e1csad\u00e1s, fejvad\u00e1szat, outsourcing, ukr\u00e1n munkaer\u0151, munkaer\u0151 k\u00f6zvet\u00edt\u0151","publisher":{"@id":"https:\/\/hrexpresskft.hu\/#organization"},"potentialAction":[{"@type":"SearchAction","target":{"@type":"EntryPoint","urlTemplate":"https:\/\/hrexpresskft.hu\/?s={search_term_string}"},"query-input":"required name=search_term_string"}],"inLanguage":"de"},{"@type":"WebPage","@id":"https:\/\/hrexpresskft.hu\/hr-tanacsadas\/#webpage","url":"https:\/\/hrexpresskft.hu\/hr-tanacsadas\/","name":"HR tan\u00e1csad\u00e1s - HR Express Kft.","isPartOf":{"@id":"https:\/\/hrexpresskft.hu\/#website"},"datePublished":"2022-03-03T21:57:52+00:00","dateModified":"2022-06-15T09:40:18+00:00","description":"A HR tan\u00e1csad\u00e1s sor\u00e1n egy c\u00e9g komplett HR strat\u00e9gi\u00e1j\u00e1nak kidolgoz\u00e1sa \u00e9s annak ig\u00e9ny szerinti megval\u00f3s\u00edt\u00e1sa t\u00f6rt\u00e9nik. Ez ak\u00e1r \u00f6n\u00e1ll\u00f3 ter\u00fcletekre lebontva is.","breadcrumb":{"@id":"https:\/\/hrexpresskft.hu\/hr-tanacsadas\/#breadcrumb"},"inLanguage":"de","potentialAction":[{"@type":"ReadAction","target":["https:\/\/hrexpresskft.hu\/hr-tanacsadas\/"]}]},{"@type":"BreadcrumbList","@id":"https:\/\/hrexpresskft.hu\/hr-tanacsadas\/#breadcrumb","itemListElement":[{"@type":"ListItem","position":1,"name":"Kezd\u0151lap","item":"https:\/\/hrexpresskft.hu\/"},{"@type":"ListItem","position":2,"name":"HR tan\u00e1csad\u00e1s"}]}]}},"_links":{"self":[{"href":"https:\/\/hrexpresskft.hu\/de\/wp-json\/wp\/v2\/pages\/1516"}],"collection":[{"href":"https:\/\/hrexpresskft.hu\/de\/wp-json\/wp\/v2\/pages"}],"about":[{"href":"https:\/\/hrexpresskft.hu\/de\/wp-json\/wp\/v2\/types\/page"}],"author":[{"embeddable":true,"href":"https:\/\/hrexpresskft.hu\/de\/wp-json\/wp\/v2\/users\/1"}],"replies":[{"embeddable":true,"href":"https:\/\/hrexpresskft.hu\/de\/wp-json\/wp\/v2\/comments?post=1516"}],"version-history":[{"count":3,"href":"https:\/\/hrexpresskft.hu\/de\/wp-json\/wp\/v2\/pages\/1516\/revisions"}],"predecessor-version":[{"id":1549,"href":"https:\/\/hrexpresskft.hu\/de\/wp-json\/wp\/v2\/pages\/1516\/revisions\/1549"}],"wp:attachment":[{"href":"https:\/\/hrexpresskft.hu\/de\/wp-json\/wp\/v2\/media?parent=1516"}],"curies":[{"name":"wp","href":"https:\/\/api.w.org\/{rel}","templated":true}]}}