{"id":1512,"date":"2022-03-03T21:56:53","date_gmt":"2022-03-03T21:56:53","guid":{"rendered":"https:\/\/hrex.aloldal.xyz\/?page_id=1512"},"modified":"2022-06-15T09:42:19","modified_gmt":"2022-06-15T09:42:19","slug":"munkaero-kozvetito","status":"publish","type":"page","link":"https:\/\/hrexpresskft.hu\/de\/munkaero-kozvetito\/","title":{"rendered":"Arbeitsvermittler"},"content":{"rendered":"<h2 style=\"text-align: justify;\"><strong>Was ist ein Arbeitsvermittler?<\/strong><\/h2>\n<p style=\"text-align: justify;\">Lassen Sie uns zun\u00e4chst den Begriff Arbeitsvermittler kl\u00e4ren. Der Arbeitsvermittler ist derjenige, der die Anwerbung von ausgelagerten Arbeitskr\u00e4ften, die Suche nach ihnen und deren Auswahl \u00fcbernimmt und dar\u00fcber einen Bericht erstellt.<br \/>\nDie T\u00e4tigkeit des Arbeitsvermittlers, die er im Privatsektor aus\u00fcbt, besteht aus einer Reihe von Dienstleistungen, die darauf abzielen, Arbeitssuchende und Arbeitsanbieter im Rahmen des Arbeitsmarktes zu Bedingungen zusammenzubringen, die f\u00fcr beide Seiten vorteilhaft sind.<br \/>\nIn unserem Land wird die Arbeit eines Arbeitsvermittlers durch eine Regierungsverordnung geregelt. Die einschl\u00e4gige Verordnung ist die Regierungsverordnung Nr. 118\/2001 (VI. 30.). Diese Verordnung legt die Bedingungen f\u00fcr die Eintragung der T\u00e4tigkeit eines Arbeitsvermittlers ins entsprechende Register und f\u00fcr die Aus\u00fcbung dieser T\u00e4tigkeit fest.<br \/>\nEntgegen der falschen Vorstellung vieler \u00fcbt ein Arbeitsvermittler nicht dieselbe T\u00e4tigkeit aus wie eine Zeitarbeitsfirma. Der Arbeitsvermittler ist eine Drittpartei, die zwischen den Arbeitsuchenden, Privatpersonen, und den Unternehmen, die die Stellen anbieten, steht und die Aufgabe hat, die beiden Parteien zusammenzubringen. Anders als bei einer Zeitarbeitsfirma wird die Beziehung beendet, wenn die beiden Parteien erfolgreich zusammenkommen, was bedeutet, dass es danach keine dreiseitige Beziehung mehr gibt. Zusammenfassend l\u00e4sst sich also sagen, dass es in unserem Fall darum geht, das Zustandekommen einer Arbeitsbeziehung zu erleichtern.<br \/>\nEine Arbeitsvermittlung ist also ein Unternehmen, das sich auf die Anwerbung und Auswahl von Kandidaten spezialisiert hat, die den Anforderungen des Auftraggebers entsprechen.<\/p>\n<h2 style=\"text-align: justify;\"><strong>Wie funktioniert eine Arbeitsvermittlung?<br \/>\n<\/strong><\/h2>\n<p style=\"text-align: justify;\">An dieser Stelle m\u00f6chten wir betonen, dass die Vermittlung aus Sicht des Auftraggebers eine wirksame Erg\u00e4nzung der Arbeit der Personalabteilung darstellt, der es in der Regel an den erforderlichen Kapazit\u00e4ten mangelt, denn<\/p>\n<ul style=\"text-align: justify;\">\n<li><em>Sie sagen uns, was Sie brauchen, und wir suchen die Interessenten und treffen eine Vorauswahl,<\/em><\/li>\n<li><em>und wir vermitteln nur potenzielle Kandidaten, deren Eignung wir garantieren.<\/em><\/li>\n<\/ul>\n<p style=\"text-align: justify;\">Wenn Sie zus\u00e4tzlich auch unsere HR-Beratung in Anspruch nehmen, k\u00f6nnen Sie so auch Ihre Arbeitsabl\u00e4ufe im Personalwesen optimieren. Lesen Sie mehr dar\u00fcber auf unserer Seite zur HR-Beratung.<\/p>\n<p style=\"text-align: justify;\">Im Folgenden werden die Schritte und Prozesse beschrieben, die Sie durchlaufen, wenn Sie unsere Arbeitsvermittlungsdienstleistung in Anspruch nehmen.<\/p>\n<ul style=\"text-align: justify;\">\n<li><em>Der erste Schritt besteht darin, den Bedarf zu ermitteln,<\/em><\/li>\n<li><em>dann entwickeln wir eine Such- und Auswahlstrategie,<\/em><\/li>\n<li><em>bereiten die Stellenanzeigenkampagne vor,<\/em><\/li>\n<li><em>und suchen mit verschiedenen Techniken nach Kandidaten, die individuell oder komplex sein k\u00f6nnen (verschiedene Datenbanken, soziale Medien usw.),<\/em><\/li>\n<li><em>anschlie\u00dfend werden die Bewerber, die in die engere Wahl kommen, einer Vorauswahl unterzogen und es werden Gespr\u00e4che gef\u00fchrt,<\/em><\/li>\n<li><em>Darauf erstellen wir einen ausf\u00fchrlichen Bericht \u00fcber die geeigneten Kandidaten und wirken an der Entscheidung mit,<\/em><\/li>\n<li><em>Ebenfalls werden wir sowohl die erfolgreichen als auch die nicht erfolgreichen Bewerber benachrichtigen,<\/em><\/li>\n<li><em>dem ausgew\u00e4hlten Bewerber den Arbeitsantritt erleichtern und ihn w\u00e4hrend seiner Probezeit begleiten,<\/em><\/li>\n<li><em>und bei Bedarf bieten wir auch HR-Beratung an.<\/em><\/li>\n<\/ul>\n<h2 style=\"text-align: justify;\"><strong>Wegen was f\u00fcr Stellen wenden sich die meisten Kunden an uns?<\/strong><\/h2>\n<p style=\"text-align: justify;\">Bei praktisch allen offenen Stellen, aber im Folgenden heben wir einige Bereiche hervor, um unseren potenziellen Kunden einen Eindruck zu vermitteln.<\/p>\n<ul style=\"text-align: justify;\">\n<li>Studierendenarbeit,<\/li>\n<li>Arbeitskr\u00e4fte, die eine geistige T\u00e4tigkeit aus\u00fcben<\/li>\n<li>Arbeitskr\u00e4fte, die eine k\u00f6rperliche T\u00e4tigkeit aus\u00fcben<\/li>\n<li>Auswahl von F\u00fchrungskr\u00e4ften und Headhunting,<\/li>\n<li>bzw. unsere Vermittlung von ausl\u00e4ndischen Arbeitskr\u00e4ften<\/li>\n<\/ul>\n<h2 style=\"text-align: justify;\"><strong>Warum gerade wir?<\/strong><\/h2>\n<p style=\"text-align: justify;\">Weil wir Ihnen helfen, die Kosten f\u00fcr die Auswahl von geeigneten Kandidaten deutlich zu senken. Als Gegenleistung f\u00fcr die Vermittlungsgeb\u00fchr garantieren wir Ihnen, dass Sie Ihre Gesch\u00e4ftst\u00e4tigkeit mit einem geeigneten neuen Mitarbeiter innerhalb eines vorhersehbaren Zeitrahmens fortsetzen k\u00f6nnen, wodurch der Zeitverlust minimiert wird.<br \/>\nIn diesem Zusammenhang sollten wir erw\u00e4hnen, dass wir schnell und flexibel sind.<br \/>\nUnd vielleicht einer der wichtigsten Gr\u00fcnde ist, dass wir unsere Aktivit\u00e4ten durch HR-Beratung erg\u00e4nzen k\u00f6nnen, was eine weitere Prozessbeschleunigung erm\u00f6glicht.<\/p>","protected":false},"excerpt":{"rendered":"<p>Mi az a munkaer\u0151 k\u00f6zvet\u00edt\u0151? Mindenek el\u0151tt tiszt\u00e1zzuk a munkaer\u0151 k\u00f6zvet\u00edt\u0151 fogalm\u00e1t. A munkaer\u0151 k\u00f6zvet\u00edt\u0151 az, aki elv\u00e9gzi a kiszervezett munkaer\u0151 toborz\u00e1st, keres\u00e9st \u00e9s kiv\u00e1laszt\u00e1st \u00e9s<span class=\"excerpt-hellip\"> [\u2026]<\/span><\/p>","protected":false},"author":1,"featured_media":0,"parent":0,"menu_order":0,"comment_status":"closed","ping_status":"closed","template":"","meta":[],"yoast_head":"<!-- This site is optimized with the Yoast SEO plugin v19.1 - https:\/\/yoast.com\/wordpress\/plugins\/seo\/ -->\n<title>Munkaer\u0151 k\u00f6zvet\u00edt\u0151 - HR Express Kft.<\/title>\n<meta name=\"description\" content=\"A munkaer\u0151 k\u00f6zvet\u00edt\u0151 nem munkaer\u0151 k\u00f6lcs\u00f6nz\u0151. Ebben az esetben egy megb\u00edz\u00e1s teljes\u00fcl, melynek \u00e9rtelm\u00e9ben a k\u00f6zvet\u00edt\u0151 c\u00e9g megkeresi a megfelel\u0151 jel\u00f6ltet.\" \/>\n<meta name=\"robots\" content=\"index, follow, max-snippet:-1, max-image-preview:large, max-video-preview:-1\" \/>\n<link rel=\"canonical\" href=\"https:\/\/hrexpresskft.hu\/de\/munkaero-kozvetito\/\" \/>\n<meta property=\"og:locale\" content=\"de_DE\" \/>\n<meta property=\"og:type\" content=\"article\" \/>\n<meta property=\"og:title\" content=\"Munkaer\u0151 k\u00f6zvet\u00edt\u0151 - HR Express Kft.\" \/>\n<meta property=\"og:description\" content=\"A munkaer\u0151 k\u00f6zvet\u00edt\u0151 nem munkaer\u0151 k\u00f6lcs\u00f6nz\u0151. Ebben az esetben egy megb\u00edz\u00e1s teljes\u00fcl, melynek \u00e9rtelm\u00e9ben a k\u00f6zvet\u00edt\u0151 c\u00e9g megkeresi a megfelel\u0151 jel\u00f6ltet.\" \/>\n<meta property=\"og:url\" content=\"https:\/\/hrexpresskft.hu\/de\/munkaero-kozvetito\/\" \/>\n<meta property=\"og:site_name\" content=\"HR Express Kft.\" \/>\n<meta property=\"article:modified_time\" content=\"2022-06-15T09:42:19+00:00\" \/>\n<meta name=\"twitter:card\" content=\"summary_large_image\" \/>\n<meta name=\"twitter:label1\" content=\"Gesch\u00e4tzte Lesezeit\" \/>\n\t<meta name=\"twitter:data1\" content=\"4\u00a0Minuten\" \/>\n<script type=\"application\/ld+json\" class=\"yoast-schema-graph\">{\"@context\":\"https:\/\/schema.org\",\"@graph\":[{\"@type\":\"Organization\",\"@id\":\"https:\/\/hrexpresskft.hu\/#organization\",\"name\":\"HR EXPRESS KFT.\",\"url\":\"https:\/\/hrexpresskft.hu\/\",\"sameAs\":[],\"logo\":{\"@type\":\"ImageObject\",\"inLanguage\":\"de\",\"@id\":\"https:\/\/hrexpresskft.hu\/#\/schema\/logo\/image\/\",\"url\":\"https:\/\/hrexpresskft.hu\/wp-content\/uploads\/2022\/03\/hr-express-logo-szines.png\",\"contentUrl\":\"https:\/\/hrexpresskft.hu\/wp-content\/uploads\/2022\/03\/hr-express-logo-szines.png\",\"width\":340,\"height\":180,\"caption\":\"HR EXPRESS KFT.\"},\"image\":{\"@id\":\"https:\/\/hrexpresskft.hu\/#\/schema\/logo\/image\/\"}},{\"@type\":\"WebSite\",\"@id\":\"https:\/\/hrexpresskft.hu\/#website\",\"url\":\"https:\/\/hrexpresskft.hu\/\",\"name\":\"HR Express Kft.\",\"description\":\"munkaer\u0151 k\u00f6zvet\u00edt\u00e9s, munkaer\u0151 k\u00f6lcs\u00f6nz\u00e9s, HR tan\u00e1csad\u00e1s, fejvad\u00e1szat, outsourcing, ukr\u00e1n munkaer\u0151, munkaer\u0151 k\u00f6zvet\u00edt\u0151\",\"publisher\":{\"@id\":\"https:\/\/hrexpresskft.hu\/#organization\"},\"potentialAction\":[{\"@type\":\"SearchAction\",\"target\":{\"@type\":\"EntryPoint\",\"urlTemplate\":\"https:\/\/hrexpresskft.hu\/?s={search_term_string}\"},\"query-input\":\"required name=search_term_string\"}],\"inLanguage\":\"de\"},{\"@type\":\"WebPage\",\"@id\":\"https:\/\/hrexpresskft.hu\/munkaero-kozvetito\/#webpage\",\"url\":\"https:\/\/hrexpresskft.hu\/munkaero-kozvetito\/\",\"name\":\"Munkaer\u0151 k\u00f6zvet\u00edt\u0151 - HR Express Kft.\",\"isPartOf\":{\"@id\":\"https:\/\/hrexpresskft.hu\/#website\"},\"datePublished\":\"2022-03-03T21:56:53+00:00\",\"dateModified\":\"2022-06-15T09:42:19+00:00\",\"description\":\"A munkaer\u0151 k\u00f6zvet\u00edt\u0151 nem munkaer\u0151 k\u00f6lcs\u00f6nz\u0151. Ebben az esetben egy megb\u00edz\u00e1s teljes\u00fcl, melynek \u00e9rtelm\u00e9ben a k\u00f6zvet\u00edt\u0151 c\u00e9g megkeresi a megfelel\u0151 jel\u00f6ltet.\",\"breadcrumb\":{\"@id\":\"https:\/\/hrexpresskft.hu\/munkaero-kozvetito\/#breadcrumb\"},\"inLanguage\":\"de\",\"potentialAction\":[{\"@type\":\"ReadAction\",\"target\":[\"https:\/\/hrexpresskft.hu\/munkaero-kozvetito\/\"]}]},{\"@type\":\"BreadcrumbList\",\"@id\":\"https:\/\/hrexpresskft.hu\/munkaero-kozvetito\/#breadcrumb\",\"itemListElement\":[{\"@type\":\"ListItem\",\"position\":1,\"name\":\"Kezd\u0151lap\",\"item\":\"https:\/\/hrexpresskft.hu\/\"},{\"@type\":\"ListItem\",\"position\":2,\"name\":\"Munkaer\u0151 k\u00f6zvet\u00edt\u0151\"}]}]}<\/script>\n<!-- \/ Yoast SEO plugin. -->","yoast_head_json":{"title":"Munkaer\u0151 k\u00f6zvet\u00edt\u0151 - HR Express Kft.","description":"A munkaer\u0151 k\u00f6zvet\u00edt\u0151 nem munkaer\u0151 k\u00f6lcs\u00f6nz\u0151. Ebben az esetben egy megb\u00edz\u00e1s teljes\u00fcl, melynek \u00e9rtelm\u00e9ben a k\u00f6zvet\u00edt\u0151 c\u00e9g megkeresi a megfelel\u0151 jel\u00f6ltet.","robots":{"index":"index","follow":"follow","max-snippet":"max-snippet:-1","max-image-preview":"max-image-preview:large","max-video-preview":"max-video-preview:-1"},"canonical":"https:\/\/hrexpresskft.hu\/de\/munkaero-kozvetito\/","og_locale":"de_DE","og_type":"article","og_title":"Munkaer\u0151 k\u00f6zvet\u00edt\u0151 - HR Express Kft.","og_description":"A munkaer\u0151 k\u00f6zvet\u00edt\u0151 nem munkaer\u0151 k\u00f6lcs\u00f6nz\u0151. Ebben az esetben egy megb\u00edz\u00e1s teljes\u00fcl, melynek \u00e9rtelm\u00e9ben a k\u00f6zvet\u00edt\u0151 c\u00e9g megkeresi a megfelel\u0151 jel\u00f6ltet.","og_url":"https:\/\/hrexpresskft.hu\/de\/munkaero-kozvetito\/","og_site_name":"HR Express Kft.","article_modified_time":"2022-06-15T09:42:19+00:00","twitter_card":"summary_large_image","twitter_misc":{"Gesch\u00e4tzte Lesezeit":"4\u00a0Minuten"},"schema":{"@context":"https:\/\/schema.org","@graph":[{"@type":"Organization","@id":"https:\/\/hrexpresskft.hu\/#organization","name":"HR EXPRESS KFT.","url":"https:\/\/hrexpresskft.hu\/","sameAs":[],"logo":{"@type":"ImageObject","inLanguage":"de","@id":"https:\/\/hrexpresskft.hu\/#\/schema\/logo\/image\/","url":"https:\/\/hrexpresskft.hu\/wp-content\/uploads\/2022\/03\/hr-express-logo-szines.png","contentUrl":"https:\/\/hrexpresskft.hu\/wp-content\/uploads\/2022\/03\/hr-express-logo-szines.png","width":340,"height":180,"caption":"HR EXPRESS KFT."},"image":{"@id":"https:\/\/hrexpresskft.hu\/#\/schema\/logo\/image\/"}},{"@type":"WebSite","@id":"https:\/\/hrexpresskft.hu\/#website","url":"https:\/\/hrexpresskft.hu\/","name":"HR Express Kft.","description":"munkaer\u0151 k\u00f6zvet\u00edt\u00e9s, munkaer\u0151 k\u00f6lcs\u00f6nz\u00e9s, HR tan\u00e1csad\u00e1s, fejvad\u00e1szat, outsourcing, ukr\u00e1n munkaer\u0151, munkaer\u0151 k\u00f6zvet\u00edt\u0151","publisher":{"@id":"https:\/\/hrexpresskft.hu\/#organization"},"potentialAction":[{"@type":"SearchAction","target":{"@type":"EntryPoint","urlTemplate":"https:\/\/hrexpresskft.hu\/?s={search_term_string}"},"query-input":"required name=search_term_string"}],"inLanguage":"de"},{"@type":"WebPage","@id":"https:\/\/hrexpresskft.hu\/munkaero-kozvetito\/#webpage","url":"https:\/\/hrexpresskft.hu\/munkaero-kozvetito\/","name":"Munkaer\u0151 k\u00f6zvet\u00edt\u0151 - HR Express Kft.","isPartOf":{"@id":"https:\/\/hrexpresskft.hu\/#website"},"datePublished":"2022-03-03T21:56:53+00:00","dateModified":"2022-06-15T09:42:19+00:00","description":"A munkaer\u0151 k\u00f6zvet\u00edt\u0151 nem munkaer\u0151 k\u00f6lcs\u00f6nz\u0151. Ebben az esetben egy megb\u00edz\u00e1s teljes\u00fcl, melynek \u00e9rtelm\u00e9ben a k\u00f6zvet\u00edt\u0151 c\u00e9g megkeresi a megfelel\u0151 jel\u00f6ltet.","breadcrumb":{"@id":"https:\/\/hrexpresskft.hu\/munkaero-kozvetito\/#breadcrumb"},"inLanguage":"de","potentialAction":[{"@type":"ReadAction","target":["https:\/\/hrexpresskft.hu\/munkaero-kozvetito\/"]}]},{"@type":"BreadcrumbList","@id":"https:\/\/hrexpresskft.hu\/munkaero-kozvetito\/#breadcrumb","itemListElement":[{"@type":"ListItem","position":1,"name":"Kezd\u0151lap","item":"https:\/\/hrexpresskft.hu\/"},{"@type":"ListItem","position":2,"name":"Munkaer\u0151 k\u00f6zvet\u00edt\u0151"}]}]}},"_links":{"self":[{"href":"https:\/\/hrexpresskft.hu\/de\/wp-json\/wp\/v2\/pages\/1512"}],"collection":[{"href":"https:\/\/hrexpresskft.hu\/de\/wp-json\/wp\/v2\/pages"}],"about":[{"href":"https:\/\/hrexpresskft.hu\/de\/wp-json\/wp\/v2\/types\/page"}],"author":[{"embeddable":true,"href":"https:\/\/hrexpresskft.hu\/de\/wp-json\/wp\/v2\/users\/1"}],"replies":[{"embeddable":true,"href":"https:\/\/hrexpresskft.hu\/de\/wp-json\/wp\/v2\/comments?post=1512"}],"version-history":[{"count":3,"href":"https:\/\/hrexpresskft.hu\/de\/wp-json\/wp\/v2\/pages\/1512\/revisions"}],"predecessor-version":[{"id":1552,"href":"https:\/\/hrexpresskft.hu\/de\/wp-json\/wp\/v2\/pages\/1512\/revisions\/1552"}],"wp:attachment":[{"href":"https:\/\/hrexpresskft.hu\/de\/wp-json\/wp\/v2\/media?parent=1512"}],"curies":[{"name":"wp","href":"https:\/\/api.w.org\/{rel}","templated":true}]}}