{"id":1510,"date":"2022-03-03T21:56:27","date_gmt":"2022-03-03T21:56:27","guid":{"rendered":"https:\/\/hrex.aloldal.xyz\/?page_id=1510"},"modified":"2022-09-21T08:58:03","modified_gmt":"2022-09-21T08:58:03","slug":"munkaero-kolcsonzes","status":"publish","type":"page","link":"https:\/\/hrexpresskft.hu\/de\/munkaero-kolcsonzes\/","title":{"rendered":"Zeitarbeit"},"content":{"rendered":"<h2 style=\"text-align: justify;\"><strong>Warum ist Zeitarbeit notwendig?<br \/>\n<\/strong><\/h2>\n<p style=\"text-align: justify;\">In den letzten Jahren ist mit der Stabilisierung der Wirtschaft der Arbeitskr\u00e4ftemangel wieder zu einem bedeutenden Faktor geworden. In einigen Bereichen, vor allem bei Arbeitskr\u00e4ften, die eine k\u00f6rperliche T\u00e4tigkeit aus\u00fcben, - wir denken hier an Facharbeiter und angelernte Arbeiter - sehen wir sogar einen Nachfragezuwachs von bis zu 100 %. Obwohl es sich haupts\u00e4chlich um Arbeiter handelt, die eine k\u00f6rperliche T\u00e4tigkeit aus\u00fcben, treten auch bei Angestellten, die \u00fcblicherweise eine geistige T\u00e4tigkeit aus\u00fcben, oft solche Schwierigkeiten auf.<br \/>\nIn solchen F\u00e4llen sind die Unternehmen nicht in der Lage, den Arbeitskr\u00e4ftemangel eigenst\u00e4ndig zu beheben. Sie haben weder die personellen Ressourcen noch die Zeit, die geeigneten Arbeitnehmer zu finden, um ihren Arbeitskr\u00e4ftemangel auszugleichen.<br \/>\nIn solchen F\u00e4llen ist gerade die Zeitarbeit ein probates Mittel, dieses Problem zu l\u00f6sen. Wir in der Zeitarbeitsbranche sind sowohl fachlich als auch personell gut auf diese Situation vorbereitet und k\u00f6nnen vielversprechende L\u00f6sungen anbieten.<br \/>\nWir wissen, dass der Arbeitskr\u00e4ftemangel in einigen Bereichen besonders gro\u00df ist, sodass er sogar bedeutende Probleme verursachen kann. Gerade deswegen empfehlen wir, dass die Beauftragung von Zeitarbeitsfirmen nicht erst dann in Erw\u00e4gung gezogen werden sollte, wenn schon Not am Mann ist. Sie sollten sich die entsprechenden Informationen beschaffen und alle M\u00f6glichkeiten ausloten, die Ihnen zur Verf\u00fcgung stehen, bevor es in Ihrem Unternehmen zu einem Arbeitskr\u00e4ftemangel kommt. Wenn Sie dies tun, k\u00f6nnen sich die Unternehmensleitung und auch die Personalabteilung rechtzeitig auf eine schwierige Zeit vorbereiten.<\/p>\n<h2 style=\"text-align: justify;\"><strong>Warum ist Zeitarbeit eine gute L\u00f6sung?<br \/>\n<\/strong><\/h2>\n<p style=\"text-align: justify;\">Die k\u00fcrzeste Antwort darauf ist, dass sie den Arbeitskr\u00e4ftemangel sehr schnell beheben kann. Wir werden jedoch noch etwas ausf\u00fchrlicher darauf eingehen, warum Zeitarbeit gut f\u00fcr Sie ist.<\/p>\n<p style=\"text-align: justify;\">Erstens, weil Sie, wenn Sie sich f\u00fcr Zeitarbeit entscheiden, einen fertigen Arbeitnehmer erhalten, denn<\/p>\n<ul style=\"text-align: justify;\">\n<li><em>wir \u00fcbernehmen f\u00fcr Sie die Ausschreibung und die Anwerbung,<\/em><\/li>\n<li><em>wir benachrichtigen jeden Bewerber nach der Entscheidung,<\/em><\/li>\n<li><em>wir informieren die erfolgreichen Bewerber \u00fcber den Arbeitsbeginn<\/em><\/li>\n<li><em>wir lassen \u00e4rztliche Untersuchungen zur Eignung f\u00fcr die jeweilige Arbeit durchf\u00fchren<\/em><\/li>\n<li><em>wir schlie\u00dfen den Arbeitsvertrag ab und bereiten die Erkl\u00e4rungen vor,<\/em><\/li>\n<li><em>wir erf\u00fcllen die Meldepflichten gegen\u00fcber dem Finanzamt (NAV) und dem Zentralen Statistikamt (KSH),<\/em><\/li>\n<li><em>und wir stellen bei Bedarf auch Arbeitsschutzausr\u00fcstung zur Verf\u00fcgung.<\/em><\/li>\n<\/ul>\n<p style=\"text-align: justify;\">Und wenn das noch nicht Grund genug ist, sich f\u00fcr Zeitarbeit zu entscheiden, dann schauen Sie sich an, was wir als Arbeitgeber f\u00fcr Sie tun!<\/p>\n<ul style=\"text-align: justify;\">\n<li><em>Wenn Sie einen unserer Mitarbeiter in Ihre Belegschaft \u00fcbernehmen, haben Sie die M\u00f6glichkeit, diesen zun\u00e4chst kennenzulernen.<\/em><\/li>\n<li><em>Wir \u00fcbernehmen die Lohnbuchhaltung.<\/em><\/li>\n<li><em>Auch die Sachbearbeitung f\u00fcr die Sozialversicherung (TB) ist unsere Aufgabe (Krankengeld, Krankengeld bei Kinderbetreuung (GY\u00c1P), S\u00e4uglingsbetreuungsgeld (CSED), Elterngeld (GYED).<\/em><\/li>\n<li><em>Wir k\u00fcmmern uns um die An- und Abmeldungen sowie die Einreichung von Steuererkl\u00e4rungen beim Finanzamt.<\/em><\/li>\n<li><em>Wir erledigen die Verbote.<\/em><\/li>\n<li><em>Wir erstellen die Bescheinigungen und geben sie aus.<\/em><\/li>\n<li><em>Wir f\u00fchren die Aufzeichnungen und kommen der Datenlieferungspflicht nach.<\/em><\/li>\n<li><em>Im Krankheitsfall verfolgen wir die Genesung.<\/em><\/li>\n<li><em>Wir gew\u00e4hren unseren Kollegen einen Gehaltsvorschuss, wenn sie ihn ben\u00f6tigen.<\/em><\/li>\n<li><em>Wir erledigen auch die K\u00fcndigung von Arbeitsvertr\u00e4gen.<\/em><\/li>\n<li><em>Wir erm\u00f6glichen so Flexibilit\u00e4t in Bezug auf die Mitarbeiterzahl. <\/em><\/li>\n<li><em>In dringenden F\u00e4llen k\u00f6nnen wir Ihnen 24 Stunden am Tag, 7 Tage die Woche helfen, f\u00fcr Ihre Anliegen eine L\u00f6sung zu finden.<\/em><\/li>\n<\/ul>\n<p style=\"text-align: justify;\">Wenn Sie sich f\u00fcr Zeitarbeit entscheiden, brauchen Sie uns nur mitzuteilen, welche Art von Mitarbeiter Sie ben\u00f6tigen, und wir erledigen den Rest!<br \/>\nWir tun unser Bestes, um Sie und die Arbeitssuchenden maximal zufriedenzustellen! Sie werden von uns nicht entt\u00e4uscht werden!<\/p>\n<h2 style=\"text-align: justify;\"><strong>Zuletzt einige Gedanken zur Kostenoptimierung<br \/>\n<\/strong><\/h2>\n<p style=\"text-align: justify;\">Im Zuge der Dienstleistung Zeitarbeit werden bei Ihrer Firma auch noch die Kosten optimiert, denn<\/p>\n<ul>\n<li style=\"text-align: justify;\"><em>die Ausgaben f\u00fcr die Zeitarbeit fallen bei Ihrer Firma nicht als Lohnkosten, sondern als Posten, die Steuerbemessungsgrundlage verringern, an, d. h. sie k\u00f6nnen als Kosten abgerechnet werden,<\/em><\/li>\n<li style=\"text-align: justify;\"><em>die Zeitarbeiter werden nicht als Teil der Belegschaft aufgef\u00fchrt, somit k\u00f6nnen die Belegschaftsst\u00e4rke Ihrer Mitarbeiter und damit auch die Lohnkosten auf einem optimalen Niveau gehalten werden,<\/em><\/li>\n<li style=\"text-align: justify;\"><em>au\u00dferdem k\u00f6nnen w\u00e4hrend der ersten 6 Monate der Zeitarbeit die \u00fcberlassenen Arbeitnehmer zu einem niedrigeren Lohn besch\u00e4ftigt werden.<\/em><\/li>\n<\/ul>","protected":false},"excerpt":{"rendered":"<p>Mi\u00e9rt sz\u00fcks\u00e9ges a munkaer\u0151 k\u00f6lcs\u00f6nz\u00e9s? Az elm\u00falt \u00e9vekben, a gazdas\u00e1g stabiliz\u00e1l\u00f3d\u00e1s\u00e1val p\u00e1rhuzamosan \u00fajra megjelent a munkaer\u0151hi\u00e1ny. Vannak olyan ter\u00fcletek, \u00e9s els\u0151sorban a fizikai dolgoz\u00f3k eset\u00e9ben \u2013<span class=\"excerpt-hellip\"> [\u2026]<\/span><\/p>","protected":false},"author":1,"featured_media":0,"parent":0,"menu_order":0,"comment_status":"closed","ping_status":"closed","template":"","meta":[],"yoast_head":"<!-- This site is optimized with the Yoast SEO plugin v19.1 - https:\/\/yoast.com\/wordpress\/plugins\/seo\/ -->\n<title>Munkaer\u0151 k\u00f6lcs\u00f6nz\u00e9s - HR Express Kft.<\/title>\n<meta name=\"description\" content=\"A munkaer\u0151 k\u00f6lcs\u00f6nz\u00e9s egy olyan tev\u00e9kenys\u00e9g, amelynek keret\u00e9ben a k\u00f6lcs\u00f6nad\u00f3 biztos\u00edtja a k\u00f6lcs\u00f6nvev\u0151 r\u00e9sz\u00e9re a vele munkaviszonyban \u00e1ll\u00f3 munkaer\u0151t.\" \/>\n<meta name=\"robots\" content=\"index, follow, max-snippet:-1, max-image-preview:large, max-video-preview:-1\" \/>\n<link rel=\"canonical\" href=\"https:\/\/hrexpresskft.hu\/de\/munkaero-kolcsonzes\/\" \/>\n<meta property=\"og:locale\" content=\"de_DE\" \/>\n<meta property=\"og:type\" content=\"article\" \/>\n<meta property=\"og:title\" content=\"Munkaer\u0151 k\u00f6lcs\u00f6nz\u00e9s - HR Express Kft.\" \/>\n<meta property=\"og:description\" content=\"A munkaer\u0151 k\u00f6lcs\u00f6nz\u00e9s egy olyan tev\u00e9kenys\u00e9g, amelynek keret\u00e9ben a k\u00f6lcs\u00f6nad\u00f3 biztos\u00edtja a k\u00f6lcs\u00f6nvev\u0151 r\u00e9sz\u00e9re a vele munkaviszonyban \u00e1ll\u00f3 munkaer\u0151t.\" \/>\n<meta property=\"og:url\" content=\"https:\/\/hrexpresskft.hu\/de\/munkaero-kolcsonzes\/\" \/>\n<meta property=\"og:site_name\" content=\"HR Express Kft.\" \/>\n<meta property=\"article:modified_time\" content=\"2022-09-21T08:58:03+00:00\" \/>\n<meta name=\"twitter:card\" content=\"summary_large_image\" \/>\n<meta name=\"twitter:label1\" content=\"Gesch\u00e4tzte Lesezeit\" \/>\n\t<meta name=\"twitter:data1\" content=\"4\u00a0Minuten\" \/>\n<script type=\"application\/ld+json\" class=\"yoast-schema-graph\">{\"@context\":\"https:\/\/schema.org\",\"@graph\":[{\"@type\":\"Organization\",\"@id\":\"https:\/\/hrexpresskft.hu\/#organization\",\"name\":\"HR EXPRESS KFT.\",\"url\":\"https:\/\/hrexpresskft.hu\/\",\"sameAs\":[],\"logo\":{\"@type\":\"ImageObject\",\"inLanguage\":\"de\",\"@id\":\"https:\/\/hrexpresskft.hu\/#\/schema\/logo\/image\/\",\"url\":\"https:\/\/hrexpresskft.hu\/wp-content\/uploads\/2022\/03\/hr-express-logo-szines.png\",\"contentUrl\":\"https:\/\/hrexpresskft.hu\/wp-content\/uploads\/2022\/03\/hr-express-logo-szines.png\",\"width\":340,\"height\":180,\"caption\":\"HR EXPRESS KFT.\"},\"image\":{\"@id\":\"https:\/\/hrexpresskft.hu\/#\/schema\/logo\/image\/\"}},{\"@type\":\"WebSite\",\"@id\":\"https:\/\/hrexpresskft.hu\/#website\",\"url\":\"https:\/\/hrexpresskft.hu\/\",\"name\":\"HR Express Kft.\",\"description\":\"munkaer\u0151 k\u00f6zvet\u00edt\u00e9s, munkaer\u0151 k\u00f6lcs\u00f6nz\u00e9s, HR tan\u00e1csad\u00e1s, fejvad\u00e1szat, outsourcing, ukr\u00e1n munkaer\u0151, munkaer\u0151 k\u00f6zvet\u00edt\u0151\",\"publisher\":{\"@id\":\"https:\/\/hrexpresskft.hu\/#organization\"},\"potentialAction\":[{\"@type\":\"SearchAction\",\"target\":{\"@type\":\"EntryPoint\",\"urlTemplate\":\"https:\/\/hrexpresskft.hu\/?s={search_term_string}\"},\"query-input\":\"required name=search_term_string\"}],\"inLanguage\":\"de\"},{\"@type\":\"WebPage\",\"@id\":\"https:\/\/hrexpresskft.hu\/munkaero-kolcsonzes\/#webpage\",\"url\":\"https:\/\/hrexpresskft.hu\/munkaero-kolcsonzes\/\",\"name\":\"Munkaer\u0151 k\u00f6lcs\u00f6nz\u00e9s - HR Express Kft.\",\"isPartOf\":{\"@id\":\"https:\/\/hrexpresskft.hu\/#website\"},\"datePublished\":\"2022-03-03T21:56:27+00:00\",\"dateModified\":\"2022-09-21T08:58:03+00:00\",\"description\":\"A munkaer\u0151 k\u00f6lcs\u00f6nz\u00e9s egy olyan tev\u00e9kenys\u00e9g, amelynek keret\u00e9ben a k\u00f6lcs\u00f6nad\u00f3 biztos\u00edtja a k\u00f6lcs\u00f6nvev\u0151 r\u00e9sz\u00e9re a vele munkaviszonyban \u00e1ll\u00f3 munkaer\u0151t.\",\"breadcrumb\":{\"@id\":\"https:\/\/hrexpresskft.hu\/munkaero-kolcsonzes\/#breadcrumb\"},\"inLanguage\":\"de\",\"potentialAction\":[{\"@type\":\"ReadAction\",\"target\":[\"https:\/\/hrexpresskft.hu\/munkaero-kolcsonzes\/\"]}]},{\"@type\":\"BreadcrumbList\",\"@id\":\"https:\/\/hrexpresskft.hu\/munkaero-kolcsonzes\/#breadcrumb\",\"itemListElement\":[{\"@type\":\"ListItem\",\"position\":1,\"name\":\"Kezd\u0151lap\",\"item\":\"https:\/\/hrexpresskft.hu\/\"},{\"@type\":\"ListItem\",\"position\":2,\"name\":\"Munkaer\u0151 k\u00f6lcs\u00f6nz\u00e9s\"}]}]}<\/script>\n<!-- \/ Yoast SEO plugin. -->","yoast_head_json":{"title":"Munkaer\u0151 k\u00f6lcs\u00f6nz\u00e9s - HR Express Kft.","description":"A munkaer\u0151 k\u00f6lcs\u00f6nz\u00e9s egy olyan tev\u00e9kenys\u00e9g, amelynek keret\u00e9ben a k\u00f6lcs\u00f6nad\u00f3 biztos\u00edtja a k\u00f6lcs\u00f6nvev\u0151 r\u00e9sz\u00e9re a vele munkaviszonyban \u00e1ll\u00f3 munkaer\u0151t.","robots":{"index":"index","follow":"follow","max-snippet":"max-snippet:-1","max-image-preview":"max-image-preview:large","max-video-preview":"max-video-preview:-1"},"canonical":"https:\/\/hrexpresskft.hu\/de\/munkaero-kolcsonzes\/","og_locale":"de_DE","og_type":"article","og_title":"Munkaer\u0151 k\u00f6lcs\u00f6nz\u00e9s - HR Express Kft.","og_description":"A munkaer\u0151 k\u00f6lcs\u00f6nz\u00e9s egy olyan tev\u00e9kenys\u00e9g, amelynek keret\u00e9ben a k\u00f6lcs\u00f6nad\u00f3 biztos\u00edtja a k\u00f6lcs\u00f6nvev\u0151 r\u00e9sz\u00e9re a vele munkaviszonyban \u00e1ll\u00f3 munkaer\u0151t.","og_url":"https:\/\/hrexpresskft.hu\/de\/munkaero-kolcsonzes\/","og_site_name":"HR Express Kft.","article_modified_time":"2022-09-21T08:58:03+00:00","twitter_card":"summary_large_image","twitter_misc":{"Gesch\u00e4tzte Lesezeit":"4\u00a0Minuten"},"schema":{"@context":"https:\/\/schema.org","@graph":[{"@type":"Organization","@id":"https:\/\/hrexpresskft.hu\/#organization","name":"HR EXPRESS KFT.","url":"https:\/\/hrexpresskft.hu\/","sameAs":[],"logo":{"@type":"ImageObject","inLanguage":"de","@id":"https:\/\/hrexpresskft.hu\/#\/schema\/logo\/image\/","url":"https:\/\/hrexpresskft.hu\/wp-content\/uploads\/2022\/03\/hr-express-logo-szines.png","contentUrl":"https:\/\/hrexpresskft.hu\/wp-content\/uploads\/2022\/03\/hr-express-logo-szines.png","width":340,"height":180,"caption":"HR EXPRESS KFT."},"image":{"@id":"https:\/\/hrexpresskft.hu\/#\/schema\/logo\/image\/"}},{"@type":"WebSite","@id":"https:\/\/hrexpresskft.hu\/#website","url":"https:\/\/hrexpresskft.hu\/","name":"HR Express Kft.","description":"munkaer\u0151 k\u00f6zvet\u00edt\u00e9s, munkaer\u0151 k\u00f6lcs\u00f6nz\u00e9s, HR tan\u00e1csad\u00e1s, fejvad\u00e1szat, outsourcing, ukr\u00e1n munkaer\u0151, munkaer\u0151 k\u00f6zvet\u00edt\u0151","publisher":{"@id":"https:\/\/hrexpresskft.hu\/#organization"},"potentialAction":[{"@type":"SearchAction","target":{"@type":"EntryPoint","urlTemplate":"https:\/\/hrexpresskft.hu\/?s={search_term_string}"},"query-input":"required name=search_term_string"}],"inLanguage":"de"},{"@type":"WebPage","@id":"https:\/\/hrexpresskft.hu\/munkaero-kolcsonzes\/#webpage","url":"https:\/\/hrexpresskft.hu\/munkaero-kolcsonzes\/","name":"Munkaer\u0151 k\u00f6lcs\u00f6nz\u00e9s - HR Express Kft.","isPartOf":{"@id":"https:\/\/hrexpresskft.hu\/#website"},"datePublished":"2022-03-03T21:56:27+00:00","dateModified":"2022-09-21T08:58:03+00:00","description":"A munkaer\u0151 k\u00f6lcs\u00f6nz\u00e9s egy olyan tev\u00e9kenys\u00e9g, amelynek keret\u00e9ben a k\u00f6lcs\u00f6nad\u00f3 biztos\u00edtja a k\u00f6lcs\u00f6nvev\u0151 r\u00e9sz\u00e9re a vele munkaviszonyban \u00e1ll\u00f3 munkaer\u0151t.","breadcrumb":{"@id":"https:\/\/hrexpresskft.hu\/munkaero-kolcsonzes\/#breadcrumb"},"inLanguage":"de","potentialAction":[{"@type":"ReadAction","target":["https:\/\/hrexpresskft.hu\/munkaero-kolcsonzes\/"]}]},{"@type":"BreadcrumbList","@id":"https:\/\/hrexpresskft.hu\/munkaero-kolcsonzes\/#breadcrumb","itemListElement":[{"@type":"ListItem","position":1,"name":"Kezd\u0151lap","item":"https:\/\/hrexpresskft.hu\/"},{"@type":"ListItem","position":2,"name":"Munkaer\u0151 k\u00f6lcs\u00f6nz\u00e9s"}]}]}},"_links":{"self":[{"href":"https:\/\/hrexpresskft.hu\/de\/wp-json\/wp\/v2\/pages\/1510"}],"collection":[{"href":"https:\/\/hrexpresskft.hu\/de\/wp-json\/wp\/v2\/pages"}],"about":[{"href":"https:\/\/hrexpresskft.hu\/de\/wp-json\/wp\/v2\/types\/page"}],"author":[{"embeddable":true,"href":"https:\/\/hrexpresskft.hu\/de\/wp-json\/wp\/v2\/users\/1"}],"replies":[{"embeddable":true,"href":"https:\/\/hrexpresskft.hu\/de\/wp-json\/wp\/v2\/comments?post=1510"}],"version-history":[{"count":5,"href":"https:\/\/hrexpresskft.hu\/de\/wp-json\/wp\/v2\/pages\/1510\/revisions"}],"predecessor-version":[{"id":1591,"href":"https:\/\/hrexpresskft.hu\/de\/wp-json\/wp\/v2\/pages\/1510\/revisions\/1591"}],"wp:attachment":[{"href":"https:\/\/hrexpresskft.hu\/de\/wp-json\/wp\/v2\/media?parent=1510"}],"curies":[{"name":"wp","href":"https:\/\/api.w.org\/{rel}","templated":true}]}}